{"id":956,"date":"2021-02-26T13:35:31","date_gmt":"2021-02-26T13:35:31","guid":{"rendered":"https:\/\/zora-hotel.com\/seightseeing\/"},"modified":"2025-08-14T12:15:07","modified_gmt":"2025-08-14T10:15:07","slug":"latnivalok","status":"publish","type":"page","link":"https:\/\/zora-hotel.com\/hu\/szabadidos-tevekenysegek\/latnivalok\/","title":{"rendered":"L\u00e1tnival\u00f3k"},"content":{"rendered":"<div class=\"wpb-content-wrapper\"><p>[vc_row row_height_percent=&#8221;0&#8243; override_padding=&#8221;yes&#8221; h_padding=&#8221;2&#8243; top_padding=&#8221;3&#8243; bottom_padding=&#8221;2&#8243; overlay_alpha=&#8221;50&#8243; gutter_size=&#8221;3&#8243; column_width_percent=&#8221;100&#8243; shift_y=&#8221;0&#8243; z_index=&#8221;0&#8243;][vc_column column_width_use_pixel=&#8221;yes&#8221; position_horizontal=&#8221;left&#8221; gutter_size=&#8221;3&#8243; back_color=&#8221;color-207971&#8243; overlay_alpha=&#8221;50&#8243; border_color=&#8221;color-platinum&#8221; border_style=&#8221;solid&#8221; shift_x=&#8221;0&#8243; shift_y=&#8221;0&#8243; shift_y_down=&#8221;0&#8243; z_index=&#8221;0&#8243; medium_width=&#8221;0&#8243; mobile_width=&#8221;0&#8243; radius=&#8221;xs&#8221; width=&#8221;1\/1&#8243; column_width_pixel=&#8221;900&#8243; css=&#8221;.vc_custom_1615543737567{border-left-width: 3px !important;}&#8221;][uncode_breadcrumbs text_lead=&#8221;small&#8221;][vc_custom_heading auto_text=&#8221;yes&#8221; heading_semantic=&#8221;h3&#8243; text_size=&#8221;h1&#8243; text_weight=&#8221;700&#8243;]L\u00c1TNIVAL\u00d3K[\/vc_custom_heading][\/vc_column][\/vc_row][vc_row row_height_percent=&#8221;0&#8243; override_padding=&#8221;yes&#8221; h_padding=&#8221;2&#8243; top_padding=&#8221;2&#8243; bottom_padding=&#8221;2&#8243; overlay_alpha=&#8221;50&#8243; equal_height=&#8221;yes&#8221; gutter_size=&#8221;3&#8243; column_width_percent=&#8221;100&#8243; shift_y=&#8221;0&#8243; z_index=&#8221;0&#8243; bottom_divider=&#8221;step_1_2&#8243;][vc_column column_width_percent=&#8221;100&#8243; gutter_size=&#8221;3&#8243; back_color=&#8221;color-lxmt&#8221; overlay_alpha=&#8221;50&#8243; shift_x=&#8221;0&#8243; shift_y=&#8221;0&#8243; shift_y_down=&#8221;0&#8243; z_index=&#8221;0&#8243; medium_width=&#8221;0&#8243; mobile_width=&#8221;0&#8243; radius=&#8221;std&#8221; width=&#8221;1\/2&#8243;][vc_single_image media=&#8221;4081&#8243; media_width_percent=&#8221;100&#8243; media_ratio=&#8221;four-three&#8221; shape=&#8221;img-round&#8221; radius=&#8221;std&#8221; shadow=&#8221;yes&#8221; shadow_weight=&#8221;std&#8221; advanced=&#8221;yes&#8221; media_items=&#8221;media|original,title&#8221; media_overlay_color=&#8221;color-jevc&#8221; media_overlay_coloration=&#8221;bottom_gradient&#8221; media_overlay_opacity=&#8221;50&#8243; media_text_visible=&#8221;yes&#8221; media_overlay_anim=&#8221;no&#8221; media_text_anim=&#8221;no&#8221; media_overlay_visible=&#8221;yes&#8221; media_image_anim=&#8221;no&#8221; media_v_position=&#8221;bottom&#8221; media_padding=&#8221;2&#8243; media_title_dimension=&#8221;h3&#8243; text_lead=&#8221;yes&#8221; media_title_custom=&#8221;BUCAVAC SZ\u0150L\u0150SKERTEK&#8221;][vc_column_text]A v\u00e9dett primosten-i sz\u0151l\u0151skertek egyedi \u00f6sszet\u00e9tel\u00fckkel &#8211; sz\u0151l\u0151-k\u0151-tenger &#8211; vil\u00e1gszerte ismert idegenforgalmi l\u00e1tv\u00e1nyoss\u00e1gg\u00e1 v\u00e1ltak. Folyamatban van egy projekt arra vonatkoz\u00f3lag, hogy az UNESCO a vil\u00e1g\u00f6r\u00f6ks\u00e9g r\u00e9sz\u00e9nek nyilv\u00e1n\u00edtsa ezeket \u00e9s amennyiben a Bucavac r\u00e1ker\u00fcl a list\u00e1ra, \u00fagy a primosten-i sz\u0151l\u0151skertek lesz a m\u00e1sodik v\u00e9dett \u00fcltetv\u00e9ny a vil\u00e1gon.[\/vc_column_text][\/vc_column][vc_column column_width_percent=&#8221;100&#8243; gutter_size=&#8221;3&#8243; back_color=&#8221;color-lxmt&#8221; overlay_alpha=&#8221;50&#8243; shift_x=&#8221;0&#8243; shift_y=&#8221;0&#8243; shift_y_down=&#8221;0&#8243; z_index=&#8221;0&#8243; medium_width=&#8221;0&#8243; mobile_width=&#8221;0&#8243; radius=&#8221;std&#8221; width=&#8221;1\/2&#8243;][vc_single_image media=&#8221;4089&#8243; media_width_percent=&#8221;100&#8243; media_ratio=&#8221;four-three&#8221; shape=&#8221;img-round&#8221; radius=&#8221;std&#8221; shadow=&#8221;yes&#8221; shadow_weight=&#8221;std&#8221; advanced=&#8221;yes&#8221; media_items=&#8221;media|original,title&#8221; media_overlay_color=&#8221;color-jevc&#8221; media_overlay_coloration=&#8221;bottom_gradient&#8221; media_overlay_opacity=&#8221;50&#8243; media_text_visible=&#8221;yes&#8221; media_overlay_anim=&#8221;no&#8221; media_text_anim=&#8221;no&#8221; media_overlay_visible=&#8221;yes&#8221; media_image_anim=&#8221;no&#8221; media_v_position=&#8221;bottom&#8221; media_padding=&#8221;2&#8243; media_title_dimension=&#8221;h3&#8243; text_lead=&#8221;yes&#8221; media_title_custom=&#8221;BABIC&#8221;][vc_column_text]Min\u0151s\u00e9gi bor, melyet a hasonl\u00f3 nev\u0171 sz\u0151l\u0151r\u0151l sz\u00fcretelnek, a Primo\u0161ten k\u00f6rny\u00e9ki \u00fcltetv\u00e9nyeken. A sz\u0151l\u0151skertek fekv\u00e9se a legjobb bizony\u00edt\u00e9ka az emberi er\u0151nek, akaratnak \u00e9s annak, hogy a \u201emeztelen talaj\u201d fukar, \u00e1m a legjobb sz\u0151l\u0151-talaj. Emellett tiszteleg az Egyes\u00fclt Nemzetek szervezete is.[\/vc_column_text][\/vc_column][\/vc_row][vc_row row_height_percent=&#8221;0&#8243; override_padding=&#8221;yes&#8221; h_padding=&#8221;2&#8243; top_padding=&#8221;2&#8243; bottom_padding=&#8221;2&#8243; overlay_alpha=&#8221;50&#8243; equal_height=&#8221;yes&#8221; gutter_size=&#8221;3&#8243; column_width_percent=&#8221;100&#8243; shift_y=&#8221;0&#8243; z_index=&#8221;0&#8243; bottom_divider=&#8221;step_1_2&#8243;][vc_column column_width_percent=&#8221;100&#8243; gutter_size=&#8221;3&#8243; back_color=&#8221;color-lxmt&#8221; overlay_alpha=&#8221;50&#8243; shift_x=&#8221;0&#8243; shift_y=&#8221;0&#8243; shift_y_down=&#8221;0&#8243; z_index=&#8221;0&#8243; medium_width=&#8221;0&#8243; mobile_width=&#8221;0&#8243; radius=&#8221;std&#8221; width=&#8221;1\/2&#8243;][vc_single_image media=&#8221;2265&#8243; media_width_percent=&#8221;100&#8243; media_ratio=&#8221;four-three&#8221; shape=&#8221;img-round&#8221; radius=&#8221;std&#8221; shadow=&#8221;yes&#8221; shadow_weight=&#8221;std&#8221; advanced=&#8221;yes&#8221; media_items=&#8221;media|original,title&#8221; media_overlay_color=&#8221;color-jevc&#8221; media_overlay_coloration=&#8221;bottom_gradient&#8221; media_overlay_opacity=&#8221;50&#8243; media_text_visible=&#8221;yes&#8221; media_overlay_anim=&#8221;no&#8221; media_text_anim=&#8221;no&#8221; media_overlay_visible=&#8221;yes&#8221; media_image_anim=&#8221;no&#8221; media_v_position=&#8221;bottom&#8221; media_padding=&#8221;2&#8243; media_title_dimension=&#8221;h3&#8243; text_lead=&#8221;yes&#8221; media_title_custom=&#8221;PRHOV-I SZT. GY\u00d6RGY TEMPLOM&#8221;][vc_column_text]Prhov egy k\u00f6zs\u00e9gi k\u00f6zpont, mely Siroke \u00e9s Rogoznica falvakat foglalja mag\u00e1ba. Itt alap\u00edtott\u00e1k meg 1298-ban a sibenik-i p\u00fcsp\u00f6ks\u00e9get.[\/vc_column_text][\/vc_column][vc_column column_width_percent=&#8221;100&#8243; gutter_size=&#8221;3&#8243; back_color=&#8221;color-lxmt&#8221; overlay_alpha=&#8221;50&#8243; shift_x=&#8221;0&#8243; shift_y=&#8221;0&#8243; shift_y_down=&#8221;0&#8243; z_index=&#8221;0&#8243; medium_width=&#8221;0&#8243; mobile_width=&#8221;0&#8243; radius=&#8221;std&#8221; width=&#8221;1\/2&#8243;][vc_single_image media=&#8221;945&#8243; media_width_percent=&#8221;100&#8243; media_ratio=&#8221;four-three&#8221; shape=&#8221;img-round&#8221; radius=&#8221;std&#8221; shadow=&#8221;yes&#8221; shadow_weight=&#8221;std&#8221; advanced=&#8221;yes&#8221; media_items=&#8221;media|original,title&#8221; media_overlay_color=&#8221;color-jevc&#8221; media_overlay_coloration=&#8221;bottom_gradient&#8221; media_overlay_opacity=&#8221;50&#8243; media_text_visible=&#8221;yes&#8221; media_overlay_anim=&#8221;no&#8221; media_text_anim=&#8221;no&#8221; media_overlay_visible=&#8221;yes&#8221; media_image_anim=&#8221;no&#8221; media_v_position=&#8221;bottom&#8221; media_padding=&#8221;2&#8243; media_title_dimension=&#8221;h3&#8243; text_lead=&#8221;yes&#8221; media_title_custom=&#8221;PRIMOSTEN-I SZT. GY\u00d6RGY TEMPLOM&#8221;][vc_column_text]A v\u00e1ros r\u00e9gi r\u00e9sz\u00e9nek sz\u00edv\u00e9ben tal\u00e1lhat\u00f3 ez a templom, melyet a dombtet\u0151n \u00e9p\u00edtettek fel a XV. sz\u00e1zadban, majd 1760-ban teljesen \u00e1t\u00e9p\u00edtettek. Itt \u0151rzik az ez\u00fcst foglalat\u00fa Boldogs\u00e1gos Sz\u0171z M\u00e1ria ikont, \u00e9s a Szt. M\u00e1ria, Szt. Luk\u00e1cs \u00e9s Szt. Gy\u00f6rgy festm\u00e9nyt, mely Cusi mester munk\u00e1ja, 1719-b\u0151l.[\/vc_column_text][\/vc_column][\/vc_row][vc_row row_height_percent=&#8221;0&#8243; override_padding=&#8221;yes&#8221; h_padding=&#8221;2&#8243; top_padding=&#8221;2&#8243; bottom_padding=&#8221;2&#8243; overlay_alpha=&#8221;50&#8243; equal_height=&#8221;yes&#8221; gutter_size=&#8221;3&#8243; column_width_percent=&#8221;100&#8243; shift_y=&#8221;0&#8243; z_index=&#8221;0&#8243; bottom_divider=&#8221;step_1_2&#8243;][vc_column column_width_percent=&#8221;100&#8243; gutter_size=&#8221;3&#8243; back_color=&#8221;color-lxmt&#8221; overlay_alpha=&#8221;50&#8243; shift_x=&#8221;0&#8243; shift_y=&#8221;0&#8243; shift_y_down=&#8221;0&#8243; z_index=&#8221;0&#8243; medium_width=&#8221;0&#8243; mobile_width=&#8221;0&#8243; radius=&#8221;std&#8221; width=&#8221;1\/2&#8243;][vc_single_image media=&#8221;941&#8243; media_width_percent=&#8221;100&#8243; media_ratio=&#8221;four-three&#8221; shape=&#8221;img-round&#8221; radius=&#8221;std&#8221; shadow=&#8221;yes&#8221; shadow_weight=&#8221;std&#8221; advanced=&#8221;yes&#8221; media_items=&#8221;media|original,title&#8221; media_overlay_color=&#8221;color-jevc&#8221; media_overlay_coloration=&#8221;bottom_gradient&#8221; media_overlay_opacity=&#8221;50&#8243; media_text_visible=&#8221;yes&#8221; media_overlay_anim=&#8221;no&#8221; media_text_anim=&#8221;no&#8221; media_overlay_visible=&#8221;yes&#8221; media_image_anim=&#8221;no&#8221; media_v_position=&#8221;bottom&#8221; media_padding=&#8221;2&#8243; media_title_dimension=&#8221;h3&#8243; text_lead=&#8221;yes&#8221; media_title_custom=&#8221;OUR LADY OF LORETO&#8221;][vc_column_text]A vil\u00e1g egyik legnagyobb Sz\u0171z M\u00e1ria-kegyhelye, egy hatalmas, 17 m\u00e9teres Sz\u0171z M\u00e1ria-szobor a Primosten felett magasod\u00f3 Gaj-hegyen, ahonnan leny\u0171g\u00f6z\u0151 kil\u00e1t\u00e1s ny\u00edlik a dalm\u00e1t tengerpart egy r\u00e9sz\u00e9re, k\u00fcl\u00f6n\u00f6sen naplement\u00e9ben.[\/vc_column_text][\/vc_column][vc_column column_width_percent=&#8221;100&#8243; gutter_size=&#8221;3&#8243; back_color=&#8221;color-lxmt&#8221; overlay_alpha=&#8221;50&#8243; shift_x=&#8221;0&#8243; shift_y=&#8221;0&#8243; shift_y_down=&#8221;0&#8243; z_index=&#8221;0&#8243; medium_width=&#8221;0&#8243; mobile_width=&#8221;0&#8243; radius=&#8221;std&#8221; width=&#8221;1\/2&#8243;][vc_single_image media=&#8221;4076&#8243; media_width_percent=&#8221;100&#8243; media_ratio=&#8221;four-three&#8221; shape=&#8221;img-round&#8221; radius=&#8221;std&#8221; shadow=&#8221;yes&#8221; shadow_weight=&#8221;std&#8221; advanced=&#8221;yes&#8221; media_items=&#8221;media|original,title&#8221; media_overlay_color=&#8221;color-jevc&#8221; media_overlay_coloration=&#8221;bottom_gradient&#8221; media_overlay_opacity=&#8221;50&#8243; media_text_visible=&#8221;yes&#8221; media_overlay_anim=&#8221;no&#8221; media_text_anim=&#8221;no&#8221; media_overlay_visible=&#8221;yes&#8221; media_image_anim=&#8221;no&#8221; media_v_position=&#8221;bottom&#8221; media_padding=&#8221;2&#8243; media_title_dimension=&#8221;h3&#8243; text_lead=&#8221;yes&#8221; media_title_custom=&#8221;FALUSI H\u00c1ZTART\u00c1S&#8221;][vc_column_text]A Primo\u0161ten feletti ter\u00fcleten kb. 30 falu tal\u00e1lhat\u00f3, mint pl. Primosten Burnji \u00e9s Primosten Juznji, ahol a turist\u00e1k \u00e9lvezhetik az elm\u00falt id\u0151k term\u00e9szetes harm\u00f3ni\u00e1j\u00e1t, a gasztron\u00f3mia \u00edzei \u00e9s illata \u00f6sszefon\u00f3d\u00e1s\u00e1val.[\/vc_column_text][\/vc_column][\/vc_row][vc_row row_height_percent=&#8221;0&#8243; override_padding=&#8221;yes&#8221; h_padding=&#8221;2&#8243; top_padding=&#8221;2&#8243; bottom_padding=&#8221;2&#8243; overlay_alpha=&#8221;50&#8243; equal_height=&#8221;yes&#8221; gutter_size=&#8221;3&#8243; column_width_percent=&#8221;100&#8243; shift_y=&#8221;0&#8243; z_index=&#8221;0&#8243; bottom_divider=&#8221;step_1_2&#8243;][vc_column column_width_percent=&#8221;100&#8243; gutter_size=&#8221;3&#8243; back_color=&#8221;color-lxmt&#8221; overlay_alpha=&#8221;50&#8243; shift_x=&#8221;0&#8243; shift_y=&#8221;0&#8243; shift_y_down=&#8221;0&#8243; z_index=&#8221;0&#8243; medium_width=&#8221;0&#8243; mobile_width=&#8221;0&#8243; radius=&#8221;std&#8221; width=&#8221;1\/2&#8243;][vc_single_image media=&#8221;4097&#8243; media_width_percent=&#8221;100&#8243; media_ratio=&#8221;four-three&#8221; shape=&#8221;img-round&#8221; radius=&#8221;std&#8221; shadow=&#8221;yes&#8221; shadow_weight=&#8221;std&#8221; advanced=&#8221;yes&#8221; media_items=&#8221;media|original,title&#8221; media_overlay_color=&#8221;color-jevc&#8221; media_overlay_coloration=&#8221;bottom_gradient&#8221; media_overlay_opacity=&#8221;50&#8243; media_text_visible=&#8221;yes&#8221; media_overlay_anim=&#8221;no&#8221; media_text_anim=&#8221;no&#8221; media_overlay_visible=&#8221;yes&#8221; media_image_anim=&#8221;no&#8221; media_v_position=&#8221;bottom&#8221; media_padding=&#8221;2&#8243; media_title_dimension=&#8221;h3&#8243; text_lead=&#8221;yes&#8221; media_title_custom=&#8221;PRIMOSTEN-I BOR\u00daT&#8221;][vc_column_text]Primo\u0161ten Burnji-ban n\u00e9zze meg, hogyan k\u00e9sz\u00fcl a bor.[\/vc_column_text][\/vc_column][vc_column column_width_percent=&#8221;100&#8243; gutter_size=&#8221;3&#8243; back_color=&#8221;color-lxmt&#8221; overlay_alpha=&#8221;50&#8243; shift_x=&#8221;0&#8243; shift_y=&#8221;0&#8243; shift_y_down=&#8221;0&#8243; z_index=&#8221;0&#8243; medium_width=&#8221;0&#8243; mobile_width=&#8221;0&#8243; radius=&#8221;std&#8221; width=&#8221;1\/2&#8243;][vc_single_image media=&#8221;924&#8243; media_width_percent=&#8221;100&#8243; media_ratio=&#8221;four-three&#8221; shape=&#8221;img-round&#8221; radius=&#8221;std&#8221; shadow=&#8221;yes&#8221; shadow_weight=&#8221;std&#8221; advanced=&#8221;yes&#8221; media_items=&#8221;media|original,title&#8221; media_overlay_color=&#8221;color-jevc&#8221; media_overlay_coloration=&#8221;bottom_gradient&#8221; media_overlay_opacity=&#8221;50&#8243; media_text_visible=&#8221;yes&#8221; media_overlay_anim=&#8221;no&#8221; media_text_anim=&#8221;no&#8221; media_overlay_visible=&#8221;yes&#8221; media_image_anim=&#8221;no&#8221; media_v_position=&#8221;bottom&#8221; media_padding=&#8221;2&#8243; media_title_dimension=&#8221;h3&#8243; text_lead=&#8221;yes&#8221; media_title_custom=&#8221;AUR\u00d3RA DISZK\u00d3KLUB&#8221;][vc_column_text]Aurora is one of the largest and finest discotheques on the Adriatic coast and beyond.[\/vc_column_text][\/vc_column][\/vc_row][vc_row row_height_percent=&#8221;0&#8243; override_padding=&#8221;yes&#8221; h_padding=&#8221;2&#8243; top_padding=&#8221;2&#8243; bottom_padding=&#8221;2&#8243; overlay_alpha=&#8221;50&#8243; equal_height=&#8221;yes&#8221; gutter_size=&#8221;3&#8243; column_width_percent=&#8221;100&#8243; shift_y=&#8221;0&#8243; z_index=&#8221;0&#8243; bottom_divider=&#8221;step_1_2&#8243; shape_dividers=&#8221;&#8221;][vc_column column_width_percent=&#8221;100&#8243; gutter_size=&#8221;3&#8243; back_color=&#8221;color-lxmt&#8221; overlay_alpha=&#8221;50&#8243; shift_x=&#8221;0&#8243; shift_y=&#8221;0&#8243; shift_y_down=&#8221;0&#8243; z_index=&#8221;0&#8243; medium_width=&#8221;0&#8243; mobile_width=&#8221;0&#8243; radius=&#8221;std&#8221; width=&#8221;1\/2&#8243;][vc_single_image media=&#8221;3181&#8243; media_width_percent=&#8221;100&#8243; media_ratio=&#8221;four-three&#8221; shape=&#8221;img-round&#8221; radius=&#8221;std&#8221; shadow=&#8221;yes&#8221; shadow_weight=&#8221;std&#8221; advanced=&#8221;yes&#8221; media_items=&#8221;media|original,title&#8221; media_overlay_color=&#8221;color-jevc&#8221; media_overlay_coloration=&#8221;bottom_gradient&#8221; media_overlay_opacity=&#8221;50&#8243; media_text_visible=&#8221;yes&#8221; media_overlay_anim=&#8221;no&#8221; media_text_anim=&#8221;no&#8221; media_overlay_visible=&#8221;yes&#8221; media_image_anim=&#8221;no&#8221; media_v_position=&#8221;bottom&#8221; media_padding=&#8221;2&#8243; media_title_dimension=&#8221;h3&#8243; text_lead=&#8221;yes&#8221; media_title_custom=&#8221;S\u00c9T\u00c1NY&#8221;][vc_column_text]A s\u00e9t\u00e1ny a csod\u00e1s primosten-i parton tal\u00e1lhat\u00f3, ahol \u00e9lvezhetik a kil\u00e1t\u00e1st \u00e9s a term\u00e9szet sz\u00e9ps\u00e9g\u00e9t.[\/vc_column_text][\/vc_column][vc_column column_width_percent=&#8221;100&#8243; gutter_size=&#8221;3&#8243; back_color=&#8221;color-lxmt&#8221; overlay_alpha=&#8221;50&#8243; shift_x=&#8221;0&#8243; shift_y=&#8221;0&#8243; shift_y_down=&#8221;0&#8243; z_index=&#8221;0&#8243; medium_width=&#8221;0&#8243; mobile_width=&#8221;0&#8243; radius=&#8221;std&#8221; width=&#8221;1\/2&#8243;][vc_single_image media=&#8221;911&#8243; media_width_percent=&#8221;100&#8243; media_ratio=&#8221;four-three&#8221; shape=&#8221;img-round&#8221; radius=&#8221;std&#8221; shadow=&#8221;yes&#8221; shadow_weight=&#8221;std&#8221; advanced=&#8221;yes&#8221; media_items=&#8221;media|original,title&#8221; media_overlay_color=&#8221;color-jevc&#8221; media_overlay_coloration=&#8221;bottom_gradient&#8221; media_overlay_opacity=&#8221;50&#8243; media_text_visible=&#8221;yes&#8221; media_overlay_anim=&#8221;no&#8221; media_text_anim=&#8221;no&#8221; media_overlay_visible=&#8221;yes&#8221; media_image_anim=&#8221;no&#8221; media_v_position=&#8221;bottom&#8221; media_padding=&#8221;2&#8243; media_title_dimension=&#8221;h3&#8243; text_lead=&#8221;yes&#8221; media_title_custom=&#8221;VONZ\u00d3 B\u00daV\u00c1RHELYEK&#8221;][vc_column_text]Az egyik legszebb l\u00e9legzetel\u00e1ll\u00edt\u00f3 v\u00edz alatti vil\u00e1g t\u00e1rul itt a szem\u00fcnk el\u00e9, mely alkalmat ad \u00d6n\u00f6knek arra, hogy megvizsg\u00e1lj\u00e1k a halban, v\u00edz alatti barlangokban, haj\u00f3roncsokban stb. gazdag ter\u00fcletet.[\/vc_column_text][\/vc_column][\/vc_row][vc_row row_height_percent=&#8221;0&#8243; override_padding=&#8221;yes&#8221; h_padding=&#8221;2&#8243; top_padding=&#8221;2&#8243; bottom_padding=&#8221;4&#8243; overlay_alpha=&#8221;50&#8243; equal_height=&#8221;yes&#8221; gutter_size=&#8221;3&#8243; column_width_percent=&#8221;100&#8243; shift_y=&#8221;0&#8243; z_index=&#8221;0&#8243; bottom_divider=&#8221;step_1_2&#8243;][vc_column column_width_percent=&#8221;100&#8243; gutter_size=&#8221;3&#8243; back_color=&#8221;color-lxmt&#8221; overlay_alpha=&#8221;50&#8243; shift_x=&#8221;0&#8243; shift_y=&#8221;0&#8243; shift_y_down=&#8221;0&#8243; z_index=&#8221;0&#8243; medium_width=&#8221;0&#8243; mobile_width=&#8221;0&#8243; radius=&#8221;std&#8221; width=&#8221;1\/2&#8243;][vc_single_image media=&#8221;4105&#8243; media_width_percent=&#8221;100&#8243; media_ratio=&#8221;four-three&#8221; shape=&#8221;img-round&#8221; radius=&#8221;std&#8221; shadow=&#8221;yes&#8221; shadow_weight=&#8221;std&#8221; advanced=&#8221;yes&#8221; media_items=&#8221;media|original,title&#8221; media_overlay_color=&#8221;color-jevc&#8221; media_overlay_coloration=&#8221;bottom_gradient&#8221; media_overlay_opacity=&#8221;50&#8243; media_text_visible=&#8221;yes&#8221; media_overlay_anim=&#8221;no&#8221; media_text_anim=&#8221;no&#8221; media_overlay_visible=&#8221;yes&#8221; media_image_anim=&#8221;no&#8221; media_v_position=&#8221;bottom&#8221; media_padding=&#8221;2&#8243; media_title_dimension=&#8221;h3&#8243; text_lead=&#8221;yes&#8221; media_title_custom=&#8221;KER\u00c9KP\u00c1R\u00daT&#8221;][vc_column_text]A ker\u00e9kp\u00e1r\u00fat a kil\u00e1t\u00f3ig tart.[\/vc_column_text][\/vc_column][vc_column column_width_percent=&#8221;100&#8243; gutter_size=&#8221;0&#8243; overlay_alpha=&#8221;50&#8243; shift_x=&#8221;0&#8243; shift_y=&#8221;0&#8243; shift_y_down=&#8221;0&#8243; z_index=&#8221;0&#8243; medium_visibility=&#8221;yes&#8221; medium_width=&#8221;0&#8243; mobile_visibility=&#8221;yes&#8221; mobile_width=&#8221;0&#8243; radius=&#8221;xs&#8221; width=&#8221;1\/2&#8243;][vc_row_inner row_inner_height_percent=&#8221;0&#8243; overlay_alpha=&#8221;50&#8243; gutter_size=&#8221;3&#8243; shift_y=&#8221;0&#8243; z_index=&#8221;0&#8243; limit_content=&#8221;&#8221;][vc_column_inner column_width_percent=&#8221;100&#8243; gutter_size=&#8221;3&#8243; overlay_alpha=&#8221;50&#8243; shift_x=&#8221;0&#8243; shift_y=&#8221;0&#8243; shift_y_down=&#8221;0&#8243; z_index=&#8221;0&#8243; medium_width=&#8221;0&#8243; mobile_width=&#8221;0&#8243; width=&#8221;1\/1&#8243;][\/vc_column_inner][\/vc_row_inner][\/vc_column][\/vc_row]<\/p>\n<\/div>","protected":false},"excerpt":{"rendered":"<p>[vc_row row_height_percent=&#8221;0&#8243; override_padding=&#8221;yes&#8221; h_padding=&#8221;2&#8243; top_padding=&#8221;3&#8243; bottom_padding=&#8221;2&#8243; overlay_alpha=&#8221;50&#8243; gutter_size=&#8221;3&#8243; column_width_percent=&#8221;100&#8243; shift_y=&#8221;0&#8243; z_index=&#8221;0&#8243;][vc_column column_width_use_pixel=&#8221;yes&#8221; position_horizontal=&#8221;left&#8221; gutter_size=&#8221;3&#8243; back_color=&#8221;color-207971&#8243; overlay_alpha=&#8221;50&#8243; border_color=&#8221;color-platinum&#8221; border_style=&#8221;solid&#8221; shift_x=&#8221;0&#8243; shift_y=&#8221;0&#8243; [&hellip;]<\/p>\n","protected":false},"author":1,"featured_media":944,"parent":2314,"menu_order":0,"comment_status":"closed","ping_status":"closed","template":"","meta":{"footnotes":""},"class_list":["post-956","page","type-page","status-publish","has-post-thumbnail","hentry","page_category-leisure-hu"],"_links":{"self":[{"href":"https:\/\/zora-hotel.com\/hu\/wp-json\/wp\/v2\/pages\/956","targetHints":{"allow":["GET"]}}],"collection":[{"href":"https:\/\/zora-hotel.com\/hu\/wp-json\/wp\/v2\/pages"}],"about":[{"href":"https:\/\/zora-hotel.com\/hu\/wp-json\/wp\/v2\/types\/page"}],"author":[{"embeddable":true,"href":"https:\/\/zora-hotel.com\/hu\/wp-json\/wp\/v2\/users\/1"}],"replies":[{"embeddable":true,"href":"https:\/\/zora-hotel.com\/hu\/wp-json\/wp\/v2\/comments?post=956"}],"version-history":[{"count":1,"href":"https:\/\/zora-hotel.com\/hu\/wp-json\/wp\/v2\/pages\/956\/revisions"}],"predecessor-version":[{"id":6591,"href":"https:\/\/zora-hotel.com\/hu\/wp-json\/wp\/v2\/pages\/956\/revisions\/6591"}],"up":[{"embeddable":true,"href":"https:\/\/zora-hotel.com\/hu\/wp-json\/wp\/v2\/pages\/2314"}],"wp:featuredmedia":[{"embeddable":true,"href":"https:\/\/zora-hotel.com\/hu\/wp-json\/wp\/v2\/media\/944"}],"wp:attachment":[{"href":"https:\/\/zora-hotel.com\/hu\/wp-json\/wp\/v2\/media?parent=956"}],"curies":[{"name":"wp","href":"https:\/\/api.w.org\/{rel}","templated":true}]}}