{"id":878,"date":"2021-02-26T13:34:46","date_gmt":"2021-02-26T13:34:46","guid":{"rendered":"https:\/\/zora-hotel.com\/excursions\/"},"modified":"2025-08-14T12:10:40","modified_gmt":"2025-08-14T10:10:40","slug":"kirandulasok","status":"publish","type":"page","link":"https:\/\/zora-hotel.com\/hu\/szabadidos-tevekenysegek\/kirandulasok\/","title":{"rendered":"Kir\u00e1ndul\u00e1sok"},"content":{"rendered":"<div class=\"wpb-content-wrapper\"><p>[vc_row row_height_percent=&#8221;0&#8243; override_padding=&#8221;yes&#8221; h_padding=&#8221;2&#8243; top_padding=&#8221;3&#8243; bottom_padding=&#8221;2&#8243; overlay_alpha=&#8221;50&#8243; gutter_size=&#8221;3&#8243; column_width_percent=&#8221;100&#8243; shift_y=&#8221;0&#8243; z_index=&#8221;0&#8243;][vc_column column_width_use_pixel=&#8221;yes&#8221; position_horizontal=&#8221;left&#8221; gutter_size=&#8221;3&#8243; back_color=&#8221;color-207971&#8243; overlay_alpha=&#8221;50&#8243; border_color=&#8221;color-platinum&#8221; border_style=&#8221;solid&#8221; shift_x=&#8221;0&#8243; shift_y=&#8221;0&#8243; shift_y_down=&#8221;0&#8243; z_index=&#8221;0&#8243; medium_width=&#8221;0&#8243; mobile_width=&#8221;0&#8243; radius=&#8221;xs&#8221; width=&#8221;1\/1&#8243; column_width_pixel=&#8221;900&#8243; css=&#8221;.vc_custom_1615543737567{border-left-width: 3px !important;}&#8221;][uncode_breadcrumbs text_lead=&#8221;small&#8221;][vc_custom_heading heading_semantic=&#8221;h3&#8243; text_size=&#8221;h1&#8243; text_weight=&#8221;700&#8243;]Kir\u00e1ndul\u00e1sok[\/vc_custom_heading][\/vc_column][\/vc_row][vc_row row_height_percent=&#8221;0&#8243; override_padding=&#8221;yes&#8221; h_padding=&#8221;2&#8243; top_padding=&#8221;2&#8243; bottom_padding=&#8221;2&#8243; overlay_alpha=&#8221;50&#8243; equal_height=&#8221;yes&#8221; gutter_size=&#8221;3&#8243; column_width_percent=&#8221;100&#8243; shift_y=&#8221;0&#8243; z_index=&#8221;0&#8243; el_class=&#8221;inverted-device-order&#8221;][vc_column column_width_percent=&#8221;100&#8243; position_horizontal=&#8221;left&#8221; gutter_size=&#8221;2&#8243; override_padding=&#8221;yes&#8221; column_padding=&#8221;2&#8243; back_color=&#8221;color-xsdn&#8221; overlay_alpha=&#8221;50&#8243; shift_x=&#8221;0&#8243; shift_y=&#8221;0&#8243; shift_y_down=&#8221;0&#8243; z_index=&#8221;0&#8243; medium_width=&#8221;0&#8243; mobile_width=&#8221;0&#8243; radius=&#8221;sm&#8221; shadow=&#8221;xs&#8221; width=&#8221;1\/3&#8243;][vc_custom_heading heading_semantic=&#8221;h3&#8243; text_size=&#8221;h3&#8243; text_weight=&#8221;700&#8243; sub_reduced=&#8221;yes&#8221;]Primosten Burnji[\/vc_custom_heading][vc_separator sep_color=&#8221;color-uydo&#8221;][vc_column_text]Jurlinovi dvori &#8211; a hely meg\u0151rizte eredeti hangulat\u00e1t. A k\u0151h\u00e1zacsk\u00e1k, az \u00e9rintetlen term\u00e9szet \u00e9s az emberek kem\u00e9ny munk\u00e1ja &#8211; betekint\u00e9st enged a sz\u00e1z \u00e9vvel ezel\u0151tti dalm\u00e1t vil\u00e1gba, az ember \u00e9s a term\u00e9szet megbonthatatlan egys\u00e9g\u00e9be. Az autentikus \u00e9telek mellett &#8211; ol\u00edvabogy\u00f3, prsut (sonka), sajt, f\u00fcge, dalm\u00e1t s\u00fcltek &#8211; \u00e9lvezze a v\u00e9dett Babic fajt\u00e1b\u00f3l k\u00e9sz\u00fclt bort, \u00e9s a dalm\u00e1t egy\u00fcttesek \u00e9nek\u00e9t.[\/vc_column_text][vc_column_text]<strong><a href=\"http:\/\/www.jurlinovidvori.org\" target=\"_blank\" rel=\"noopener\">Website<\/a><\/strong><br \/>\n<strong>A t\u00e1vols\u00e1g<\/strong> 10 km[\/vc_column_text][\/vc_column][vc_column column_width_percent=&#8221;100&#8243; position_horizontal=&#8221;left&#8221; gutter_size=&#8221;2&#8243; override_padding=&#8221;yes&#8221; column_padding=&#8221;2&#8243; back_color=&#8221;color-xsdn&#8221; overlay_alpha=&#8221;50&#8243; shift_x=&#8221;0&#8243; shift_y=&#8221;0&#8243; shift_y_down=&#8221;0&#8243; z_index=&#8221;0&#8243; medium_width=&#8221;0&#8243; mobile_width=&#8221;0&#8243; radius=&#8221;sm&#8221; shadow=&#8221;xs&#8221; width=&#8221;1\/3&#8243;][vc_custom_heading heading_semantic=&#8221;h3&#8243; text_size=&#8221;h3&#8243; text_weight=&#8221;700&#8243; sub_reduced=&#8221;yes&#8221;]Sibenik[\/vc_custom_heading][vc_separator sep_color=&#8221;color-uydo&#8221;][vc_column_text]Szt. Jakov katedr\u00e1lis &#8211; UNESCO v\u00e9dett<br \/>\n\u00f3v\u00e1rosi r\u00e9sz[\/vc_column_text][vc_column_text]<a href=\"http:\/\/www.sibenik-tourism.hr\" target=\"_blank\" rel=\"noopener\"><strong>Website<\/strong><\/a><br \/>\n<strong>A t\u00e1vols\u00e1g<\/strong> 27 km[\/vc_column_text][\/vc_column][vc_column column_width_percent=&#8221;100&#8243; gutter_size=&#8221;2&#8243; override_padding=&#8221;yes&#8221; column_padding=&#8221;2&#8243; overlay_alpha=&#8221;50&#8243; shift_x=&#8221;0&#8243; shift_y=&#8221;0&#8243; shift_y_down=&#8221;0&#8243; z_index=&#8221;0&#8243; medium_width=&#8221;0&#8243; mobile_width=&#8221;0&#8243; radius=&#8221;sm&#8221; shadow=&#8221;xs&#8221; width=&#8221;1\/3&#8243;][vc_custom_heading heading_semantic=&#8221;h3&#8243; text_size=&#8221;h3&#8243; text_weight=&#8221;700&#8243; sub_reduced=&#8221;yes&#8221;]Krka nemzeti park[\/vc_custom_heading][vc_separator sep_color=&#8221;color-uydo&#8221;][vc_column_text]Skradinski buk, Roski slap (vizes\u00e9sek), Visovac (szigetecske)[\/vc_column_text][vc_column_text]<a href=\"http:\/\/www.npkrka.hr\" target=\"_blank\" rel=\"noopener\"><strong>Website<\/strong><\/a><br \/>\nAut\u00f3val vagy haj\u00f3val.<br \/>\n<strong>A t\u00e1vols\u00e1g<\/strong> 39 km[\/vc_column_text][\/vc_column][\/vc_row][vc_row row_height_percent=&#8221;0&#8243; override_padding=&#8221;yes&#8221; h_padding=&#8221;2&#8243; top_padding=&#8221;2&#8243; bottom_padding=&#8221;4&#8243; overlay_alpha=&#8221;50&#8243; equal_height=&#8221;yes&#8221; gutter_size=&#8221;3&#8243; column_width_percent=&#8221;100&#8243; shift_y=&#8221;0&#8243; z_index=&#8221;0&#8243; el_class=&#8221;inverted-device-order&#8221;][vc_column column_width_percent=&#8221;100&#8243; position_horizontal=&#8221;left&#8221; gutter_size=&#8221;2&#8243; override_padding=&#8221;yes&#8221; column_padding=&#8221;2&#8243; back_color=&#8221;color-xsdn&#8221; overlay_alpha=&#8221;50&#8243; shift_x=&#8221;0&#8243; shift_y=&#8221;0&#8243; shift_y_down=&#8221;0&#8243; z_index=&#8221;0&#8243; medium_width=&#8221;0&#8243; mobile_width=&#8221;0&#8243; radius=&#8221;sm&#8221; shadow=&#8221;xs&#8221; width=&#8221;1\/3&#8243;][vc_custom_heading heading_semantic=&#8221;h3&#8243; text_size=&#8221;h3&#8243; text_weight=&#8221;700&#8243; sub_reduced=&#8221;yes&#8221;]Kornati nemzeti park[\/vc_custom_heading][vc_separator sep_color=&#8221;color-uydo&#8221;][vc_column_text]haj\u00f3kir\u00e1ndul\u00e1s \u00e9l\u0151zen\u00e9vel[\/vc_column_text][vc_column_text]<a href=\"http:\/\/www.np-kornati.hr\" target=\"_blank\" rel=\"noopener\"><strong>Website<\/strong><\/a><br \/>\n<strong>A t\u00e1vols\u00e1g<\/strong> 3,5 \u00f3ra haj\u00f3val.[\/vc_column_text][\/vc_column][vc_column column_width_percent=&#8221;100&#8243; position_horizontal=&#8221;left&#8221; gutter_size=&#8221;2&#8243; override_padding=&#8221;yes&#8221; column_padding=&#8221;2&#8243; back_color=&#8221;color-xsdn&#8221; overlay_alpha=&#8221;50&#8243; shift_x=&#8221;0&#8243; shift_y=&#8221;0&#8243; shift_y_down=&#8221;0&#8243; z_index=&#8221;0&#8243; medium_width=&#8221;0&#8243; mobile_width=&#8221;0&#8243; radius=&#8221;sm&#8221; shadow=&#8221;xs&#8221; width=&#8221;1\/3&#8243;][vc_custom_heading heading_semantic=&#8221;h3&#8243; text_size=&#8221;h3&#8243; text_weight=&#8221;700&#8243; sub_reduced=&#8221;yes&#8221;]Trogir[\/vc_custom_heading][vc_separator sep_color=&#8221;color-uydo&#8221;][vc_column_text]a k\u00f6z\u00e9pkori \u00f3v\u00e1rosi mag &#8211; UNESCO v\u00e9dett[\/vc_column_text][vc_column_text]<strong><a href=\"http:\/\/www.croatia.hr\" target=\"_blank\" rel=\"noopener\">Website<\/a><\/strong><br \/>\n<strong>A t\u00e1vols\u00e1g<\/strong> 30 km[\/vc_column_text][\/vc_column][vc_column column_width_percent=&#8221;100&#8243; gutter_size=&#8221;2&#8243; override_padding=&#8221;yes&#8221; column_padding=&#8221;2&#8243; overlay_alpha=&#8221;50&#8243; shift_x=&#8221;0&#8243; shift_y=&#8221;0&#8243; shift_y_down=&#8221;0&#8243; z_index=&#8221;0&#8243; medium_width=&#8221;0&#8243; mobile_width=&#8221;0&#8243; radius=&#8221;sm&#8221; shadow=&#8221;xs&#8221; width=&#8221;1\/3&#8243;][vc_custom_heading heading_semantic=&#8221;h3&#8243; text_size=&#8221;h3&#8243; text_weight=&#8221;700&#8243; sub_reduced=&#8221;yes&#8221;]Split[\/vc_custom_heading][vc_separator sep_color=&#8221;color-uydo&#8221;][vc_column_text]Diokleci\u00e1nusz cs\u00e1sz\u00e1r palot\u00e1ja &#8211; UNESCO v\u00e9dett[\/vc_column_text][vc_column_text]<a href=\"http:\/\/www.visitsplit.com\" target=\"_blank\" rel=\"noopener\"><strong>Website<\/strong><\/a><br \/>\n<strong>A t\u00e1vols\u00e1g<\/strong> 65 km[\/vc_column_text][\/vc_column][\/vc_row]<\/p>\n<\/div>","protected":false},"excerpt":{"rendered":"<p>[vc_row row_height_percent=&#8221;0&#8243; override_padding=&#8221;yes&#8221; h_padding=&#8221;2&#8243; top_padding=&#8221;3&#8243; bottom_padding=&#8221;2&#8243; overlay_alpha=&#8221;50&#8243; gutter_size=&#8221;3&#8243; column_width_percent=&#8221;100&#8243; shift_y=&#8221;0&#8243; z_index=&#8221;0&#8243;][vc_column column_width_use_pixel=&#8221;yes&#8221; position_horizontal=&#8221;left&#8221; gutter_size=&#8221;3&#8243; back_color=&#8221;color-207971&#8243; overlay_alpha=&#8221;50&#8243; border_color=&#8221;color-platinum&#8221; border_style=&#8221;solid&#8221; shift_x=&#8221;0&#8243; shift_y=&#8221;0&#8243; [&hellip;]<\/p>\n","protected":false},"author":1,"featured_media":1576,"parent":2314,"menu_order":0,"comment_status":"closed","ping_status":"closed","template":"","meta":{"footnotes":""},"class_list":["post-878","page","type-page","status-publish","has-post-thumbnail","hentry","page_category-leisure-hu"],"_links":{"self":[{"href":"https:\/\/zora-hotel.com\/hu\/wp-json\/wp\/v2\/pages\/878","targetHints":{"allow":["GET"]}}],"collection":[{"href":"https:\/\/zora-hotel.com\/hu\/wp-json\/wp\/v2\/pages"}],"about":[{"href":"https:\/\/zora-hotel.com\/hu\/wp-json\/wp\/v2\/types\/page"}],"author":[{"embeddable":true,"href":"https:\/\/zora-hotel.com\/hu\/wp-json\/wp\/v2\/users\/1"}],"replies":[{"embeddable":true,"href":"https:\/\/zora-hotel.com\/hu\/wp-json\/wp\/v2\/comments?post=878"}],"version-history":[{"count":1,"href":"https:\/\/zora-hotel.com\/hu\/wp-json\/wp\/v2\/pages\/878\/revisions"}],"predecessor-version":[{"id":6589,"href":"https:\/\/zora-hotel.com\/hu\/wp-json\/wp\/v2\/pages\/878\/revisions\/6589"}],"up":[{"embeddable":true,"href":"https:\/\/zora-hotel.com\/hu\/wp-json\/wp\/v2\/pages\/2314"}],"wp:featuredmedia":[{"embeddable":true,"href":"https:\/\/zora-hotel.com\/hu\/wp-json\/wp\/v2\/media\/1576"}],"wp:attachment":[{"href":"https:\/\/zora-hotel.com\/hu\/wp-json\/wp\/v2\/media?parent=878"}],"curies":[{"name":"wp","href":"https:\/\/api.w.org\/{rel}","templated":true}]}}