{"id":283,"date":"2021-02-24T12:13:01","date_gmt":"2021-02-24T12:13:01","guid":{"rendered":"https:\/\/zora-hotel.com\/contact\/"},"modified":"2025-08-14T12:08:02","modified_gmt":"2025-08-14T10:08:02","slug":"kapcsolat","status":"publish","type":"page","link":"https:\/\/zora-hotel.com\/hu\/kapcsolat\/","title":{"rendered":"Kapcsolat"},"content":{"rendered":"<div class=\"wpb-content-wrapper\"><p>[vc_row unlock_row_content=&#8221;yes&#8221; row_height_percent=&#8221;0&#8243; override_padding=&#8221;yes&#8221; h_padding=&#8221;0&#8243; top_padding=&#8221;0&#8243; bottom_padding=&#8221;0&#8243; overlay_alpha=&#8221;50&#8243; gutter_size=&#8221;3&#8243; column_width_percent=&#8221;100&#8243; shift_y=&#8221;0&#8243; z_index=&#8221;0&#8243;][vc_column column_width_percent=&#8221;100&#8243; position_horizontal=&#8221;left&#8221; gutter_size=&#8221;3&#8243; style=&#8221;dark&#8221; overlay_alpha=&#8221;50&#8243; shift_x=&#8221;0&#8243; shift_y=&#8221;0&#8243; shift_y_down=&#8221;0&#8243; z_index=&#8221;0&#8243; medium_width=&#8221;0&#8243; mobile_width=&#8221;0&#8243; width=&#8221;1\/1&#8243; mobile_height=&#8221;360&#8243;][vc_gmaps latlon=&#8221;43.59049428833097, 15.919287684657387&#8243; size=&#8221;450&#8243; map_color=&#8221;color-oxford&#8221; ui_color=&#8221;color-turquiose&#8221; zoom=&#8221;14&#8243; map_saturation=&#8221;-20&#8243; map_brightness=&#8221;5&#8243;][\/vc_column][\/vc_row][vc_row row_height_percent=&#8221;0&#8243; override_padding=&#8221;yes&#8221; h_padding=&#8221;2&#8243; top_padding=&#8221;0&#8243; bottom_padding=&#8221;5&#8243; overlay_alpha=&#8221;50&#8243; gutter_size=&#8221;3&#8243; column_width_percent=&#8221;100&#8243; shift_y=&#8221;0&#8243; z_index=&#8221;0&#8243; el_class=&#8221;contact&#8211;widget&#8221;][vc_column column_width_percent=&#8221;100&#8243; gutter_size=&#8221;4&#8243; overlay_alpha=&#8221;50&#8243; shift_x=&#8221;0&#8243; shift_y=&#8221;0&#8243; shift_y_down=&#8221;0&#8243; z_index=&#8221;0&#8243; medium_width=&#8221;0&#8243; mobile_width=&#8221;0&#8243; width=&#8221;1\/1&#8243;][vc_row_inner row_inner_height_percent=&#8221;0&#8243; overlay_alpha=&#8221;50&#8243; gutter_size=&#8221;3&#8243; shift_y=&#8221;0&#8243; z_index=&#8221;0&#8243; limit_content=&#8221;&#8221;][vc_column_inner column_width_percent=&#8221;100&#8243; gutter_size=&#8221;4&#8243; overlay_alpha=&#8221;50&#8243; shift_x=&#8221;0&#8243; shift_y=&#8221;0&#8243; shift_y_down=&#8221;0&#8243; z_index=&#8221;0&#8243; medium_width=&#8221;0&#8243; mobile_width=&#8221;0&#8243; sticky=&#8221;yes&#8221; width=&#8221;3\/12&#8243;][vc_empty_space empty_h=&#8221;2&#8243; mobile_visibility=&#8221;yes&#8221;][vc_custom_heading heading_semantic=&#8221;h6&#8243; text_size=&#8221;h6&#8243; text_transform=&#8221;uppercase&#8221;]Contact information[\/vc_custom_heading][vc_icon position=&#8221;left&#8221; title_aligned_icon=&#8221;yes&#8221; icon=&#8221;fa fa-paper-plane-o&#8221; size=&#8221;fa-2x&#8221; heading_semantic=&#8221;h4&#8243; text_size=&#8221;h4&#8243; title=&#8221;Email&#8221; el_class=&#8221;contact&#8211;icon&#8221; uncode_shortcode_id=&#8221;115665&#8243;]<a href=\"mailto:hotel-zora@zora-hotel.com\">hotel-zora@zora-hotel.com<\/a>[\/vc_icon][vc_icon position=&#8221;left&#8221; title_aligned_icon=&#8221;yes&#8221; icon=&#8221;fa fa-phone-handset&#8221; size=&#8221;fa-2x&#8221; heading_semantic=&#8221;h4&#8243; text_size=&#8221;h4&#8243; title=&#8221;Tel&#8221; el_class=&#8221;contact&#8211;icon&#8221; uncode_shortcode_id=&#8221;145330&#8243;]<a href=\"tel:+385 (0)22 581 111\">+385 (0)22 581 111<\/a>[\/vc_icon][vc_icon position=&#8221;left&#8221; title_aligned_icon=&#8221;yes&#8221; icon=&#8221;fa fa-fax&#8221; size=&#8221;fa-2x&#8221; heading_semantic=&#8221;h4&#8243; text_size=&#8221;h4&#8243; title=&#8221;Fax&#8221; el_class=&#8221;contact&#8211;icon&#8221; uncode_shortcode_id=&#8221;451063&#8243;]<a href=\"tel:+385 (0)22 570 302\">+385 (0)22 570 302<\/a>[\/vc_icon][vc_empty_space empty_h=&#8221;2&#8243; mobile_visibility=&#8221;yes&#8221;][vc_custom_heading heading_semantic=&#8221;h6&#8243; text_size=&#8221;h6&#8243; text_transform=&#8221;uppercase&#8221; uncode_shortcode_id=&#8221;777437&#8243;]FOGLALKOZTAT\u00c1SI KAPCSOLAT[\/vc_custom_heading][vc_icon position=&#8221;left&#8221; title_aligned_icon=&#8221;yes&#8221; icon=&#8221;fa fa-paper-plane-o&#8221; size=&#8221;fa-2x&#8221; heading_semantic=&#8221;h4&#8243; text_size=&#8221;h4&#8243; title=&#8221;Email&#8221; el_class=&#8221;contact&#8211;icon&#8221; uncode_shortcode_id=&#8221;154214&#8243;]<a href=\"mailto:careers@zora-hotel.com\">posao@zora-hotel.com<\/a>[\/vc_icon][vc_icon position=&#8221;left&#8221; title_aligned_icon=&#8221;yes&#8221; icon=&#8221;fa fa-phone-handset&#8221; size=&#8221;fa-2x&#8221; heading_semantic=&#8221;h4&#8243; text_size=&#8221;h4&#8243; title=&#8221;Tel&#8221; el_class=&#8221;contact&#8211;icon&#8221; uncode_shortcode_id=&#8221;171806&#8243;]<a href=\"tel:+385 (0) 22 581 047\">+385 (0) 22 581 047<\/a>[\/vc_icon][vc_icon position=&#8221;left&#8221; title_aligned_icon=&#8221;yes&#8221; icon=&#8221;fa fa-fax&#8221; size=&#8221;fa-2x&#8221; heading_semantic=&#8221;h4&#8243; text_size=&#8221;h4&#8243; title=&#8221;Fax&#8221; el_class=&#8221;contact&#8211;icon&#8221; uncode_shortcode_id=&#8221;890346&#8243;]<a href=\"tel:+385 (0) 22 571 120\">+385 (0) 22 571 120<\/a>[\/vc_icon][\/vc_column_inner][vc_column_inner column_width_percent=&#8221;100&#8243; gutter_size=&#8221;3&#8243; back_color=&#8221;color-xsdn&#8221; overlay_alpha=&#8221;50&#8243; shift_x=&#8221;0&#8243; shift_y=&#8221;-4&#8243; shift_y_down=&#8221;0&#8243; z_index=&#8221;0&#8243; medium_width=&#8221;0&#8243; mobile_width=&#8221;0&#8243; radius=&#8221;std&#8221; shadow=&#8221;xs&#8221; width=&#8221;9\/12&#8243; el_class=&#8221;contact-page-right&#8221;][vc_custom_heading text_weight=&#8221;700&#8243; sub_reduced=&#8221;yes&#8221; subheading=&#8221;Primo\u0161ten az Adria part legvonz\u00f3bb r\u00e9sz\u00e9n tal\u00e1lhat\u00f3, ismert horv\u00e1t nevezetess\u00e9gek Sibenik, Trogir, Split, valamint a Krka- \u00e9s a Kornati nemzeti parkok k\u00f6z\u00f6tt.&#8221;]Hogyan juthat el hozz\u00e1nk[\/vc_custom_heading][vc_separator sep_color=&#8221;,Default&#8221;][vc_custom_heading text_weight=&#8221;700&#8243; sub_reduced=&#8221;yes&#8221; subheading=&#8221;<b>Z\u00e1gr\u00e1b-b\u00f3l (350km):<\/b> az A1 Zagreb-Split aut\u00f3p\u00e1ly\u00e1n (a Sibenik\/Knin-i vagy a Drnis\/Primosten-i kij\u00e1ratig), azt\u00e1n az E 65-\u00f6s \u00faton 30 km Primo\u0161ten-ig<br \/>\n<b>Rijeka-b\u00f3l (310 km):<\/b> a D8-as Adriai orsz\u00e1g\u00faton Primosteni-ig, illetve a D8-as Adriai orsz\u00e1g\u00faton Senj-ig, onnan pedig az A1-es aut\u00f3p\u00e1ly\u00e1n Sibenik-ig, majd az E65-\u00f6s orsz\u00e1g\u00faton Primo\u0161ten-ig<br \/>\n<b>Split-b\u0151l (60 km):<\/b> az E 65-\u00f6s \u00faton Zadar\/Sibenik ir\u00e1ny\u00e1ba Primo\u0161ten-ig.&#8221;]Aut\u00f3val:[\/vc_custom_heading][vc_separator sep_color=&#8221;,Default&#8221;][vc_custom_heading heading_semantic=&#8221;h3&#8243; subheading=&#8221;Tov\u00e1bbi inform\u00e1ci\u00f3k\u00e9rt k\u00e9rj\u00fck, k\u00fcldje el nek\u00fcnk k\u00e9rd\u00e9s\u00e9t.&#8221;]Vegye fel a kapcsolatot![\/vc_custom_heading]\n<div class=\"wpcf7 no-js\" id=\"wpcf7-f4484-o1\" lang=\"hu-HU\" dir=\"ltr\" data-wpcf7-id=\"4484\">\n<div class=\"screen-reader-response\"><p role=\"status\" aria-live=\"polite\" aria-atomic=\"true\"><\/p> <ul><\/ul><\/div>\n<form action=\"\/hu\/wp-json\/wp\/v2\/pages\/283#wpcf7-f4484-o1\" method=\"post\" class=\"wpcf7-form init input-background\" aria-label=\"Kapcsolatfelv\u00e9teli \u0171rlap\" novalidate=\"novalidate\" data-status=\"init\">\n<fieldset class=\"hidden-fields-container\"><input type=\"hidden\" name=\"_wpcf7\" value=\"4484\" \/><input type=\"hidden\" name=\"_wpcf7_version\" value=\"6.1.5\" \/><input type=\"hidden\" name=\"_wpcf7_locale\" value=\"hu_HU\" \/><input type=\"hidden\" name=\"_wpcf7_unit_tag\" value=\"wpcf7-f4484-o1\" \/><input type=\"hidden\" name=\"_wpcf7_container_post\" value=\"0\" \/><input type=\"hidden\" name=\"_wpcf7_posted_data_hash\" value=\"\" \/><input type=\"hidden\" name=\"_wpcf7_recaptcha_response\" value=\"\" \/>\n<\/fieldset>\n<div class=\"wpcf7-inline-wrapper\">\n\t<p class=\"wpcf7-inline-field\"><span class=\"wpcf7-form-control-wrap\" data-name=\"your-firstname\"><input size=\"40\" maxlength=\"400\" class=\"wpcf7-form-control wpcf7-text wpcf7-validates-as-required\" aria-required=\"true\" aria-invalid=\"false\" placeholder=\"Keresztn\u00e9v*\" value=\"\" type=\"text\" name=\"your-firstname\" \/><\/span>\n\t<\/p>\n\t<p class=\"wpcf7-inline-field\"><span class=\"wpcf7-form-control-wrap\" data-name=\"your-lastname\"><input size=\"40\" maxlength=\"400\" class=\"wpcf7-form-control wpcf7-text\" aria-invalid=\"false\" placeholder=\"Vezet\u00e9kn\u00e9v\" value=\"\" type=\"text\" name=\"your-lastname\" \/><\/span>\n\t<\/p>\n<\/div>\n<div class=\"wpcf7-inline-wrapper\">\n\t<p class=\"wpcf7-inline-field\"><span class=\"wpcf7-form-control-wrap\" data-name=\"your-email\"><input size=\"40\" maxlength=\"400\" class=\"wpcf7-form-control wpcf7-email wpcf7-validates-as-required wpcf7-text wpcf7-validates-as-email\" aria-required=\"true\" aria-invalid=\"false\" placeholder=\"Email*\" value=\"\" type=\"email\" name=\"your-email\" \/><\/span>\n\t<\/p>\n\t<p class=\"wpcf7-inline-field\"><span class=\"wpcf7-form-control-wrap\" data-name=\"your-subject\"><input size=\"40\" maxlength=\"400\" class=\"wpcf7-form-control wpcf7-text\" aria-invalid=\"false\" placeholder=\"T\u00e1rgy\" value=\"\" type=\"text\" name=\"your-subject\" \/><\/span>\n\t<\/p>\n<\/div>\n<p><span class=\"wpcf7-form-control-wrap\" data-name=\"your-message\"><textarea cols=\"40\" rows=\"10\" maxlength=\"2000\" class=\"wpcf7-form-control wpcf7-textarea wpcf7-validates-as-required\" aria-required=\"true\" aria-invalid=\"false\" placeholder=\"\u00dczenet*\" name=\"your-message\"><\/textarea><\/span>\n<\/p>\n<p><span class=\"wpcf7-form-control-wrap\" data-name=\"accept-this-1\"><span class=\"wpcf7-form-control wpcf7-acceptance\"><span class=\"wpcf7-list-item\"><label><input type=\"checkbox\" name=\"accept-this-1\" value=\"1\" aria-invalid=\"false\" \/><span class=\"wpcf7-list-item-label\">Elfogadom a felhaszn\u00e1l\u00e1si felt\u00e9teleket (<a href=\"\/privacy-policy\/\">Privacy Policy<\/a>)<\/span><\/label><\/span><\/span><\/span>\n<\/p>\n<p><input class=\"wpcf7-form-control wpcf7-submit has-spinner btn btn-fluid btn-color-oxford btn-flat\" type=\"submit\" value=\"Bek\u00fcld\u00e9s\" \/>\n<\/p><input type='hidden' class='wpcf7-pum' value='{\"closepopup\":false,\"closedelay\":0,\"openpopup\":false,\"openpopup_id\":0}' \/><div class=\"wpcf7-response-output\" aria-hidden=\"true\"><\/div>\n<\/form>\n<\/div>\n[\/vc_column_inner][\/vc_row_inner][\/vc_column][\/vc_row]<\/p>\n<\/div>","protected":false},"excerpt":{"rendered":"<p>[vc_row unlock_row_content=&#8221;yes&#8221; row_height_percent=&#8221;0&#8243; override_padding=&#8221;yes&#8221; h_padding=&#8221;0&#8243; top_padding=&#8221;0&#8243; bottom_padding=&#8221;0&#8243; overlay_alpha=&#8221;50&#8243; gutter_size=&#8221;3&#8243; column_width_percent=&#8221;100&#8243; shift_y=&#8221;0&#8243; z_index=&#8221;0&#8243;][vc_column column_width_percent=&#8221;100&#8243; position_horizontal=&#8221;left&#8221; gutter_size=&#8221;3&#8243; style=&#8221;dark&#8221; overlay_alpha=&#8221;50&#8243; shift_x=&#8221;0&#8243; shift_y=&#8221;0&#8243; shift_y_down=&#8221;0&#8243; [&hellip;]<\/p>\n","protected":false},"author":1,"featured_media":0,"parent":0,"menu_order":0,"comment_status":"closed","ping_status":"closed","template":"","meta":{"footnotes":""},"class_list":["post-283","page","type-page","status-publish","hentry","page_category-subpage-hu"],"_links":{"self":[{"href":"https:\/\/zora-hotel.com\/hu\/wp-json\/wp\/v2\/pages\/283","targetHints":{"allow":["GET"]}}],"collection":[{"href":"https:\/\/zora-hotel.com\/hu\/wp-json\/wp\/v2\/pages"}],"about":[{"href":"https:\/\/zora-hotel.com\/hu\/wp-json\/wp\/v2\/types\/page"}],"author":[{"embeddable":true,"href":"https:\/\/zora-hotel.com\/hu\/wp-json\/wp\/v2\/users\/1"}],"replies":[{"embeddable":true,"href":"https:\/\/zora-hotel.com\/hu\/wp-json\/wp\/v2\/comments?post=283"}],"version-history":[{"count":2,"href":"https:\/\/zora-hotel.com\/hu\/wp-json\/wp\/v2\/pages\/283\/revisions"}],"predecessor-version":[{"id":6452,"href":"https:\/\/zora-hotel.com\/hu\/wp-json\/wp\/v2\/pages\/283\/revisions\/6452"}],"wp:attachment":[{"href":"https:\/\/zora-hotel.com\/hu\/wp-json\/wp\/v2\/media?parent=283"}],"curies":[{"name":"wp","href":"https:\/\/api.w.org\/{rel}","templated":true}]}}