{"id":2660,"date":"2021-02-24T12:01:58","date_gmt":"2021-02-24T12:01:58","guid":{"rendered":"https:\/\/zora-hotel.com\/homepage\/"},"modified":"2026-02-02T10:49:21","modified_gmt":"2026-02-02T08:49:21","slug":"homepage","status":"publish","type":"page","link":"https:\/\/zora-hotel.com\/hu\/","title":{"rendered":"F\u0151oldal"},"content":{"rendered":"<div class=\"wpb-content-wrapper\"><p>[vc_row row_height_percent=&#8221;40&#8243; override_padding=&#8221;yes&#8221; h_padding=&#8221;2&#8243; top_padding=&#8221;2&#8243; bottom_padding=&#8221;2&#8243; overlay_alpha=&#8221;50&#8243; gutter_size=&#8221;3&#8243; column_width_percent=&#8221;100&#8243; shift_y=&#8221;0&#8243; z_index=&#8221;0&#8243;][vc_column column_width_use_pixel=&#8221;yes&#8221; position_vertical=&#8221;middle&#8221; align_horizontal=&#8221;align_center&#8221; gutter_size=&#8221;3&#8243; overlay_alpha=&#8221;50&#8243; shift_x=&#8221;0&#8243; shift_y=&#8221;0&#8243; shift_y_down=&#8221;0&#8243; z_index=&#8221;0&#8243; medium_width=&#8221;0&#8243; mobile_width=&#8221;0&#8243; width=&#8221;1\/1&#8243; column_width_pixel=&#8221;900&#8243;][vc_custom_heading heading_semantic=&#8221;h3&#8243; text_size=&#8221;h1&#8243; text_weight=&#8221;700&#8243;]Hotel Zora[\/vc_custom_heading][vc_column_text text_lead=&#8221;yes&#8221;]Tapasztalja meg Primostent k\u00f6vetkez\u0151 nyaral\u00e1si c\u00e9lpontjak\u00e9nt![\/vc_column_text][\/vc_column][\/vc_row][vc_row row_height_percent=&#8221;0&#8243; override_padding=&#8221;yes&#8221; h_padding=&#8221;2&#8243; top_padding=&#8221;5&#8243; bottom_padding=&#8221;5&#8243; back_color=&#8221;color-lxmt&#8221; overlay_alpha=&#8221;0&#8243; equal_height=&#8221;yes&#8221; gutter_size=&#8221;3&#8243; column_width_percent=&#8221;100&#8243; shift_y=&#8221;0&#8243; z_index=&#8221;0&#8243; row_name=&#8221;Foglal\u00e1s&#8221; uncode_shortcode_id=&#8221;137156&#8243; back_color_type=&#8221;uncode-palette&#8221; el_class=&#8221;section&#8211;booking&#8221;][vc_column column_width_use_pixel=&#8221;yes&#8221; position_horizontal=&#8221;left&#8221; position_vertical=&#8221;middle&#8221; gutter_size=&#8221;3&#8243; override_padding=&#8221;yes&#8221; column_padding=&#8221;2&#8243; back_color=&#8221;color-xsdn&#8221; overlay_alpha=&#8221;50&#8243; shift_x=&#8221;0&#8243; shift_y=&#8221;0&#8243; shift_y_down=&#8221;0&#8243; z_index=&#8221;0&#8243; medium_width=&#8221;0&#8243; mobile_width=&#8221;0&#8243; radius=&#8221;std&#8221; shadow=&#8221;xs&#8221; width=&#8221;1\/4&#8243; column_width_pixel=&#8221;450&#8243;][vc_custom_heading heading_semantic=&#8221;h3&#8243; text_size=&#8221;h3&#8243; text_weight=&#8221;700&#8243;]Online foglal\u00e1s[\/vc_custom_heading][vc_raw_html]JTNDJTIxLS0lMjBQSE9CUyUyMCUyRiUyRiUyMFN0YXJ0JTIwLS0lM0UlMEElM0Nmb3JtJTIwYWN0aW9uJTNEJTIyaHR0cHMlM0ElMkYlMkZzZWN1cmUucGhvYnMubmV0JTJGYm9va2luZy5waHAlMjIlMjB0YXJnZXQlM0QlMjJfYmxhbmslMjIlMjBtZXRob2QlM0QlMjJnZXQlMjIlMjBpZCUzRCUyMnBob2JzX2Jvb2slMjIlMjBuYW1lJTNEJTIycGhvYnNfYm9vayUyMiUzRSUwQSUwQSUyMCUyMCUyMCUzQ2lucHV0JTIwbmFtZSUzRCUyMmhvdGVsJTIyJTIwdHlwZSUzRCUyMmhpZGRlbiUyMiUyMHZhbHVlJTNEJTIyMDczMmVkYTY4YTYyZmRiOGMxNTJhNzQ0Zjk2MDkwNzYlMjIlMjBzdHlsZSUzRCUyMmRpc3BsYXklM0ElMjBub25lJTIyJTNFJTBBJTIwJTIwJTIwJTNDZGl2JTIwY2xhc3MlM0QlMjJmb3JtLWJvb2slMjIlM0UlMEElMjAlMjAlMjAlMjAlMjAlMjAlM0NsYWJlbCUzRSVDMyU4OXJrZXolQzMlQTlzaSUyMGQlQzMlQTF0dW0lM0ElM0MlMkZsYWJlbCUzRSUwQSUyMCUyMCUyMCUyMCUyMCUyMCUzQ2lucHV0JTIwdHlwZSUzRCUyMmhpZGRlbiUyMiUyMG5hbWUlM0QlMjJjaGVja19pbl9kYXklMjIlMjBjbGFzcyUzRCUyMmNoZWNrX2luX2RheSUyMiUzRSUwQSUyMCUyMCUyMCUyMCUyMCUyMCUzQ2lucHV0JTIwdHlwZSUzRCUyMmhpZGRlbiUyMiUyMG5hbWUlM0QlMjJjaGVja19pbl9tb250aCUyMiUyMGNsYXNzJTNEJTIyY2hlY2tfaW5fbW9udGglMjIlM0UlMEElMjAlMjAlMjAlMjAlMjAlMjAlM0NpbnB1dCUyMHR5cGUlM0QlMjJoaWRkZW4lMjIlMjBuYW1lJTNEJTIyY2hlY2tfaW5feWVhciUyMiUyMGNsYXNzJTNEJTIyY2hlY2tfaW5feWVhciUyMiUzRSUwQSUyMCUyMCUyMCUyMCUyMCUyMCUzQ2lucHV0JTIwdHlwZSUzRCUyMnRleHQlMjIlMjBpZCUzRCUyMmRhdGVwaWNrZXJfYXJyaXZhbCUyMiUyMCUzRSUwQSUwQSUyMCUyMCUyMCUyMCUyMCUyMCUzQ2xhYmVsJTNFSW5kdWwlQzMlQTFzJTNBJTNDJTJGbGFiZWwlM0UlMEElMjAlMjAlMjAlMjAlMjAlMjAlM0NpbnB1dCUyMHR5cGUlM0QlMjJoaWRkZW4lMjIlMjBuYW1lJTNEJTIyY2hlY2tfb3V0X2RheSUyMiUyMGNsYXNzJTNEJTIyY2hlY2tfb3V0X2RheSUyMiUzRSUwQSUyMCUyMCUyMCUyMCUyMCUyMCUzQ2lucHV0JTIwdHlwZSUzRCUyMmhpZGRlbiUyMiUyMG5hbWUlM0QlMjJjaGVja19vdXRfbW9udGglMjIlMjBjbGFzcyUzRCUyMmNoZWNrX291dF9tb250aCUyMiUzRSUwQSUyMCUyMCUyMCUyMCUyMCUyMCUzQ2lucHV0JTIwdHlwZSUzRCUyMmhpZGRlbiUyMiUyMG5hbWUlM0QlMjJjaGVja19vdXRfeWVhciUyMiUyMGNsYXNzJTNEJTIyY2hlY2tfb3V0X3llYXIlMjIlM0UlMEElMjAlMjAlMjAlMjAlMjAlMjAlM0NpbnB1dCUyMHR5cGUlM0QlMjJ0ZXh0JTIyJTIwaWQlM0QlMjJkYXRlcGlja2VyX2RlcGFydHVyZSUyMiUyMG5hbWUlM0QlMjJjaGVja291dCUyMiUzRSUwQSUzQ2xhYmVsJTNFJTBBJTIwJTIwJTIwJTIwJTIwJTIwJTIwJTIwJTIwJTIwJTIwJTIwJTNDaW5wdXQlMjB0eXBlJTNEJTIyY2hlY2tib3glMjIlMjBuYW1lJTNEJTIyZ2Rwcl9jb25zZW50JTIyJTIwdmFsdWUlM0QlMjJ5ZXMlMjIlMjByZXF1aXJlZCUzRSUwQSUyMCUyMCUyMCUyMCUyMCUyMCUyMCUyMCUyMCUyMCUyMCUyMEklMjBoYXZlJTIwZnVsbHklMjByZWFkJTIwYW5kJTIwSSUyMGFjY2VwdCUyMHRoZSUyMGNvbmRpdGlvbnMlMjAtJTIwJTNDYSUyMHRhcmdldCUzRCUyMl9ibGFuayUyMiUyMGhyZWYlM0QlMjIlMkZnZW5lcmFsLXRlcm1zLWFuZC1jb25kaXRpb25zJTJGJTIyJTNFR2VuZXJhbCUyMHRlcm1zJTIwYW5kJTIwY29uZGl0aW9ucy4lM0MlMkZhJTNFJTBBJTNDJTJGbGFiZWwlM0UlMEElMjAlMjAlMjAlMjAlMjAlMjAlM0NpbnB1dCUyMG5hbWUlM0QlMjJib29rJTIyJTIwdHlwZSUzRCUyMnN1Ym1pdCUyMiUyMHZhbHVlJTNEJTIyRm9nbGFsam9uJTIwbW9zdCUyMiUyMGNsYXNzJTNEJTIyYnV0dG9uJTIwYnRuLWZsYXQlMjBidG4tY29sb3Itb3hmb3JkJTIyJTNFJTBBJTIwJTIwJTIwJTIwJTIwJTIwJTNDaW5wdXQlMjBuYW1lJTNEJTIyY29tcGFueV9pZCUyMiUyMHR5cGUlM0QlMjJoaWRkZW4lMjIlMjB2YWx1ZSUzRCUyMjdkN2NiNDM0ZWE3YTg3ZmVjYTc2NjRhMzBlYmNjNTc3JTIyJTIwc3R5bGUlM0QlMjJkaXNwbGF5JTNBJTIwbm9uZSUyMiUyMCUyRiUzRSUwQSUyMCUyMCUyMCUyMCUyMCUyMCUzQ2lucHV0JTIwbmFtZSUzRCUyMnZpZXdfY2FuY2VsJTIyJTIwdHlwZSUzRCUyMmhpZGRlbiUyMiUyMHZhbHVlJTNEJTIyJTIyJTIwc3R5bGUlM0QlMjJkaXNwbGF5JTNBJTIwbm9uZSUyMiUyMCUyRiUzRSUwQSUyMCUyMCUyMCUyMCUyMCUyMCUzQ2lucHV0JTIwbmFtZSUzRCUyMmxhbmclMjIlMjB0eXBlJTNEJTIyaGlkZGVuJTIyJTIwdmFsdWUlM0QlMjJlbiUyMiUyMHN0eWxlJTNEJTIyZGlzcGxheSUzQSUyMG5vbmUlMjIlMjAlMkYlM0UlMEElMEElMjAlMjAlMjAlMjAlMjAlMjAlM0NociUzRSUwQSUyMCUyMCUyMCUyMCUyMCUyMCUzQ2xhYmVsJTNFSG96eiVDMyVBMWYlQzMlQTlyJUMzJUE5c2klMjBrdWxjcyUyMCUyOG9wY2lvbiVDMyVBMWxpcyUyOSUzQyUyRmxhYmVsJTNFJTBBJTIwJTIwJTIwJTIwJTIwJTIwJTNDaW5wdXQlMjBjbGFzcyUzRCUyMmZvcm0tY29udHJvbCUyMiUyMG5hbWUlM0QlMjJwYXJ0bmVyc19hY2Nlc3MlMjIlMjB0eXBlJTNEJTIydGV4dCUyMiUyMHBsYWNlaG9sZGVyJTNEJTIyQWNjZXNzJTIwS2V5JTIyJTNFJTBBJTIwJTIwJTIwJTIwJTIwJTIwJTNDcCUyMGNsYXNzJTNEJTIyY2FuY2VsX2Jvb2tpbmclMjIlM0UlMEElMjAlMjAlMjAlMjAlMjAlMjAlMjAlMjAlMjAlM0NhJTIwaHJlZiUzRCUyMmh0dHBzJTNBJTJGJTJGc2VjdXJlLnBob2JzLm5ldCUyRmJvb2tpbmcucGhwJTNGY29tcGFueV9pZCUzRDdkN2NiNDM0ZWE3YTg3ZmVjYTc2NjRhMzBlYmNjNTc3JTI2YW1wJTNCbGFuZyUzRGVuJTI2YW1wJTNCdmlld19jYW5jZWwlM0QxJTIyJTIwY2xhc3MlM0QlMjJ2aWV3X2NhbmNlbCUyMiUyMHRhcmdldCUzRCUyMl9ibGFuayUyMiUyMG9uQ2xpY2slM0QlMjJyZXR1cm4lMjB2aWV3Q2FuY2VsQm9va2luZyUyOHRoaXMlMjklMjIlM0VGb2dsYWwlQzMlQTFzJTIwbSVDMyVCM2RvcyVDMyVBRHQlQzMlQTFzYSUyMCUyRiUyME0lQzMlQTlnc2VtJTIwJTI2cmFxdW8lM0IlM0MlMkZhJTNFJTBBJTIwJTIwJTIwJTIwJTIwJTIwJTNDJTJGcCUzRSUwQSUyMCUyMCUyMCUzQyUyRmRpdiUzRSUwQSUzQyUyRmZvcm0lM0U=[\/vc_raw_html][\/vc_column][vc_column width=&#8221;3\/4&#8243;][vc_gallery el_id=&#8221;gallery-204164&#8243; medias=&#8221;659,489,527,477,3581&#8243; gutter_size=&#8221;3&#8243; media_items=&#8221;media|nolink|original&#8221; off_grid=&#8221;yes&#8221; off_grid_val=&#8221;2&#8243; screen_lg=&#8221;1000&#8243; screen_md=&#8221;600&#8243; screen_sm=&#8221;480&#8243; single_shape=&#8221;round&#8221; radius=&#8221;std&#8221; single_overlay_opacity=&#8221;1&#8243; single_overlay_anim=&#8221;no&#8221; single_image_anim=&#8221;no&#8221; single_padding=&#8221;2&#8243; single_shadow=&#8221;yes&#8221; shadow_weight=&#8221;std&#8221; single_border=&#8221;yes&#8221; single_css_animation=&#8221;left-t-right&#8221; uncode_shortcode_id=&#8221;969807&#8243;][\/vc_column][\/vc_row][vc_row row_height_percent=&#8221;50&#8243; override_padding=&#8221;yes&#8221; h_padding=&#8221;2&#8243; top_padding=&#8221;5&#8243; bottom_padding=&#8221;2&#8243; overlay_alpha=&#8221;50&#8243; equal_height=&#8221;yes&#8221; gutter_size=&#8221;4&#8243; column_width_percent=&#8221;100&#8243; shift_y=&#8221;0&#8243; z_index=&#8221;0&#8243; row_name=&#8221;Sz\u00e1ll\u00e1s&#8221;][vc_column width=&#8221;1\/2&#8243;][vc_single_image media=&#8221;2004&#8243; media_width_percent=&#8221;100&#8243; media_ratio=&#8221;four-three&#8221; shape=&#8221;img-round&#8221; radius=&#8221;std&#8221; shadow=&#8221;yes&#8221; shadow_weight=&#8221;sm&#8221;][\/vc_column][vc_column column_width_use_pixel=&#8221;yes&#8221; position_vertical=&#8221;middle&#8221; gutter_size=&#8221;3&#8243; overlay_alpha=&#8221;50&#8243; shift_x=&#8221;0&#8243; shift_y=&#8221;0&#8243; shift_y_down=&#8221;0&#8243; z_index=&#8221;0&#8243; medium_width=&#8221;0&#8243; mobile_width=&#8221;0&#8243; width=&#8221;1\/2&#8243; column_width_pixel=&#8221;900&#8243;][vc_custom_heading heading_semantic=&#8221;h3&#8243; text_size=&#8221;h1&#8243; text_weight=&#8221;700&#8243; sub_reduced=&#8221;yes&#8221; subheading=&#8221;Standard h\u00e1romcsillagos szob\u00e1k.&#8221;]COMFORT SZOBA ***[\/vc_custom_heading][vc_button button_color=&#8221;color-oxford&#8221; shadow=&#8221;yes&#8221; shadow_weight=&#8221;xl&#8221; border_width=&#8221;0&#8243; icon_position=&#8221;right&#8221; scale_mobile=&#8221;no&#8221; link=&#8221;url:%2Fhu%2Fszallas%2F%23comfort|title:Sz%C3%A1ll%C3%A1s&#8221; icon=&#8221;fa fa-chevron-right3&#8243;]Tov\u00e1bbi inform\u00e1ci\u00f3k[\/vc_button][\/vc_column][\/vc_row][vc_row row_height_percent=&#8221;50&#8243; override_padding=&#8221;yes&#8221; h_padding=&#8221;2&#8243; top_padding=&#8221;2&#8243; bottom_padding=&#8221;4&#8243; overlay_alpha=&#8221;50&#8243; equal_height=&#8221;yes&#8221; gutter_size=&#8221;4&#8243; column_width_percent=&#8221;100&#8243; shift_y=&#8221;0&#8243; z_index=&#8221;0&#8243; el_class=&#8221;inverted-device-order&#8221;][vc_column column_width_use_pixel=&#8221;yes&#8221; position_vertical=&#8221;middle&#8221; gutter_size=&#8221;3&#8243; overlay_alpha=&#8221;50&#8243; shift_x=&#8221;0&#8243; shift_y=&#8221;0&#8243; shift_y_down=&#8221;0&#8243; z_index=&#8221;0&#8243; medium_width=&#8221;0&#8243; mobile_width=&#8221;0&#8243; width=&#8221;1\/2&#8243; column_width_pixel=&#8221;900&#8243;][vc_custom_heading heading_semantic=&#8221;h3&#8243; text_size=&#8221;h1&#8243; text_weight=&#8221;700&#8243; sub_reduced=&#8221;yes&#8221; subheading=&#8221;A 4 csillagos Premier Club szob\u00e1k a tenger fel\u0151li oldalon tal\u00e1lhat\u00f3k.&#8221;]PREMIER CLUB SZOBA ****[\/vc_custom_heading][vc_button button_color=&#8221;color-oxford&#8221; shadow=&#8221;yes&#8221; shadow_weight=&#8221;xl&#8221; border_width=&#8221;0&#8243; icon_position=&#8221;right&#8221; scale_mobile=&#8221;no&#8221; link=&#8221;url:%2Fhu%2Fszallas%2F%23premier|title:Sz%C3%A1ll%C3%A1s&#8221; icon=&#8221;fa fa-chevron-right3&#8243;]Tov\u00e1bbi inform\u00e1ci\u00f3k[\/vc_button][\/vc_column][vc_column width=&#8221;1\/2&#8243;][vc_single_image media=&#8221;1974&#8243; media_width_percent=&#8221;100&#8243; media_ratio=&#8221;four-three&#8221; shape=&#8221;img-round&#8221; radius=&#8221;std&#8221; shadow=&#8221;yes&#8221; shadow_weight=&#8221;sm&#8221;][\/vc_column][\/vc_row][vc_row row_height_percent=&#8221;0&#8243; override_padding=&#8221;yes&#8221; h_padding=&#8221;2&#8243; top_padding=&#8221;4&#8243; bottom_padding=&#8221;5&#8243; overlay_alpha=&#8221;50&#8243; gutter_size=&#8221;2&#8243; column_width_percent=&#8221;100&#8243; shift_y=&#8221;0&#8243; z_index=&#8221;0&#8243; row_name=&#8221;Tev\u00e9kenys\u00e9gek&#8221; el_class=&#8221;section&#8211;activities&#8221;][vc_column column_width_percent=&#8221;100&#8243; gutter_size=&#8221;4&#8243; overlay_alpha=&#8221;50&#8243; shift_x=&#8221;0&#8243; shift_y=&#8221;0&#8243; shift_y_down=&#8221;0&#8243; z_index=&#8221;0&#8243; medium_width=&#8221;0&#8243; mobile_width=&#8221;0&#8243; width=&#8221;1\/1&#8243;][uncode_index el_id=&#8221;index-814808386&#8243; loop=&#8221;size:12|order_by:date|post_type:page|tax_query:40,9,7|taxonomy_count:10&#8243; screen_lg=&#8221;1200&#8243; screen_md=&#8221;600&#8243; screen_sm=&#8221;480&#8243; gutter_size=&#8221;3&#8243; post_items=&#8221;media|featured|onpost|poster,date,title,text|excerpt|90,category|bordered|topright|hide-icon&#8221; page_items=&#8221;title,media|featured|onpost|original&#8221; portfolio_items=&#8221;media|featured|onpost|original,title&#8221; off_grid=&#8221;yes&#8221; off_grid_val=&#8221;3&#8243; single_text=&#8221;overlay&#8221; single_width=&#8221;3&#8243; images_size=&#8221;four-three&#8221; single_shape=&#8221;round&#8221; radius=&#8221;lg&#8221; single_overlay_color=&#8221;color-jevc&#8221; single_overlay_coloration=&#8221;bottom_gradient&#8221; single_overlay_opacity=&#8221;75&#8243; single_overlay_visible=&#8221;yes&#8221; single_overlay_anim=&#8221;no&#8221; single_text_visible=&#8221;yes&#8221; single_text_anim=&#8221;no&#8221; single_h_align_mobile=&#8221;left&#8221; single_v_position=&#8221;bottom&#8221; single_padding=&#8221;1&#8243; single_title_dimension=&#8221;h3&#8243; single_shadow=&#8221;yes&#8221; shadow_weight=&#8221;sm&#8221; single_border=&#8221;yes&#8221; el_class=&#8221;gallery-hover&#8221;][\/vc_column][\/vc_row]<\/p>\n<\/div>","protected":false},"excerpt":{"rendered":"<p>[vc_row row_height_percent=&#8221;40&#8243; override_padding=&#8221;yes&#8221; h_padding=&#8221;2&#8243; top_padding=&#8221;2&#8243; bottom_padding=&#8221;2&#8243; overlay_alpha=&#8221;50&#8243; gutter_size=&#8221;3&#8243; column_width_percent=&#8221;100&#8243; shift_y=&#8221;0&#8243; z_index=&#8221;0&#8243;][vc_column column_width_use_pixel=&#8221;yes&#8221; position_vertical=&#8221;middle&#8221; align_horizontal=&#8221;align_center&#8221; gutter_size=&#8221;3&#8243; overlay_alpha=&#8221;50&#8243; shift_x=&#8221;0&#8243; shift_y=&#8221;0&#8243; shift_y_down=&#8221;0&#8243; z_index=&#8221;0&#8243; [&hellip;]<\/p>\n","protected":false},"author":1,"featured_media":0,"parent":0,"menu_order":0,"comment_status":"closed","ping_status":"closed","template":"","meta":{"footnotes":""},"class_list":["post-2660","page","type-page","status-publish","hentry","page_category-index-hu"],"_links":{"self":[{"href":"https:\/\/zora-hotel.com\/hu\/wp-json\/wp\/v2\/pages\/2660","targetHints":{"allow":["GET"]}}],"collection":[{"href":"https:\/\/zora-hotel.com\/hu\/wp-json\/wp\/v2\/pages"}],"about":[{"href":"https:\/\/zora-hotel.com\/hu\/wp-json\/wp\/v2\/types\/page"}],"author":[{"embeddable":true,"href":"https:\/\/zora-hotel.com\/hu\/wp-json\/wp\/v2\/users\/1"}],"replies":[{"embeddable":true,"href":"https:\/\/zora-hotel.com\/hu\/wp-json\/wp\/v2\/comments?post=2660"}],"version-history":[{"count":6,"href":"https:\/\/zora-hotel.com\/hu\/wp-json\/wp\/v2\/pages\/2660\/revisions"}],"predecessor-version":[{"id":6808,"href":"https:\/\/zora-hotel.com\/hu\/wp-json\/wp\/v2\/pages\/2660\/revisions\/6808"}],"wp:attachment":[{"href":"https:\/\/zora-hotel.com\/hu\/wp-json\/wp\/v2\/media?parent=2660"}],"curies":[{"name":"wp","href":"https:\/\/api.w.org\/{rel}","templated":true}]}}