{"id":2159,"date":"2021-03-12T11:32:37","date_gmt":"2021-03-12T11:32:37","guid":{"rendered":"https:\/\/zora-hotel.com\/general-info\/"},"modified":"2025-10-21T14:10:50","modified_gmt":"2025-10-21T12:10:50","slug":"altalanos-informaciok","status":"publish","type":"page","link":"https:\/\/zora-hotel.com\/hu\/altalanos-informaciok\/","title":{"rendered":"\u00c1ltal\u00e1nos inform\u00e1ci\u00f3k"},"content":{"rendered":"<div class=\"wpb-content-wrapper\"><p>[vc_row][vc_column column_width_percent=&#8221;100&#8243; gutter_size=&#8221;3&#8243; override_padding=&#8221;yes&#8221; column_padding=&#8221;2&#8243; back_color=&#8221;color-207971&#8243; overlay_alpha=&#8221;50&#8243; border_color=&#8221;color-platinum&#8221; border_style=&#8221;solid&#8221; shift_x=&#8221;0&#8243; shift_y=&#8221;0&#8243; shift_y_down=&#8221;0&#8243; z_index=&#8221;0&#8243; medium_width=&#8221;0&#8243; mobile_width=&#8221;0&#8243; width=&#8221;1\/1&#8243; css=&#8221;.vc_custom_1622730604099{border-left-width: 3px !important;}&#8221;][uncode_breadcrumbs text_lead=&#8221;small&#8221;][vc_custom_heading heading_semantic=&#8221;h1&#8243; text_size=&#8221;h1&#8243; text_weight=&#8221;700&#8243;]Zora Hotel[\/vc_custom_heading][vc_column_text uncode_shortcode_id=&#8221;639848&#8243;]A <strong>Zora hotel<\/strong> 500 m\u00e9terre van Primosten k\u00f6zpontj\u00e1t\u00f3l \u00e9s 50 m\u00e9terre a tengert\u0151l.<\/p>\n<p>A szob\u00e1kat 15.00 \u00f3rakor lehet elfoglalni \u00e9s 10.00 \u00f3r\u00e1ig kell kik\u00f6lt\u00f6zni bel\u0151l\u00fck<\/p>\n<p><strong>Hivatalos hotel besorol\u00e1s:<\/strong> 3*<br \/>\n<strong>Szob\u00e1k sz\u00e1ma:<\/strong> 324 (287 k\u00e9t\u00e1gyas szoba, 30 csal\u00e1di szoba, 7 apartman)<br \/>\n<strong>Szoba kategoriz\u00e1ci\u00f3:<\/strong> Comfort (***) \u00e9s Premier club (****)<br \/>\n<strong>\u00c9p\u00fcletek sz\u00e1ma:<\/strong> 9<br \/>\n<strong>Emeletek sz\u00e1ma:<\/strong> 3 (lift van)<\/p>\n<p><strong>A szob\u00e1k felszerelts\u00e9ge:<\/strong> erk\u00e9ly vagy terasz, f\u00fcrd\u0151 k\u00e1ddal vagy tussal, hajsz\u00e1r\u00edt\u00f3, m\u0171holdas telev\u00edzi\u00f3, telefon, kl\u00edmaberendez\u00e9s, f\u0171t\u00e9s, lehet\u0151s\u00e9g p\u00f3t\u00e1gyra.<br \/>\n<strong>Premier club szolg\u00e1ltat\u00e1sok:<\/strong> kulcsk\u00e1rtya a szob\u00e1hoz, minib\u00e1r, WiFi, sz\u00e9f, kozmetikai t\u00fck\u00f6r, f\u00fcrd\u0151k\u00f6peny \u00e9s papucs.[\/vc_column_text][\/vc_column][\/vc_row][vc_row][vc_column column_width_percent=&#8221;100&#8243; gutter_size=&#8221;2&#8243; override_padding=&#8221;yes&#8221; column_padding=&#8221;2&#8243; back_color=&#8221;color-207971&#8243; overlay_alpha=&#8221;50&#8243; border_color=&#8221;color-platinum&#8221; border_style=&#8221;solid&#8221; shift_x=&#8221;0&#8243; shift_y=&#8221;0&#8243; shift_y_down=&#8221;0&#8243; z_index=&#8221;0&#8243; medium_width=&#8221;0&#8243; mobile_width=&#8221;0&#8243; width=&#8221;1\/1&#8243; css=&#8221;.vc_custom_1616154965111{border-left-width: 3px !important;}&#8221;][vc_custom_heading]SZOLG\u00c1LTAT\u00c1SOK[\/vc_custom_heading][vc_row_inner limit_content=&#8221;&#8221;][vc_column_inner width=&#8221;1\/3&#8243;][uncode_list icon=&#8221;fa fa-check&#8221; icon_color=&#8221;color-oxford&#8221; uncode_shortcode_id=&#8221;205208&#8243; icon_color_type=&#8221;uncode-palette&#8221;]<\/p>\n<ul>\n<li>B\u00fcf\u00e9 rendszer\u0171 \u00e9tterem reggelivel \u00e9s vacsor\u00e1val<\/li>\n<li>Aperitif b\u00e1r<\/li>\n<li>Beach b\u00e1r<\/li>\n<li>Fitnesz<\/li>\n<\/ul>\n<p>[\/uncode_list][\/vc_column_inner][vc_column_inner width=&#8221;1\/3&#8243;][uncode_list icon=&#8221;fa fa-check&#8221; icon_color=&#8221;color-oxford&#8221; uncode_shortcode_id=&#8221;634028&#8243; icon_color_type=&#8221;uncode-palette&#8221;]<\/p>\n<ul>\n<li>Sportp\u00e1ly\u00e1k<\/li>\n<li>Mini klub<\/li>\n<li>Internet sarok<\/li>\n<\/ul>\n<p>[\/uncode_list][\/vc_column_inner][vc_column_inner width=&#8221;1\/3&#8243;][uncode_list icon=&#8221;fa fa-check&#8221; icon_color=&#8221;color-oxford&#8221; uncode_shortcode_id=&#8221;102695&#8243; icon_color_type=&#8221;uncode-palette&#8221;]<\/p>\n<ul>\n<li>Mosoda<\/li>\n<li>Parkol\u00f3<\/li>\n<li>Lehet\u0151s\u00e9g transzfer szervez\u00e9s\u00e9re<\/li>\n<\/ul>\n<p>[\/uncode_list][\/vc_column_inner][\/vc_row_inner][\/vc_column][\/vc_row][vc_row][vc_column column_width_percent=&#8221;100&#8243; gutter_size=&#8221;2&#8243; override_padding=&#8221;yes&#8221; column_padding=&#8221;2&#8243; back_color=&#8221;color-207971&#8243; overlay_alpha=&#8221;50&#8243; border_color=&#8221;color-platinum&#8221; border_style=&#8221;solid&#8221; shift_x=&#8221;0&#8243; shift_y=&#8221;0&#8243; shift_y_down=&#8221;0&#8243; z_index=&#8221;0&#8243; medium_width=&#8221;0&#8243; mobile_width=&#8221;0&#8243; width=&#8221;1\/1&#8243; css=&#8221;.vc_custom_1616154965111{border-left-width: 3px !important;}&#8221;][vc_custom_heading]Sportol\u00e1si lehet\u0151s\u00e9gek[\/vc_custom_heading][vc_row_inner limit_content=&#8221;&#8221;][vc_column_inner width=&#8221;1\/2&#8243;][uncode_list icon=&#8221;fa fa-check&#8221; icon_color=&#8221;color-oxford&#8221;]<\/p>\n<ul>\n<li>3 teniszp\u00e1lya (f\u00f6ldes)<\/li>\n<li>Multifunkci\u00f3s kos\u00e1rlabda \u00e9s focip\u00e1lya<\/li>\n<li>Strandr\u00f6plabda<\/li>\n<li>Minigolf<\/li>\n<\/ul>\n<p>[\/uncode_list][\/vc_column_inner][vc_column_inner width=&#8221;1\/2&#8243;][uncode_list icon=&#8221;fa fa-check&#8221; icon_color=&#8221;color-oxford&#8221;]<\/p>\n<ul>\n<li>Ballote (labdaj\u00e1t\u00e9k)<\/li>\n<li>V\u00edzibicikli b\u00e9rl\u00e9s<\/li>\n<li>V\u00edzi sportok (jet ski, ban\u00e1nhaj\u00f3, sikl\u00f3erny\u0151z\u00e9s a v\u00edz felett stb.)<\/li>\n<li>B\u00fav\u00e1rk\u00f6zpont<\/li>\n<\/ul>\n<p>[\/uncode_list][\/vc_column_inner][\/vc_row_inner][\/vc_column][\/vc_row][vc_row][vc_column column_width_percent=&#8221;100&#8243; gutter_size=&#8221;2&#8243; override_padding=&#8221;yes&#8221; column_padding=&#8221;2&#8243; back_color=&#8221;color-207971&#8243; overlay_alpha=&#8221;50&#8243; border_color=&#8221;color-platinum&#8221; border_style=&#8221;solid&#8221; shift_x=&#8221;0&#8243; shift_y=&#8221;0&#8243; shift_y_down=&#8221;0&#8243; z_index=&#8221;0&#8243; medium_width=&#8221;0&#8243; mobile_width=&#8221;0&#8243; width=&#8221;1\/1&#8243; css=&#8221;.vc_custom_1616154965111{border-left-width: 3px !important;}&#8221;][vc_custom_heading uncode_shortcode_id=&#8221;205262&#8243;]Strand[\/vc_custom_heading][vc_row_inner limit_content=&#8221;&#8221;][vc_column_inner width=&#8221;1\/2&#8243;][uncode_list icon=&#8221;fa fa-check&#8221; icon_color=&#8221;color-oxford&#8221; uncode_shortcode_id=&#8221;188365&#8243; icon_color_type=&#8221;uncode-palette&#8221;]<\/p>\n<ul>\n<li>Strand: apr\u00f3-kavicsos, 50m-re a hotelt\u00f3l<\/li>\n<li>Beach b\u00e1r<\/li>\n<\/ul>\n<p>[\/uncode_list][\/vc_column_inner][vc_column_inner width=&#8221;1\/2&#8243;][uncode_list icon=&#8221;fa fa-check&#8221; icon_color=&#8221;color-oxford&#8221; uncode_shortcode_id=&#8221;142356&#8243; icon_color_type=&#8221;uncode-palette&#8221;]<\/p>\n<ul>\n<li>Naperny\u0151 \u00e9s napoz\u00f3\u00e1gy b\u00e9rl\u00e9s<\/li>\n<li>Vizesblokkok \u00e9s tusol\u00f3k<\/li>\n<\/ul>\n<p>[\/uncode_list][\/vc_column_inner][\/vc_row_inner][\/vc_column][\/vc_row][vc_row][vc_column width=&#8221;1\/1&#8243;][vc_gallery el_id=&#8221;gallery-598208&#8243; type=&#8221;carousel&#8221; medias=&#8221;147,150,152,153,163,166,169,1647,736,632,246,2597,2601&#8243; carousel_lg=&#8221;3&#8243; carousel_md=&#8221;2&#8243; carousel_sm=&#8221;1&#8243; thumb_size=&#8221;three-two&#8221; gutter_size=&#8221;3&#8243; media_items=&#8221;media|nolink|original&#8221; carousel_interval=&#8221;5000&#8243; carousel_navspeed=&#8221;700&#8243; carousel_loop=&#8221;yes&#8221; carousel_dots=&#8221;yes&#8221; stage_padding=&#8221;0&#8243; single_shape=&#8221;round&#8221; radius=&#8221;std&#8221; single_overlay_opacity=&#8221;50&#8243; single_overlay_anim=&#8221;no&#8221; single_text_anim=&#8221;no&#8221; single_padding=&#8221;2&#8243; single_border=&#8221;yes&#8221;][\/vc_column][\/vc_row][vc_row row_height_percent=&#8221;0&#8243; override_padding=&#8221;yes&#8221; h_padding=&#8221;2&#8243; top_padding=&#8221;2&#8243; bottom_padding=&#8221;4&#8243; overlay_alpha=&#8221;50&#8243; gutter_size=&#8221;3&#8243; column_width_percent=&#8221;100&#8243; shift_y=&#8221;0&#8243; z_index=&#8221;0&#8243;][vc_column column_width_percent=&#8221;100&#8243; gutter_size=&#8221;3&#8243; overlay_alpha=&#8221;50&#8243; shift_x=&#8221;0&#8243; shift_y=&#8221;0&#8243; shift_y_down=&#8221;0&#8243; z_index=&#8221;0&#8243; medium_width=&#8221;0&#8243; mobile_width=&#8221;0&#8243; width=&#8221;1\/1&#8243;][vc_custom_heading]Primo\u0161ten[\/vc_custom_heading][vc_column_text]Primo\u0161ten v\u00e1rosa a part k\u00f6zvetlen k\u00f6rnyezet\u00e9ben l\u00e9v\u0151 kicsiny szigeten \u00e9p\u00fclt fel, \u00e9s autentikus k\u0151h\u00e1zair\u00f3l, templomocsk\u00e1ir\u00f3l, sz\u0171k mediterr\u00e1n utc\u00e1csk\u00e1ir\u00f3l, sz\u00e1mtalan \u00f6bl\u00e9r\u0151l, valamint szigeteir\u0151l ismert.<\/p>\n<p>A v\u00e1ros viharos t\u00f6rt\u00e9nelme az i. e. VII. sz\u00e1zadban kezd\u0151dik, de csak 1564-ben eml\u00edtik el\u0151sz\u00f6r horv\u00e1t nev\u00e9n, melyet viszont az\u00f3ta is megtartott. Akkoriban a szigetecsk\u00e9n l\u00e9v\u0151 telep\u00fcl\u00e9st k\u0151fallal v\u00e9dt\u00e9k \u00e9s a sz\u00e1razf\u00f6ldre csup\u00e1n egy nyithat\u00f3 h\u00edd vezetett, mely r\u00e9szt k\u00e9s\u0151bb felt\u00f6lt\u00f6tt\u00e9k, \u00edgy a sziget f\u00e9lszigett\u00e9 v\u00e1ltozott. Innen sz\u00e1rmazik a neve: premo\u0161ten &#8211; \u00f6sszek\u00f6tni.[\/vc_column_text][vc_single_image media=&#8221;1497&#8243; media_width_percent=&#8221;100&#8243; shape=&#8221;img-round&#8221; radius=&#8221;std&#8221;][vc_column_text]A f\u0151 gazdas\u00e1gi \u00e1g itt r\u00e9gen a mez\u0151gazdas\u00e1g \u00e9s az \u00e1llatteny\u00e9szt\u00e9s volt, majd a m\u00falt sz\u00e1zad k\u00f6zep\u00e9t\u0151l elkezdett fejl\u0151dni az idegenforgalom, hogy azt\u00e1n Primosten az egyik vezet\u0151 idegenforgalmi c\u00e9lpontja lehessen az Adria partnak.<\/p>\n<p>A gazd\u00e1lkod\u00f3k kem\u00e9ny \u00e9let\u00e9r\u0151l tan\u00faskodnak a f\u00f6ldszintes, ablak- \u00e9s gyakran szoba n\u00e9lk\u00fcli h\u00e1zak (melyb\u0151l n\u00e9ha elk\u00fcl\u00f6n\u00edtettek egy konyh\u00e1t), \u00e9s ahol legal\u00e1bb nyolcan laktak. Egy r\u00e9gi szok\u00e1s szerint, az \u00e9p\u00edtkez\u00e9s kezdet\u00e9n a sarokba betettek egy szerencsehoz\u00f3 p\u00e9nz\u00e9rm\u00e9t, vagy egy palackot, az \u00e9p\u00edttet\u0151 adataival.[\/vc_column_text][vc_single_image media=&#8221;1501&#8243; media_width_percent=&#8221;100&#8243; alignment=&#8221;center&#8221; shape=&#8221;img-round&#8221; radius=&#8221;std&#8221;][vc_column_text]Ma Primo\u0161ten-t \u00fagy ismerik, mint ol\u00edvaolaj \u00e9s bortermel\u0151 vid\u00e9ket. A primo\u0161ten-i sz\u0151l\u0151skertekben a Babic fajta a \u201epuszta f\u00f6ld\u00f6n\u201d terem a k\u00f6veken, ahol kilom\u00e9ter hossz\u00fa sz\u00e1razfalak mutatj\u00e1k az emberek munk\u00e1j\u00e1t \u00e9s kitart\u00e1s\u00e1t (ez a primo\u0161ten-i csipke). Ennek a f\u00e9nyk\u00e9p\u00e9t tett\u00e9k ki a New York-i Egyes\u00fclt Nemzetek \u00e9p\u00fclet\u00e9ben is. Ezen a ter\u00fcleten az i. e. VIII. sz\u00e1zad \u00f3ta vannak sz\u0151l\u0151\u00fcltetv\u00e9nyek, amikor az ill\u00edrek \u00e9s a liburnok el\u00fcltett\u00e9k \u0151ket, majd ezt a trad\u00edci\u00f3t folytatt\u00e1k tov\u00e1bb a g\u00f6r\u00f6g\u00f6k \u00e9s a r\u00f3maiak is, v\u00e9g\u00fcl pedig a VII. sz\u00e1zadt\u00f3l a horv\u00e1tok.<\/p>\n<p>A modern Primo\u0161ten tele van ny\u00fczsg\u0151 lok\u00e1llal, kis boltokkal \u00e9s aj\u00e1nd\u00e9k\u00fczletekkel, melyeket a sz\u0171k utc\u00e1kban sz\u00f3rtak sz\u00e9t. Ny\u00e1ron telis-tele van sport- \u00e9s sz\u00f3rakoz\u00e1si lehet\u0151s\u00e9ggel, ami a vend\u00e9geknek felejthetetlen \u00e9lm\u00e9nyt ny\u00fajt.[\/vc_column_text][vc_column_text]A kedves l\u00e1togat\u00f3k az \u00e9v minden szakasz\u00e1ban \u00e9lvezhetik a kellemes \u00e9s eg\u00e9szs\u00e9ges mediterr\u00e1n kl\u00edm\u00e1t, az \u00e9vi 2.600 napos \u00f3r\u00e1val, valamint a kellemes \u00e1tlagh\u0151m\u00e9rs\u00e9kletet, mely t\u00e9len 7, ny\u00e1ron pedig 25 fok.<\/p>\n<p>Ha pedig egy felejthetetlen ny\u00e1ri vak\u00e1ci\u00f3 ut\u00e1n meg\u00e9rkezik a t\u00e9l, f\u0171t\u00f6tt otthon\u00e1ban eml\u00e9kezhet a ny\u00e1rra \u00e9s Primo\u0161ten-re, mik\u00f6zben n\u00e9zegeti f\u00e9nyk\u00e9palbum\u00e1ban az err\u0151l k\u00e9sz\u00fclt felv\u00e9teleket.[\/vc_column_text][vc_row_inner limit_content=&#8221;&#8221;][vc_column_inner width=&#8221;1\/2&#8243;][vc_single_image media=&#8221;3137&#8243; media_width_percent=&#8221;100&#8243; media_ratio=&#8221;three-two&#8221; shape=&#8221;img-round&#8221; radius=&#8221;std&#8221;][\/vc_column_inner][vc_column_inner width=&#8221;1\/2&#8243;][vc_single_image media=&#8221;1569&#8243; media_width_percent=&#8221;100&#8243; media_ratio=&#8221;three-two&#8221; shape=&#8221;img-round&#8221; radius=&#8221;std&#8221;][\/vc_column_inner][\/vc_row_inner][\/vc_column][\/vc_row]<\/p>\n<\/div>","protected":false},"excerpt":{"rendered":"<p>[vc_row][vc_column column_width_percent=&#8221;100&#8243; gutter_size=&#8221;3&#8243; override_padding=&#8221;yes&#8221; column_padding=&#8221;2&#8243; back_color=&#8221;color-207971&#8243; overlay_alpha=&#8221;50&#8243; border_color=&#8221;color-platinum&#8221; border_style=&#8221;solid&#8221; shift_x=&#8221;0&#8243; shift_y=&#8221;0&#8243; shift_y_down=&#8221;0&#8243; z_index=&#8221;0&#8243; medium_width=&#8221;0&#8243; mobile_width=&#8221;0&#8243; width=&#8221;1\/1&#8243; css=&#8221;.vc_custom_1622730604099{border-left-width: 3px !important;}&#8221;][uncode_breadcrumbs text_lead=&#8221;small&#8221;][vc_custom_heading [&hellip;]<\/p>\n","protected":false},"author":1,"featured_media":0,"parent":0,"menu_order":0,"comment_status":"closed","ping_status":"closed","template":"","meta":{"footnotes":""},"class_list":["post-2159","page","type-page","status-publish","hentry"],"_links":{"self":[{"href":"https:\/\/zora-hotel.com\/hu\/wp-json\/wp\/v2\/pages\/2159","targetHints":{"allow":["GET"]}}],"collection":[{"href":"https:\/\/zora-hotel.com\/hu\/wp-json\/wp\/v2\/pages"}],"about":[{"href":"https:\/\/zora-hotel.com\/hu\/wp-json\/wp\/v2\/types\/page"}],"author":[{"embeddable":true,"href":"https:\/\/zora-hotel.com\/hu\/wp-json\/wp\/v2\/users\/1"}],"replies":[{"embeddable":true,"href":"https:\/\/zora-hotel.com\/hu\/wp-json\/wp\/v2\/comments?post=2159"}],"version-history":[{"count":2,"href":"https:\/\/zora-hotel.com\/hu\/wp-json\/wp\/v2\/pages\/2159\/revisions"}],"predecessor-version":[{"id":6673,"href":"https:\/\/zora-hotel.com\/hu\/wp-json\/wp\/v2\/pages\/2159\/revisions\/6673"}],"wp:attachment":[{"href":"https:\/\/zora-hotel.com\/hu\/wp-json\/wp\/v2\/media?parent=2159"}],"curies":[{"name":"wp","href":"https:\/\/api.w.org\/{rel}","templated":true}]}}