{"id":1057,"date":"2021-03-08T15:14:03","date_gmt":"2021-03-08T15:14:03","guid":{"rendered":"https:\/\/zora-hotel.com\/weddings\/"},"modified":"2025-08-14T12:06:00","modified_gmt":"2025-08-14T10:06:00","slug":"eskuvo","status":"publish","type":"page","link":"https:\/\/zora-hotel.com\/hu\/kongresszusok-es-eskuvok\/eskuvo\/","title":{"rendered":"Esk\u00fcv\u0151"},"content":{"rendered":"<div class=\"wpb-content-wrapper\"><p>[vc_row row_height_percent=&#8221;0&#8243; override_padding=&#8221;yes&#8221; h_padding=&#8221;2&#8243; top_padding=&#8221;3&#8243; bottom_padding=&#8221;2&#8243; overlay_alpha=&#8221;50&#8243; gutter_size=&#8221;3&#8243; column_width_percent=&#8221;100&#8243; shift_y=&#8221;0&#8243; z_index=&#8221;0&#8243;][vc_column column_width_use_pixel=&#8221;yes&#8221; position_horizontal=&#8221;left&#8221; gutter_size=&#8221;3&#8243; back_color=&#8221;color-207971&#8243; overlay_alpha=&#8221;50&#8243; border_color=&#8221;color-platinum&#8221; border_style=&#8221;solid&#8221; shift_x=&#8221;0&#8243; shift_y=&#8221;0&#8243; shift_y_down=&#8221;0&#8243; z_index=&#8221;0&#8243; medium_width=&#8221;0&#8243; mobile_width=&#8221;0&#8243; radius=&#8221;xs&#8221; width=&#8221;1\/1&#8243; column_width_pixel=&#8221;900&#8243; css=&#8221;.vc_custom_1615543737567{border-left-width: 3px !important;}&#8221;][uncode_breadcrumbs text_lead=&#8221;small&#8221;][vc_custom_heading heading_semantic=&#8221;h3&#8243; text_size=&#8221;h1&#8243; text_weight=&#8221;700&#8243;]Esk\u00fcv\u0151 a Zora hotelben[\/vc_custom_heading][vc_column_text]\u00dagy d\u00f6nt\u00f6tt, hogy h\u00e1zass\u00e1gi fogadalmat tesz, \u00e9s ehhez hi\u00e1nyzik egy t\u00f6k\u00e9letes hely, ahol az esk\u00fcv\u0151t megtarthatn\u00e1?<\/p>\n<p>Megh\u00edvjuk \u00d6nt Primosten-be, a hotel Zora-ba, ahol a k\u00e9t vend\u00e9gl\u0151 a k\u00f6vetkez\u0151ket ny\u00fajtja:[\/vc_column_text][uncode_list icon=&#8221;fa fa-check&#8221; icon_color=&#8221;color-old-lavender&#8221;]<\/p>\n<ul>\n<li>\u00cdzl\u00e9sesen berendezett bels\u0151 t\u00e9r nagy terasszal, kil\u00e1t\u00e1ssal a tengerre<\/li>\n<li>Tapasztalt \u00e9s d\u00edjnyertes szak\u00e1csok \u00e1ltal k\u00e9sz\u00edtett \u00e9telek<\/li>\n<li>Szakmai szervezet \u00e9s seg\u00edts\u00e9g az esk\u00fcv\u0151 megtervez\u00e9s\u00e9ben<\/li>\n<\/ul>\n<p>[\/uncode_list][vc_column_text]Besz\u00e9lje meg l\u00e1togat\u00e1s\u00e1nak id\u0151pontj\u00e1t, k\u00e9rje aj\u00e1nlatunkat \u00e9s engedje el a fant\u00e1zi\u00e1j\u00e1t, mert a hotel Zora-ban minden \u00e1lma val\u00f3ra v\u00e1lhat.[\/vc_column_text][\/vc_column][\/vc_row][vc_row row_height_percent=&#8221;0&#8243; override_padding=&#8221;yes&#8221; h_padding=&#8221;2&#8243; top_padding=&#8221;2&#8243; bottom_padding=&#8221;4&#8243; overlay_alpha=&#8221;50&#8243; equal_height=&#8221;yes&#8221; gutter_size=&#8221;2&#8243; column_width_percent=&#8221;100&#8243; shift_y=&#8221;0&#8243; z_index=&#8221;0&#8243; top_divider=&#8221;ray-opacity&#8221;][vc_column column_width_percent=&#8221;100&#8243; gutter_size=&#8221;3&#8243; overlay_alpha=&#8221;50&#8243; shift_x=&#8221;0&#8243; shift_y=&#8221;0&#8243; shift_y_down=&#8221;0&#8243; z_index=&#8221;0&#8243; medium_width=&#8221;0&#8243; mobile_width=&#8221;0&#8243; width=&#8221;1\/3&#8243;][vc_single_image media=&#8221;612&#8243; media_width_percent=&#8221;100&#8243; media_ratio=&#8221;four-three&#8221; shadow=&#8221;yes&#8221; shadow_weight=&#8221;sm&#8221; advanced=&#8221;yes&#8221; media_items=&#8221;media|original&#8221; media_overlay_opacity=&#8221;1&#8243; media_overlay_anim=&#8221;no&#8221; media_text_anim=&#8221;no&#8221; media_overlay_visible=&#8221;yes&#8221; media_image_anim=&#8221;no&#8221; media_v_position=&#8221;bottom&#8221; media_padding=&#8221;2&#8243; media_title_dimension=&#8221;h3&#8243; text_lead=&#8221;yes&#8221; media_title_custom=&#8221;Sauna&#8221;][vc_single_image media=&#8221;556&#8243; media_width_percent=&#8221;100&#8243; media_ratio=&#8221;four-three&#8221; shadow=&#8221;yes&#8221; shadow_weight=&#8221;sm&#8221; advanced=&#8221;yes&#8221; media_items=&#8221;media|original&#8221; media_overlay_opacity=&#8221;1&#8243; media_overlay_anim=&#8221;no&#8221; media_text_anim=&#8221;no&#8221; media_overlay_visible=&#8221;yes&#8221; media_image_anim=&#8221;no&#8221; media_v_position=&#8221;bottom&#8221; media_padding=&#8221;2&#8243; media_title_dimension=&#8221;h3&#8243; text_lead=&#8221;yes&#8221; media_title_custom=&#8221;Sauna&#8221;][vc_single_image media=&#8221;1313&#8243; media_width_percent=&#8221;100&#8243; media_ratio=&#8221;four-three&#8221; shadow=&#8221;yes&#8221; shadow_weight=&#8221;sm&#8221; advanced=&#8221;yes&#8221; media_items=&#8221;media|original&#8221; media_overlay_opacity=&#8221;1&#8243; media_overlay_anim=&#8221;no&#8221; media_text_anim=&#8221;no&#8221; media_overlay_visible=&#8221;yes&#8221; media_image_anim=&#8221;no&#8221; media_v_position=&#8221;bottom&#8221; media_padding=&#8221;2&#8243; media_title_dimension=&#8221;h3&#8243; text_lead=&#8221;yes&#8221; media_title_custom=&#8221;Sauna&#8221;][vc_single_image media=&#8221;1395&#8243; media_width_percent=&#8221;100&#8243; media_ratio=&#8221;four-three&#8221; shadow=&#8221;yes&#8221; shadow_weight=&#8221;sm&#8221; advanced=&#8221;yes&#8221; media_items=&#8221;media|original&#8221; media_overlay_opacity=&#8221;1&#8243; media_overlay_anim=&#8221;no&#8221; media_text_anim=&#8221;no&#8221; media_overlay_visible=&#8221;yes&#8221; media_image_anim=&#8221;no&#8221; media_v_position=&#8221;bottom&#8221; media_padding=&#8221;2&#8243; media_title_dimension=&#8221;h3&#8243; text_lead=&#8221;yes&#8221; media_title_custom=&#8221;Sauna&#8221;][\/vc_column][vc_column column_width_percent=&#8221;100&#8243; gutter_size=&#8221;3&#8243; overlay_alpha=&#8221;50&#8243; shift_x=&#8221;0&#8243; shift_y=&#8221;0&#8243; shift_y_down=&#8221;0&#8243; z_index=&#8221;0&#8243; medium_width=&#8221;0&#8243; mobile_width=&#8221;0&#8243; width=&#8221;1\/3&#8243;][vc_single_image media=&#8221;1191&#8243; media_width_percent=&#8221;100&#8243; media_ratio=&#8221;four-three&#8221; shadow=&#8221;yes&#8221; shadow_weight=&#8221;sm&#8221; advanced=&#8221;yes&#8221; media_items=&#8221;media|original&#8221; media_overlay_opacity=&#8221;1&#8243; media_overlay_anim=&#8221;no&#8221; media_text_anim=&#8221;no&#8221; media_overlay_visible=&#8221;yes&#8221; media_image_anim=&#8221;no&#8221; media_v_position=&#8221;bottom&#8221; media_padding=&#8221;2&#8243; media_title_dimension=&#8221;h3&#8243; text_lead=&#8221;yes&#8221; media_title_custom=&#8221;Massages&#8221;][vc_single_image media=&#8221;1265&#8243; media_width_percent=&#8221;100&#8243; media_ratio=&#8221;four-three&#8221; shadow=&#8221;yes&#8221; shadow_weight=&#8221;sm&#8221; advanced=&#8221;yes&#8221; media_items=&#8221;media|original&#8221; media_overlay_opacity=&#8221;1&#8243; media_overlay_anim=&#8221;no&#8221; media_text_anim=&#8221;no&#8221; media_overlay_visible=&#8221;yes&#8221; media_image_anim=&#8221;no&#8221; media_v_position=&#8221;bottom&#8221; media_padding=&#8221;2&#8243; media_title_dimension=&#8221;h3&#8243; text_lead=&#8221;yes&#8221; media_title_custom=&#8221;Massages&#8221;][vc_single_image media=&#8221;203&#8243; media_width_percent=&#8221;100&#8243; media_ratio=&#8221;four-three&#8221; shadow=&#8221;yes&#8221; shadow_weight=&#8221;sm&#8221; advanced=&#8221;yes&#8221; media_items=&#8221;media|original&#8221; media_overlay_opacity=&#8221;1&#8243; media_overlay_anim=&#8221;no&#8221; media_text_anim=&#8221;no&#8221; media_overlay_visible=&#8221;yes&#8221; media_image_anim=&#8221;no&#8221; media_v_position=&#8221;bottom&#8221; media_padding=&#8221;2&#8243; media_title_dimension=&#8221;h3&#8243; text_lead=&#8221;yes&#8221; media_title_custom=&#8221;Massages&#8221;][\/vc_column][vc_column width=&#8221;1\/3&#8243;][vc_single_image media=&#8221;596&#8243; media_width_percent=&#8221;100&#8243; media_ratio=&#8221;four-three&#8221; shadow=&#8221;yes&#8221; shadow_weight=&#8221;sm&#8221; advanced=&#8221;yes&#8221; media_items=&#8221;media|original&#8221; media_overlay_opacity=&#8221;1&#8243; media_overlay_anim=&#8221;no&#8221; media_text_anim=&#8221;no&#8221; media_overlay_visible=&#8221;yes&#8221; media_image_anim=&#8221;no&#8221; media_v_position=&#8221;bottom&#8221; media_padding=&#8221;2&#8243; media_title_dimension=&#8221;h3&#8243; text_lead=&#8221;yes&#8221; media_title_custom=&#8221;Massages&#8221;][vc_single_image media=&#8221;1289&#8243; media_width_percent=&#8221;100&#8243; media_ratio=&#8221;four-three&#8221; shadow=&#8221;yes&#8221; shadow_weight=&#8221;sm&#8221; advanced=&#8221;yes&#8221; media_items=&#8221;media|original&#8221; media_overlay_opacity=&#8221;1&#8243; media_overlay_anim=&#8221;no&#8221; media_text_anim=&#8221;no&#8221; media_overlay_visible=&#8221;yes&#8221; media_image_anim=&#8221;no&#8221; media_v_position=&#8221;bottom&#8221; media_padding=&#8221;2&#8243; media_title_dimension=&#8221;h3&#8243; text_lead=&#8221;yes&#8221; media_title_custom=&#8221;Massages&#8221;][vc_single_image media=&#8221;198&#8243; media_width_percent=&#8221;100&#8243; media_ratio=&#8221;four-three&#8221; shadow=&#8221;yes&#8221; shadow_weight=&#8221;sm&#8221; advanced=&#8221;yes&#8221; media_items=&#8221;media|original&#8221; media_overlay_opacity=&#8221;1&#8243; media_overlay_anim=&#8221;no&#8221; media_text_anim=&#8221;no&#8221; media_overlay_visible=&#8221;yes&#8221; media_image_anim=&#8221;no&#8221; media_v_position=&#8221;bottom&#8221; media_padding=&#8221;2&#8243; media_title_dimension=&#8221;h3&#8243; text_lead=&#8221;yes&#8221; media_title_custom=&#8221;Massages&#8221;][\/vc_column][\/vc_row]<\/p>\n<\/div>","protected":false},"excerpt":{"rendered":"<p>\u00dagy d\u00f6nt\u00f6tt, hogy h\u00e1zass\u00e1gi fogadalmat tesz, \u00e9s ehhez hi\u00e1nyzik egy t\u00f6k\u00e9letes hely, ahol az esk\u00fcv\u0151t megtarthatn\u00e1?<\/p>\n","protected":false},"author":1,"featured_media":535,"parent":2322,"menu_order":0,"comment_status":"closed","ping_status":"closed","template":"","meta":{"footnotes":""},"class_list":["post-1057","page","type-page","status-publish","has-post-thumbnail","hentry","page_category-congress-and-weddings-hu"],"_links":{"self":[{"href":"https:\/\/zora-hotel.com\/hu\/wp-json\/wp\/v2\/pages\/1057","targetHints":{"allow":["GET"]}}],"collection":[{"href":"https:\/\/zora-hotel.com\/hu\/wp-json\/wp\/v2\/pages"}],"about":[{"href":"https:\/\/zora-hotel.com\/hu\/wp-json\/wp\/v2\/types\/page"}],"author":[{"embeddable":true,"href":"https:\/\/zora-hotel.com\/hu\/wp-json\/wp\/v2\/users\/1"}],"replies":[{"embeddable":true,"href":"https:\/\/zora-hotel.com\/hu\/wp-json\/wp\/v2\/comments?post=1057"}],"version-history":[{"count":1,"href":"https:\/\/zora-hotel.com\/hu\/wp-json\/wp\/v2\/pages\/1057\/revisions"}],"predecessor-version":[{"id":6588,"href":"https:\/\/zora-hotel.com\/hu\/wp-json\/wp\/v2\/pages\/1057\/revisions\/6588"}],"up":[{"embeddable":true,"href":"https:\/\/zora-hotel.com\/hu\/wp-json\/wp\/v2\/pages\/2322"}],"wp:featuredmedia":[{"embeddable":true,"href":"https:\/\/zora-hotel.com\/hu\/wp-json\/wp\/v2\/media\/535"}],"wp:attachment":[{"href":"https:\/\/zora-hotel.com\/hu\/wp-json\/wp\/v2\/media?parent=1057"}],"curies":[{"name":"wp","href":"https:\/\/api.w.org\/{rel}","templated":true}]}}