{"id":1043,"date":"2021-03-08T14:28:16","date_gmt":"2021-03-08T14:28:16","guid":{"rendered":"https:\/\/zora-hotel.com\/congress\/"},"modified":"2025-08-14T12:14:08","modified_gmt":"2025-08-14T10:14:08","slug":"kongresszus","status":"publish","type":"page","link":"https:\/\/zora-hotel.com\/hu\/kongresszusok-es-eskuvok\/kongresszus\/","title":{"rendered":"Kongresszus"},"content":{"rendered":"<div class=\"wpb-content-wrapper\"><p>[vc_row row_height_percent=&#8221;0&#8243; override_padding=&#8221;yes&#8221; h_padding=&#8221;2&#8243; top_padding=&#8221;3&#8243; bottom_padding=&#8221;1&#8243; overlay_alpha=&#8221;50&#8243; gutter_size=&#8221;3&#8243; column_width_percent=&#8221;100&#8243; shift_y=&#8221;0&#8243; z_index=&#8221;0&#8243;][vc_column column_width_use_pixel=&#8221;yes&#8221; position_horizontal=&#8221;left&#8221; gutter_size=&#8221;2&#8243; back_color=&#8221;color-207971&#8243; overlay_alpha=&#8221;50&#8243; border_color=&#8221;color-platinum&#8221; border_style=&#8221;solid&#8221; shift_x=&#8221;0&#8243; shift_y=&#8221;0&#8243; shift_y_down=&#8221;0&#8243; z_index=&#8221;0&#8243; medium_width=&#8221;0&#8243; mobile_width=&#8221;0&#8243; radius=&#8221;xs&#8221; width=&#8221;1\/1&#8243; column_width_pixel=&#8221;900&#8243; css=&#8221;.vc_custom_1615550351629{border-left-width: 3px !important;}&#8221;][uncode_breadcrumbs text_lead=&#8221;small&#8221;][vc_custom_heading heading_semantic=&#8221;h3&#8243; text_size=&#8221;h1&#8243; text_weight=&#8221;700&#8243;]Kongresszusok[\/vc_custom_heading][vc_column_text]T\u00f6bbfunkci\u00f3s kongresszusi k\u00f6zpont t\u00f6k\u00e9letesen kiel\u00e9g\u00edt minden ig\u00e9nyt. Lehet\u0151s\u00e9get ny\u00fajt kongresszusok, szemin\u00e1riumok, \u00fcnnepi fogad\u00e1sok \u00e9s bankettek rendez\u00e9s\u00e9re.<\/p>\n<p>A k\u00f6zpont 3 technikailag teljesen felszerelt termet tartalmaz, ahonnan kil\u00e1t\u00e1s ny\u00edlik a tengerre, ezen k\u00edv\u00fcl egy 200 f\u0151 kapacit\u00e1s\u00fa terasza is van. Minden konferenciateremnek van term\u00e9szetes vil\u00e1g\u00edt\u00e1sa.[\/vc_column_text][uncode_list icon=&#8221;fa fa-check&#8221; icon_color=&#8221;color-old-lavender&#8221;]<strong>A konferencia-k\u00f6zpont a k\u00f6vetkez\u0151kb\u0151l \u00e1ll: <\/strong><\/p>\n<ul>\n<li>\u00a0Kravata kongresszusi terem<\/li>\n<li>Penkala I \u00e9s Penkala II kongresszusi terem<\/li>\n<li>Tesla terem a kisebb \u00f6sszej\u00f6vetelekre<\/li>\n<li>Info pult a r\u00e9sztvev\u0151k regisztr\u00e1ci\u00f3j\u00e1ra<\/li>\n<li>Lobby b\u00e1r a teraszn\u00e1l, kil\u00e1t\u00e1ssal a tengerre<\/li>\n<\/ul>\n<p>[\/uncode_list][\/vc_column][\/vc_row][vc_row row_height_percent=&#8221;0&#8243; override_padding=&#8221;yes&#8221; h_padding=&#8221;2&#8243; top_padding=&#8221;2&#8243; bottom_padding=&#8221;2&#8243; overlay_alpha=&#8221;50&#8243; gutter_size=&#8221;3&#8243; column_width_percent=&#8221;100&#8243; shift_y=&#8221;0&#8243; z_index=&#8221;0&#8243;][vc_column column_width_use_pixel=&#8221;yes&#8221; position_horizontal=&#8221;left&#8221; gutter_size=&#8221;2&#8243; back_color=&#8221;color-207971&#8243; overlay_alpha=&#8221;50&#8243; border_color=&#8221;color-platinum&#8221; border_style=&#8221;solid&#8221; shift_x=&#8221;0&#8243; shift_y=&#8221;0&#8243; shift_y_down=&#8221;0&#8243; z_index=&#8221;0&#8243; medium_width=&#8221;0&#8243; mobile_width=&#8221;0&#8243; radius=&#8221;xs&#8221; width=&#8221;1\/1&#8243; column_width_pixel=&#8221;900&#8243; css=&#8221;.vc_custom_1615550346534{border-left-width: 3px !important;}&#8221;][vc_custom_heading heading_semantic=&#8221;h3&#8243; text_size=&#8221;h3&#8243; text_weight=&#8221;700&#8243;]A TERMEK FELSZEREL\u00c9SE[\/vc_custom_heading][vc_row_inner limit_content=&#8221;&#8221;][vc_column_inner width=&#8221;1\/2&#8243;][uncode_list icon=&#8221;fa fa-check&#8221; icon_color=&#8221;color-old-lavender&#8221;]<\/p>\n<ul>\n<li>Plafon LCD projektor<\/li>\n<li>Vet\u00edt\u0151v\u00e1szon<\/li>\n<li>Plazmak\u00e9perny\u0151<\/li>\n<li>Modul vil\u00e1g\u00edt\u00e1si rendszer<\/li>\n<li>Surround sistem<\/li>\n<li>Flip chart-ok<\/li>\n<\/ul>\n<p>[\/uncode_list][\/vc_column_inner][vc_column_inner width=&#8221;1\/2&#8243;][uncode_list icon=&#8221;fa fa-check&#8221; icon_color=&#8221;color-old-lavender&#8221;]<\/p>\n<ul>\n<li>Vezet\u00e9k n\u00e9lk\u00fcli mikrofonok<\/li>\n<li>Fejhallgat\u00f3s mikrofonok<\/li>\n<li>Hordozhat\u00f3 sz\u00e1m\u00edt\u00f3g\u00e9p<\/li>\n<li>Prezentor<\/li>\n<li>WiFi<\/li>\n<li>Szinkrontolm\u00e1cs f\u00fclke (k\u00e9r\u00e9sre, fel\u00e1r ellen\u00e9ben)<\/li>\n<\/ul>\n<p>[\/uncode_list][\/vc_column_inner][\/vc_row_inner][\/vc_column][\/vc_row][vc_row row_height_percent=&#8221;0&#8243; override_padding=&#8221;yes&#8221; h_padding=&#8221;2&#8243; top_padding=&#8221;2&#8243; bottom_padding=&#8221;4&#8243; overlay_alpha=&#8221;50&#8243; equal_height=&#8221;yes&#8221; gutter_size=&#8221;2&#8243; column_width_percent=&#8221;100&#8243; shift_y=&#8221;0&#8243; z_index=&#8221;0&#8243; top_divider=&#8221;ray-opacity&#8221;][vc_column column_width_percent=&#8221;100&#8243; gutter_size=&#8221;2&#8243; overlay_alpha=&#8221;50&#8243; shift_x=&#8221;0&#8243; shift_y=&#8221;0&#8243; shift_y_down=&#8221;0&#8243; z_index=&#8221;0&#8243; medium_width=&#8221;0&#8243; mobile_width=&#8221;0&#8243; width=&#8221;1\/3&#8243;][vc_single_image media=&#8221;4044&#8243; media_width_percent=&#8221;100&#8243; media_ratio=&#8221;four-three&#8221; shadow=&#8221;yes&#8221; shadow_weight=&#8221;sm&#8221; advanced=&#8221;yes&#8221; media_items=&#8221;media|original&#8221; media_overlay_opacity=&#8221;1&#8243; media_overlay_anim=&#8221;no&#8221; media_text_anim=&#8221;no&#8221; media_overlay_visible=&#8221;yes&#8221; media_image_anim=&#8221;no&#8221; media_v_position=&#8221;bottom&#8221; media_padding=&#8221;2&#8243; media_title_dimension=&#8221;h3&#8243; text_lead=&#8221;yes&#8221; media_title_custom=&#8221;Sauna&#8221;][vc_single_image media=&#8221;1155&#8243; media_width_percent=&#8221;100&#8243; media_ratio=&#8221;four-three&#8221; shadow=&#8221;yes&#8221; shadow_weight=&#8221;sm&#8221; advanced=&#8221;yes&#8221; media_items=&#8221;media|original&#8221; media_overlay_opacity=&#8221;1&#8243; media_overlay_anim=&#8221;no&#8221; media_text_anim=&#8221;no&#8221; media_overlay_visible=&#8221;yes&#8221; media_image_anim=&#8221;no&#8221; media_v_position=&#8221;bottom&#8221; media_padding=&#8221;2&#8243; media_title_dimension=&#8221;h3&#8243; text_lead=&#8221;yes&#8221; media_title_custom=&#8221;Sauna&#8221;][vc_single_image media=&#8221;1115&#8243; media_width_percent=&#8221;100&#8243; media_ratio=&#8221;four-three&#8221; shadow=&#8221;yes&#8221; shadow_weight=&#8221;sm&#8221; advanced=&#8221;yes&#8221; media_items=&#8221;media|original&#8221; media_overlay_opacity=&#8221;1&#8243; media_overlay_anim=&#8221;no&#8221; media_text_anim=&#8221;no&#8221; media_overlay_visible=&#8221;yes&#8221; media_image_anim=&#8221;no&#8221; media_v_position=&#8221;bottom&#8221; media_padding=&#8221;2&#8243; media_title_dimension=&#8221;h3&#8243; text_lead=&#8221;yes&#8221; media_title_custom=&#8221;Sauna&#8221;][vc_single_image media=&#8221;4048&#8243; media_width_percent=&#8221;100&#8243; media_ratio=&#8221;four-three&#8221; shadow=&#8221;yes&#8221; shadow_weight=&#8221;sm&#8221; advanced=&#8221;yes&#8221; media_items=&#8221;media|original&#8221; media_overlay_opacity=&#8221;1&#8243; media_overlay_anim=&#8221;no&#8221; media_text_anim=&#8221;no&#8221; media_overlay_visible=&#8221;yes&#8221; media_image_anim=&#8221;no&#8221; media_v_position=&#8221;bottom&#8221; media_padding=&#8221;2&#8243; media_title_dimension=&#8221;h3&#8243; text_lead=&#8221;yes&#8221; media_title_custom=&#8221;Sauna&#8221;][\/vc_column][vc_column column_width_percent=&#8221;100&#8243; gutter_size=&#8221;2&#8243; overlay_alpha=&#8221;50&#8243; shift_x=&#8221;0&#8243; shift_y=&#8221;0&#8243; shift_y_down=&#8221;0&#8243; z_index=&#8221;0&#8243; medium_width=&#8221;0&#8243; mobile_width=&#8221;0&#8243; width=&#8221;1\/3&#8243;][vc_single_image media=&#8221;4040&#8243; media_width_percent=&#8221;100&#8243; media_ratio=&#8221;four-three&#8221; shadow=&#8221;yes&#8221; shadow_weight=&#8221;sm&#8221; advanced=&#8221;yes&#8221; media_items=&#8221;media|original&#8221; media_overlay_opacity=&#8221;1&#8243; media_overlay_anim=&#8221;no&#8221; media_text_anim=&#8221;no&#8221; media_overlay_visible=&#8221;yes&#8221; media_image_anim=&#8221;no&#8221; media_v_position=&#8221;bottom&#8221; media_padding=&#8221;2&#8243; media_title_dimension=&#8221;h3&#8243; text_lead=&#8221;yes&#8221; media_title_custom=&#8221;Sauna&#8221;][vc_single_image media=&#8221;4056&#8243; media_width_percent=&#8221;100&#8243; media_ratio=&#8221;four-three&#8221; shadow=&#8221;yes&#8221; shadow_weight=&#8221;sm&#8221; advanced=&#8221;yes&#8221; media_items=&#8221;media|original&#8221; media_overlay_opacity=&#8221;1&#8243; media_overlay_anim=&#8221;no&#8221; media_text_anim=&#8221;no&#8221; media_overlay_visible=&#8221;yes&#8221; media_image_anim=&#8221;no&#8221; media_v_position=&#8221;bottom&#8221; media_padding=&#8221;2&#8243; media_title_dimension=&#8221;h3&#8243; text_lead=&#8221;yes&#8221; media_title_custom=&#8221;Sauna&#8221;][vc_single_image media=&#8221;4040&#8243; media_width_percent=&#8221;100&#8243; media_ratio=&#8221;four-three&#8221; shadow=&#8221;yes&#8221; shadow_weight=&#8221;sm&#8221; advanced=&#8221;yes&#8221; media_items=&#8221;media|original&#8221; media_overlay_opacity=&#8221;1&#8243; media_overlay_anim=&#8221;no&#8221; media_text_anim=&#8221;no&#8221; media_overlay_visible=&#8221;yes&#8221; media_image_anim=&#8221;no&#8221; media_v_position=&#8221;bottom&#8221; media_padding=&#8221;2&#8243; media_title_dimension=&#8221;h3&#8243; text_lead=&#8221;yes&#8221; media_title_custom=&#8221;Sauna&#8221;][vc_single_image media=&#8221;4052&#8243; media_width_percent=&#8221;100&#8243; media_ratio=&#8221;four-three&#8221; shadow=&#8221;yes&#8221; shadow_weight=&#8221;sm&#8221; advanced=&#8221;yes&#8221; media_items=&#8221;media|original&#8221; media_overlay_opacity=&#8221;1&#8243; media_overlay_anim=&#8221;no&#8221; media_text_anim=&#8221;no&#8221; media_overlay_visible=&#8221;yes&#8221; media_image_anim=&#8221;no&#8221; media_v_position=&#8221;bottom&#8221; media_padding=&#8221;2&#8243; media_title_dimension=&#8221;h3&#8243; text_lead=&#8221;yes&#8221; media_title_custom=&#8221;Sauna&#8221;][\/vc_column][vc_column column_width_percent=&#8221;100&#8243; gutter_size=&#8221;2&#8243; overlay_alpha=&#8221;50&#8243; shift_x=&#8221;0&#8243; shift_y=&#8221;0&#8243; shift_y_down=&#8221;0&#8243; z_index=&#8221;0&#8243; medium_width=&#8221;0&#8243; mobile_width=&#8221;0&#8243; width=&#8221;1\/3&#8243;][vc_single_image media=&#8221;4052&#8243; media_width_percent=&#8221;100&#8243; media_ratio=&#8221;four-three&#8221; shadow=&#8221;yes&#8221; shadow_weight=&#8221;sm&#8221; advanced=&#8221;yes&#8221; media_items=&#8221;media|original&#8221; media_overlay_opacity=&#8221;1&#8243; media_overlay_anim=&#8221;no&#8221; media_text_anim=&#8221;no&#8221; media_overlay_visible=&#8221;yes&#8221; media_image_anim=&#8221;no&#8221; media_v_position=&#8221;bottom&#8221; media_padding=&#8221;2&#8243; media_title_dimension=&#8221;h3&#8243; text_lead=&#8221;yes&#8221; media_title_custom=&#8221;Sauna&#8221;][vc_single_image media=&#8221;4064&#8243; media_width_percent=&#8221;100&#8243; media_ratio=&#8221;four-three&#8221; shadow=&#8221;yes&#8221; shadow_weight=&#8221;sm&#8221; advanced=&#8221;yes&#8221; media_items=&#8221;media|original&#8221; media_overlay_opacity=&#8221;1&#8243; media_overlay_anim=&#8221;no&#8221; media_text_anim=&#8221;no&#8221; media_overlay_visible=&#8221;yes&#8221; media_image_anim=&#8221;no&#8221; media_v_position=&#8221;bottom&#8221; media_padding=&#8221;2&#8243; media_title_dimension=&#8221;h3&#8243; text_lead=&#8221;yes&#8221; media_title_custom=&#8221;Sauna&#8221;][vc_single_image media=&#8221;4044&#8243; media_width_percent=&#8221;100&#8243; media_ratio=&#8221;four-three&#8221; shadow=&#8221;yes&#8221; shadow_weight=&#8221;sm&#8221; advanced=&#8221;yes&#8221; media_items=&#8221;media|original&#8221; media_overlay_opacity=&#8221;1&#8243; media_overlay_anim=&#8221;no&#8221; media_text_anim=&#8221;no&#8221; media_overlay_visible=&#8221;yes&#8221; media_image_anim=&#8221;no&#8221; media_v_position=&#8221;bottom&#8221; media_padding=&#8221;2&#8243; media_title_dimension=&#8221;h3&#8243; text_lead=&#8221;yes&#8221; media_title_custom=&#8221;Sauna&#8221;][vc_single_image media=&#8221;4064&#8243; media_width_percent=&#8221;100&#8243; media_ratio=&#8221;four-three&#8221; shadow=&#8221;yes&#8221; shadow_weight=&#8221;sm&#8221; advanced=&#8221;yes&#8221; media_items=&#8221;media|original&#8221; media_overlay_opacity=&#8221;1&#8243; media_overlay_anim=&#8221;no&#8221; media_text_anim=&#8221;no&#8221; media_overlay_visible=&#8221;yes&#8221; media_image_anim=&#8221;no&#8221; media_v_position=&#8221;bottom&#8221; media_padding=&#8221;2&#8243; media_title_dimension=&#8221;h3&#8243; text_lead=&#8221;yes&#8221; media_title_custom=&#8221;Sauna&#8221;][\/vc_column][\/vc_row]<\/p>\n<\/div>","protected":false},"excerpt":{"rendered":"<p>T\u00f6bbfunkci\u00f3s kongresszusi k\u00f6zpont t\u00f6k\u00e9letesen kiel\u00e9g\u00edt minden ig\u00e9nyt. Lehet\u0151s\u00e9get ny\u00fajt kongresszusok, szemin\u00e1riumok, \u00fcnnepi fogad\u00e1sok \u00e9s bankettek rendez\u00e9s\u00e9re.<\/p>\n","protected":false},"author":1,"featured_media":4047,"parent":2322,"menu_order":0,"comment_status":"closed","ping_status":"closed","template":"","meta":{"footnotes":""},"class_list":["post-1043","page","type-page","status-publish","has-post-thumbnail","hentry","page_category-congress-and-weddings-hu"],"_links":{"self":[{"href":"https:\/\/zora-hotel.com\/hu\/wp-json\/wp\/v2\/pages\/1043","targetHints":{"allow":["GET"]}}],"collection":[{"href":"https:\/\/zora-hotel.com\/hu\/wp-json\/wp\/v2\/pages"}],"about":[{"href":"https:\/\/zora-hotel.com\/hu\/wp-json\/wp\/v2\/types\/page"}],"author":[{"embeddable":true,"href":"https:\/\/zora-hotel.com\/hu\/wp-json\/wp\/v2\/users\/1"}],"replies":[{"embeddable":true,"href":"https:\/\/zora-hotel.com\/hu\/wp-json\/wp\/v2\/comments?post=1043"}],"version-history":[{"count":1,"href":"https:\/\/zora-hotel.com\/hu\/wp-json\/wp\/v2\/pages\/1043\/revisions"}],"predecessor-version":[{"id":6590,"href":"https:\/\/zora-hotel.com\/hu\/wp-json\/wp\/v2\/pages\/1043\/revisions\/6590"}],"up":[{"embeddable":true,"href":"https:\/\/zora-hotel.com\/hu\/wp-json\/wp\/v2\/pages\/2322"}],"wp:featuredmedia":[{"embeddable":true,"href":"https:\/\/zora-hotel.com\/hu\/wp-json\/wp\/v2\/media\/4047"}],"wp:attachment":[{"href":"https:\/\/zora-hotel.com\/hu\/wp-json\/wp\/v2\/media?parent=1043"}],"curies":[{"name":"wp","href":"https:\/\/api.w.org\/{rel}","templated":true}]}}