{"id":1021,"date":"2021-02-26T13:35:48","date_gmt":"2021-02-26T13:35:48","guid":{"rendered":"https:\/\/zora-hotel.com\/sports\/"},"modified":"2025-08-14T11:55:27","modified_gmt":"2025-08-14T09:55:27","slug":"sport","status":"publish","type":"page","link":"https:\/\/zora-hotel.com\/hu\/szabadidos-tevekenysegek\/sport\/","title":{"rendered":"Sport"},"content":{"rendered":"<div class=\"wpb-content-wrapper\"><p>[vc_row row_height_percent=&#8221;0&#8243; override_padding=&#8221;yes&#8221; h_padding=&#8221;2&#8243; top_padding=&#8221;3&#8243; bottom_padding=&#8221;2&#8243; overlay_alpha=&#8221;50&#8243; gutter_size=&#8221;3&#8243; column_width_percent=&#8221;100&#8243; shift_y=&#8221;0&#8243; z_index=&#8221;0&#8243;][vc_column column_width_use_pixel=&#8221;yes&#8221; position_horizontal=&#8221;left&#8221; gutter_size=&#8221;3&#8243; back_color=&#8221;color-207971&#8243; overlay_alpha=&#8221;50&#8243; border_color=&#8221;color-platinum&#8221; border_style=&#8221;solid&#8221; shift_x=&#8221;0&#8243; shift_y=&#8221;0&#8243; shift_y_down=&#8221;0&#8243; z_index=&#8221;0&#8243; medium_width=&#8221;0&#8243; mobile_width=&#8221;0&#8243; radius=&#8221;xs&#8221; width=&#8221;1\/1&#8243; column_width_pixel=&#8221;900&#8243; css=&#8221;.vc_custom_1615543737567{border-left-width: 3px !important;}&#8221;][uncode_breadcrumbs text_lead=&#8221;small&#8221;][vc_custom_heading heading_semantic=&#8221;h3&#8243; text_size=&#8221;h1&#8243; text_weight=&#8221;700&#8243;]Sport \u00e9s sz\u00f3rakoz\u00e1s[\/vc_custom_heading][vc_column_text]A Raduca f\u00e9lsziget ide\u00e1lis hely a hotel-tartalmakhoz, a feny\u0151k alatt sz\u00e1mos lehet\u0151s\u00e9g van a sportra \u00e9s a rekre\u00e1ci\u00f3ra.[\/vc_column_text][uncode_list icon=&#8221;fa fa-check&#8221; uncode_shortcode_id=&#8221;546354&#8243;]<\/p>\n<ul>\n<li>3 f\u00f6ldes teniszp\u00e1lya<\/li>\n<li>Multifunkci\u00f3s kos\u00e1rlabda \u00e9s focip\u00e1lya-strandr\u00f6plabda<\/li>\n<li>Minigolf<\/li>\n<li>Ballote (labdaj\u00e1t\u00e9k)<\/li>\n<li>V\u00edzibicikli b\u00e9rl\u00e9s<\/li>\n<li>V\u00edzi sportok (jet ski, ban\u00e1nhaj\u00f3, sikl\u00f3erny\u0151z\u00e9s a v\u00edz felett, stb.)<\/li>\n<li>Aquapark<\/li>\n<li>B\u00fav\u00e1rk\u00f6zpont<\/li>\n<\/ul>\n<p>[\/uncode_list][vc_column_text]K\u00fcl\u00f6n\u00f6sen kihangs\u00falyozzuk b\u00fav\u00e1rklubunk aj\u00e1nlat\u00e1t, mely b\u00fav\u00e1rtanfolyamokat, felfedez\u0151programokat \u00e9s b\u00fav\u00e1rkod\u00e1ssal egybek\u00f6t\u00f6tt haj\u00f3kir\u00e1ndul\u00e1sokat ny\u00fajt.[\/vc_column_text][vc_button button_color=&#8221;color-old-lavender&#8221; shadow=&#8221;yes&#8221; shadow_weight=&#8221;sm&#8221; border_width=&#8221;0&#8243; link=&#8221;url:https%3A%2F%2Fpongo.hr%2F|target:_blank&#8221;]T\u00f6bb inform\u00e1ci\u00f3[\/vc_button][\/vc_column][\/vc_row][vc_row row_height_percent=&#8221;0&#8243; override_padding=&#8221;yes&#8221; h_padding=&#8221;2&#8243; top_padding=&#8221;2&#8243; bottom_padding=&#8221;4&#8243; overlay_alpha=&#8221;50&#8243; equal_height=&#8221;yes&#8221; gutter_size=&#8221;2&#8243; column_width_percent=&#8221;100&#8243; shift_y=&#8221;0&#8243; z_index=&#8221;0&#8243; top_divider=&#8221;ray-opacity&#8221;][vc_column column_width_percent=&#8221;100&#8243; gutter_size=&#8221;2&#8243; overlay_alpha=&#8221;50&#8243; shift_x=&#8221;0&#8243; shift_y=&#8221;0&#8243; shift_y_down=&#8221;0&#8243; z_index=&#8221;0&#8243; medium_width=&#8221;0&#8243; mobile_width=&#8221;0&#8243; width=&#8221;1\/3&#8243;][vc_single_image media=&#8221;664&#8243; media_width_percent=&#8221;100&#8243; media_ratio=&#8221;four-three&#8221; shadow=&#8221;yes&#8221; shadow_weight=&#8221;sm&#8221; advanced=&#8221;yes&#8221; media_items=&#8221;media|original&#8221; media_overlay_opacity=&#8221;1&#8243; media_overlay_visible=&#8221;yes&#8221; media_overlay_anim=&#8221;no&#8221; media_text_anim=&#8221;no&#8221; media_image_anim=&#8221;no&#8221; media_v_position=&#8221;bottom&#8221; media_padding=&#8221;2&#8243; media_title_dimension=&#8221;h3&#8243; text_lead=&#8221;yes&#8221; media_title_custom=&#8221;Sauna&#8221;][vc_single_image media=&#8221;2741&#8243; media_width_percent=&#8221;100&#8243; media_ratio=&#8221;four-three&#8221; shadow=&#8221;yes&#8221; shadow_weight=&#8221;sm&#8221; advanced=&#8221;yes&#8221; media_items=&#8221;media|original&#8221; media_overlay_opacity=&#8221;1&#8243; media_overlay_visible=&#8221;yes&#8221; media_overlay_anim=&#8221;no&#8221; media_text_anim=&#8221;no&#8221; media_image_anim=&#8221;no&#8221; media_v_position=&#8221;bottom&#8221; media_padding=&#8221;2&#8243; media_title_dimension=&#8221;h3&#8243; text_lead=&#8221;yes&#8221; media_title_custom=&#8221;Sauna&#8221;][\/vc_column][vc_column column_width_percent=&#8221;100&#8243; gutter_size=&#8221;2&#8243; overlay_alpha=&#8221;50&#8243; shift_x=&#8221;0&#8243; shift_y=&#8221;0&#8243; shift_y_down=&#8221;0&#8243; z_index=&#8221;0&#8243; medium_width=&#8221;0&#8243; mobile_width=&#8221;0&#8243; width=&#8221;1\/3&#8243;][vc_single_image media=&#8221;2757&#8243; media_width_percent=&#8221;100&#8243; media_ratio=&#8221;four-three&#8221; shadow=&#8221;yes&#8221; shadow_weight=&#8221;sm&#8221; advanced=&#8221;yes&#8221; media_items=&#8221;media|original&#8221; media_overlay_opacity=&#8221;1&#8243; media_overlay_visible=&#8221;yes&#8221; media_overlay_anim=&#8221;no&#8221; media_text_anim=&#8221;no&#8221; media_image_anim=&#8221;no&#8221; media_v_position=&#8221;bottom&#8221; media_padding=&#8221;2&#8243; media_title_dimension=&#8221;h3&#8243; text_lead=&#8221;yes&#8221; media_title_custom=&#8221;Sauna&#8221;][\/vc_column][vc_column column_width_percent=&#8221;100&#8243; gutter_size=&#8221;2&#8243; overlay_alpha=&#8221;50&#8243; shift_x=&#8221;0&#8243; shift_y=&#8221;0&#8243; shift_y_down=&#8221;0&#8243; z_index=&#8221;0&#8243; medium_width=&#8221;0&#8243; mobile_width=&#8221;0&#8243; width=&#8221;1\/3&#8243;][vc_single_image media=&#8221;628&#8243; media_width_percent=&#8221;100&#8243; media_ratio=&#8221;four-three&#8221; shadow=&#8221;yes&#8221; shadow_weight=&#8221;sm&#8221; advanced=&#8221;yes&#8221; media_items=&#8221;media|original&#8221; media_overlay_opacity=&#8221;1&#8243; media_overlay_visible=&#8221;yes&#8221; media_overlay_anim=&#8221;no&#8221; media_text_anim=&#8221;no&#8221; media_image_anim=&#8221;no&#8221; media_v_position=&#8221;bottom&#8221; media_padding=&#8221;2&#8243; media_title_dimension=&#8221;h3&#8243; text_lead=&#8221;yes&#8221; media_title_custom=&#8221;Sauna&#8221;][\/vc_column][\/vc_row]<\/p>\n<\/div>","protected":false},"excerpt":{"rendered":"<p>[vc_row row_height_percent=&#8221;0&#8243; override_padding=&#8221;yes&#8221; h_padding=&#8221;2&#8243; top_padding=&#8221;3&#8243; bottom_padding=&#8221;2&#8243; overlay_alpha=&#8221;50&#8243; gutter_size=&#8221;3&#8243; column_width_percent=&#8221;100&#8243; shift_y=&#8221;0&#8243; z_index=&#8221;0&#8243;][vc_column column_width_use_pixel=&#8221;yes&#8221; position_horizontal=&#8221;left&#8221; gutter_size=&#8221;3&#8243; back_color=&#8221;color-207971&#8243; overlay_alpha=&#8221;50&#8243; border_color=&#8221;color-platinum&#8221; border_style=&#8221;solid&#8221; shift_x=&#8221;0&#8243; shift_y=&#8221;0&#8243; [&hellip;]<\/p>\n","protected":false},"author":1,"featured_media":2833,"parent":2314,"menu_order":0,"comment_status":"closed","ping_status":"closed","template":"","meta":{"footnotes":""},"class_list":["post-1021","page","type-page","status-publish","has-post-thumbnail","hentry","page_category-leisure-hu"],"_links":{"self":[{"href":"https:\/\/zora-hotel.com\/hu\/wp-json\/wp\/v2\/pages\/1021","targetHints":{"allow":["GET"]}}],"collection":[{"href":"https:\/\/zora-hotel.com\/hu\/wp-json\/wp\/v2\/pages"}],"about":[{"href":"https:\/\/zora-hotel.com\/hu\/wp-json\/wp\/v2\/types\/page"}],"author":[{"embeddable":true,"href":"https:\/\/zora-hotel.com\/hu\/wp-json\/wp\/v2\/users\/1"}],"replies":[{"embeddable":true,"href":"https:\/\/zora-hotel.com\/hu\/wp-json\/wp\/v2\/comments?post=1021"}],"version-history":[{"count":4,"href":"https:\/\/zora-hotel.com\/hu\/wp-json\/wp\/v2\/pages\/1021\/revisions"}],"predecessor-version":[{"id":6509,"href":"https:\/\/zora-hotel.com\/hu\/wp-json\/wp\/v2\/pages\/1021\/revisions\/6509"}],"up":[{"embeddable":true,"href":"https:\/\/zora-hotel.com\/hu\/wp-json\/wp\/v2\/pages\/2314"}],"wp:featuredmedia":[{"embeddable":true,"href":"https:\/\/zora-hotel.com\/hu\/wp-json\/wp\/v2\/media\/2833"}],"wp:attachment":[{"href":"https:\/\/zora-hotel.com\/hu\/wp-json\/wp\/v2\/media?parent=1021"}],"curies":[{"name":"wp","href":"https:\/\/api.w.org\/{rel}","templated":true}]}}