{"id":874,"date":"2021-02-26T13:34:46","date_gmt":"2021-02-26T13:34:46","guid":{"rendered":"https:\/\/zora-hotel.com\/excursions\/"},"modified":"2025-08-14T11:49:55","modified_gmt":"2025-08-14T09:49:55","slug":"izleti","status":"publish","type":"page","link":"https:\/\/zora-hotel.com\/hr\/slobodne-aktivnosti\/izleti\/","title":{"rendered":"Izleti"},"content":{"rendered":"<div class=\"wpb-content-wrapper\"><p>[vc_row row_height_percent=&#8221;0&#8243; override_padding=&#8221;yes&#8221; h_padding=&#8221;2&#8243; top_padding=&#8221;3&#8243; bottom_padding=&#8221;2&#8243; overlay_alpha=&#8221;50&#8243; gutter_size=&#8221;3&#8243; column_width_percent=&#8221;100&#8243; shift_y=&#8221;0&#8243; z_index=&#8221;0&#8243;][vc_column column_width_use_pixel=&#8221;yes&#8221; position_horizontal=&#8221;left&#8221; gutter_size=&#8221;3&#8243; back_color=&#8221;color-207971&#8243; overlay_alpha=&#8221;50&#8243; border_color=&#8221;color-platinum&#8221; border_style=&#8221;solid&#8221; shift_x=&#8221;0&#8243; shift_y=&#8221;0&#8243; shift_y_down=&#8221;0&#8243; z_index=&#8221;0&#8243; medium_width=&#8221;0&#8243; mobile_width=&#8221;0&#8243; radius=&#8221;xs&#8221; width=&#8221;1\/1&#8243; column_width_pixel=&#8221;900&#8243; css=&#8221;.vc_custom_1615543737567{border-left-width: 3px !important;}&#8221;][uncode_breadcrumbs text_lead=&#8221;small&#8221;][vc_custom_heading heading_semantic=&#8221;h3&#8243; text_size=&#8221;h1&#8243; text_weight=&#8221;700&#8243;]Izleti[\/vc_custom_heading][\/vc_column][\/vc_row][vc_row row_height_percent=&#8221;0&#8243; override_padding=&#8221;yes&#8221; h_padding=&#8221;2&#8243; top_padding=&#8221;2&#8243; bottom_padding=&#8221;2&#8243; overlay_alpha=&#8221;50&#8243; equal_height=&#8221;yes&#8221; gutter_size=&#8221;3&#8243; column_width_percent=&#8221;100&#8243; shift_y=&#8221;0&#8243; z_index=&#8221;0&#8243; el_class=&#8221;inverted-device-order&#8221;][vc_column column_width_percent=&#8221;100&#8243; position_horizontal=&#8221;left&#8221; gutter_size=&#8221;2&#8243; override_padding=&#8221;yes&#8221; column_padding=&#8221;2&#8243; back_color=&#8221;color-xsdn&#8221; overlay_alpha=&#8221;50&#8243; shift_x=&#8221;0&#8243; shift_y=&#8221;0&#8243; shift_y_down=&#8221;0&#8243; z_index=&#8221;0&#8243; medium_width=&#8221;0&#8243; mobile_width=&#8221;0&#8243; radius=&#8221;sm&#8221; shadow=&#8221;xs&#8221; width=&#8221;1\/3&#8243;][vc_custom_heading heading_semantic=&#8221;h3&#8243; text_size=&#8221;h3&#8243; text_weight=&#8221;700&#8243; sub_reduced=&#8221;yes&#8221;]Primo\u0161ten Burnji[\/vc_custom_heading][vc_separator sep_color=&#8221;color-uydo&#8221;][vc_column_text]Jurlinovi dvori &#8211; sa\u010duvani izvorni ambijent, kamene ku\u0107ice, netaknuta priroda i naporan rad ovda\u0161njih ljudi omogu\u0107it \u0107e vam uvid u dalmatinski \u017eivot kakav je bio prije stotinu godina. Osjetit \u0107ete sna\u017enu i neraskidivu povezanost \u010dovjeka i prirode. Uz autohtonu hranu &#8211; masline, pr\u0161ut, sir, smokve, dalmatinsku peku, u\u017eivajte u \u010duvenom vinu Babi\u0107 i zvucima dalmatinske klape.[\/vc_column_text][vc_column_text]<a href=\"http:\/\/www.jurlinovidvori.org\/\" target=\"_blank\" rel=\"noopener\"><strong>Website<\/strong><\/a><br \/>\n<strong>Prosje\u010dna udaljenost:<\/strong> 10 km[\/vc_column_text][\/vc_column][vc_column column_width_percent=&#8221;100&#8243; position_horizontal=&#8221;left&#8221; gutter_size=&#8221;2&#8243; override_padding=&#8221;yes&#8221; column_padding=&#8221;2&#8243; back_color=&#8221;color-xsdn&#8221; overlay_alpha=&#8221;50&#8243; shift_x=&#8221;0&#8243; shift_y=&#8221;0&#8243; shift_y_down=&#8221;0&#8243; z_index=&#8221;0&#8243; medium_width=&#8221;0&#8243; mobile_width=&#8221;0&#8243; radius=&#8221;sm&#8221; shadow=&#8221;xs&#8221; width=&#8221;1\/3&#8243;][vc_custom_heading heading_semantic=&#8221;h3&#8243; text_size=&#8221;h3&#8243; text_weight=&#8221;700&#8243; sub_reduced=&#8221;yes&#8221;]\u0160ibenik[\/vc_custom_heading][vc_separator sep_color=&#8221;color-uydo&#8221;][vc_column_text]Katedrala sv. Jakova \/ UNESCO<br \/>\nStara gradska jezgra[\/vc_column_text][vc_column_text]<a href=\"http:\/\/www.sibenik-tourism.hr\" target=\"_blank\" rel=\"noopener\"><strong>Website<\/strong><\/a><br \/>\n<strong>Prosje\u010dna udaljenost:<\/strong> 27 km[\/vc_column_text][\/vc_column][vc_column column_width_percent=&#8221;100&#8243; gutter_size=&#8221;2&#8243; override_padding=&#8221;yes&#8221; column_padding=&#8221;2&#8243; overlay_alpha=&#8221;50&#8243; shift_x=&#8221;0&#8243; shift_y=&#8221;0&#8243; shift_y_down=&#8221;0&#8243; z_index=&#8221;0&#8243; medium_width=&#8221;0&#8243; mobile_width=&#8221;0&#8243; radius=&#8221;sm&#8221; shadow=&#8221;xs&#8221; width=&#8221;1\/3&#8243;][vc_custom_heading heading_semantic=&#8221;h3&#8243; text_size=&#8221;h3&#8243; text_weight=&#8221;700&#8243; sub_reduced=&#8221;yes&#8221;]NP Krka[\/vc_custom_heading][vc_separator sep_color=&#8221;color-uydo&#8221;][vc_column_text]Skradinski buk, Ro\u0161ki slap, Visovac[\/vc_column_text][vc_column_text]<a href=\"http:\/\/www.npkrka.hr\" target=\"_blank\" rel=\"noopener\"><strong>Website<\/strong><\/a><br \/>\nAutomobilom ili brodom.<br \/>\n<strong>Prosje\u010dna udaljenost:<\/strong> 39 km[\/vc_column_text][\/vc_column][\/vc_row][vc_row row_height_percent=&#8221;0&#8243; override_padding=&#8221;yes&#8221; h_padding=&#8221;2&#8243; top_padding=&#8221;2&#8243; bottom_padding=&#8221;4&#8243; overlay_alpha=&#8221;50&#8243; equal_height=&#8221;yes&#8221; gutter_size=&#8221;3&#8243; column_width_percent=&#8221;100&#8243; shift_y=&#8221;0&#8243; z_index=&#8221;0&#8243; el_class=&#8221;inverted-device-order&#8221;][vc_column column_width_percent=&#8221;100&#8243; position_horizontal=&#8221;left&#8221; gutter_size=&#8221;2&#8243; override_padding=&#8221;yes&#8221; column_padding=&#8221;2&#8243; back_color=&#8221;color-xsdn&#8221; overlay_alpha=&#8221;50&#8243; shift_x=&#8221;0&#8243; shift_y=&#8221;0&#8243; shift_y_down=&#8221;0&#8243; z_index=&#8221;0&#8243; medium_width=&#8221;0&#8243; mobile_width=&#8221;0&#8243; radius=&#8221;sm&#8221; shadow=&#8221;xs&#8221; width=&#8221;1\/3&#8243;][vc_custom_heading heading_semantic=&#8221;h3&#8243; text_size=&#8221;h3&#8243; text_weight=&#8221;700&#8243; sub_reduced=&#8221;yes&#8221;]NP Kornati[\/vc_custom_heading][vc_separator sep_color=&#8221;color-uydo&#8221;][vc_column_text]Izleti brodom uz glazbu.[\/vc_column_text][vc_column_text]<a href=\"http:\/\/www.np-kornati.hr\" target=\"_blank\" rel=\"noopener\"><strong>Website<\/strong><\/a><br \/>\n<strong>Prosje\u010dna udaljenost:<\/strong> 3,5 sata vo\u017enje brodom[\/vc_column_text][\/vc_column][vc_column column_width_percent=&#8221;100&#8243; position_horizontal=&#8221;left&#8221; gutter_size=&#8221;2&#8243; override_padding=&#8221;yes&#8221; column_padding=&#8221;2&#8243; back_color=&#8221;color-xsdn&#8221; overlay_alpha=&#8221;50&#8243; shift_x=&#8221;0&#8243; shift_y=&#8221;0&#8243; shift_y_down=&#8221;0&#8243; z_index=&#8221;0&#8243; medium_width=&#8221;0&#8243; mobile_width=&#8221;0&#8243; radius=&#8221;sm&#8221; shadow=&#8221;xs&#8221; width=&#8221;1\/3&#8243;][vc_custom_heading heading_semantic=&#8221;h3&#8243; text_size=&#8221;h3&#8243; text_weight=&#8221;700&#8243; sub_reduced=&#8221;yes&#8221;]Trogir[\/vc_custom_heading][vc_separator sep_color=&#8221;color-uydo&#8221;][vc_column_text]Stari srednjovjekovni grad\/UNESCO[\/vc_column_text][vc_column_text]<strong><a href=\"http:\/\/www.croatia.hr\" target=\"_blank\" rel=\"noopener\">Website<\/a><\/strong><br \/>\n<strong>Prosje\u010dna udaljenost:<\/strong> 30 km[\/vc_column_text][\/vc_column][vc_column column_width_percent=&#8221;100&#8243; gutter_size=&#8221;2&#8243; override_padding=&#8221;yes&#8221; column_padding=&#8221;2&#8243; overlay_alpha=&#8221;50&#8243; shift_x=&#8221;0&#8243; shift_y=&#8221;0&#8243; shift_y_down=&#8221;0&#8243; z_index=&#8221;0&#8243; medium_width=&#8221;0&#8243; mobile_width=&#8221;0&#8243; radius=&#8221;sm&#8221; shadow=&#8221;xs&#8221; width=&#8221;1\/3&#8243;][vc_custom_heading heading_semantic=&#8221;h3&#8243; text_size=&#8221;h3&#8243; text_weight=&#8221;700&#8243; sub_reduced=&#8221;yes&#8221;]Split[\/vc_custom_heading][vc_separator sep_color=&#8221;color-uydo&#8221;][vc_column_text]Dioklecijanova pala\u010da\/UNESCO[\/vc_column_text][vc_column_text]<a href=\"http:\/\/www.visitsplit.com\" target=\"_blank\" rel=\"noopener\"><strong>Website<\/strong><\/a><br \/>\n<strong>Prosje\u010dna udaljenost:<\/strong> 65 km[\/vc_column_text][\/vc_column][\/vc_row]<\/p>\n<\/div>","protected":false},"excerpt":{"rendered":"<p>[vc_row row_height_percent=&#8221;0&#8243; override_padding=&#8221;yes&#8221; h_padding=&#8221;2&#8243; top_padding=&#8221;3&#8243; bottom_padding=&#8221;2&#8243; overlay_alpha=&#8221;50&#8243; gutter_size=&#8221;3&#8243; column_width_percent=&#8221;100&#8243; shift_y=&#8221;0&#8243; z_index=&#8221;0&#8243;][vc_column column_width_use_pixel=&#8221;yes&#8221; position_horizontal=&#8221;left&#8221; gutter_size=&#8221;3&#8243; back_color=&#8221;color-207971&#8243; overlay_alpha=&#8221;50&#8243; border_color=&#8221;color-platinum&#8221; border_style=&#8221;solid&#8221; shift_x=&#8221;0&#8243; shift_y=&#8221;0&#8243; [&hellip;]<\/p>\n","protected":false},"author":1,"featured_media":1574,"parent":2312,"menu_order":0,"comment_status":"closed","ping_status":"closed","template":"","meta":{"footnotes":""},"class_list":["post-874","page","type-page","status-publish","has-post-thumbnail","hentry","page_category-leisure-hr"],"_links":{"self":[{"href":"https:\/\/zora-hotel.com\/hr\/wp-json\/wp\/v2\/pages\/874","targetHints":{"allow":["GET"]}}],"collection":[{"href":"https:\/\/zora-hotel.com\/hr\/wp-json\/wp\/v2\/pages"}],"about":[{"href":"https:\/\/zora-hotel.com\/hr\/wp-json\/wp\/v2\/types\/page"}],"author":[{"embeddable":true,"href":"https:\/\/zora-hotel.com\/hr\/wp-json\/wp\/v2\/users\/1"}],"replies":[{"embeddable":true,"href":"https:\/\/zora-hotel.com\/hr\/wp-json\/wp\/v2\/comments?post=874"}],"version-history":[{"count":1,"href":"https:\/\/zora-hotel.com\/hr\/wp-json\/wp\/v2\/pages\/874\/revisions"}],"predecessor-version":[{"id":6585,"href":"https:\/\/zora-hotel.com\/hr\/wp-json\/wp\/v2\/pages\/874\/revisions\/6585"}],"up":[{"embeddable":true,"href":"https:\/\/zora-hotel.com\/hr\/wp-json\/wp\/v2\/pages\/2312"}],"wp:featuredmedia":[{"embeddable":true,"href":"https:\/\/zora-hotel.com\/hr\/wp-json\/wp\/v2\/media\/1574"}],"wp:attachment":[{"href":"https:\/\/zora-hotel.com\/hr\/wp-json\/wp\/v2\/media?parent=874"}],"curies":[{"name":"wp","href":"https:\/\/api.w.org\/{rel}","templated":true}]}}