{"id":834,"date":"2021-02-26T13:11:09","date_gmt":"2021-02-26T13:11:09","guid":{"rendered":"https:\/\/zora-hotel.com\/kids-club\/"},"modified":"2025-08-14T11:46:45","modified_gmt":"2025-08-14T09:46:45","slug":"djecji-klub","status":"publish","type":"page","link":"https:\/\/zora-hotel.com\/hr\/ponuda\/djecji-klub\/","title":{"rendered":"Dje\u010dji klub"},"content":{"rendered":"<div class=\"wpb-content-wrapper\"><p>[vc_row row_height_percent=&#8221;0&#8243; override_padding=&#8221;yes&#8221; h_padding=&#8221;2&#8243; top_padding=&#8221;3&#8243; bottom_padding=&#8221;2&#8243; overlay_alpha=&#8221;50&#8243; gutter_size=&#8221;3&#8243; column_width_percent=&#8221;100&#8243; shift_y=&#8221;0&#8243; z_index=&#8221;0&#8243;][vc_column column_width_use_pixel=&#8221;yes&#8221; position_horizontal=&#8221;left&#8221; gutter_size=&#8221;3&#8243; back_color=&#8221;color-207971&#8243; overlay_alpha=&#8221;50&#8243; border_color=&#8221;color-platinum&#8221; border_style=&#8221;solid&#8221; shift_x=&#8221;0&#8243; shift_y=&#8221;0&#8243; shift_y_down=&#8221;0&#8243; z_index=&#8221;0&#8243; medium_width=&#8221;0&#8243; mobile_width=&#8221;0&#8243; radius=&#8221;xs&#8221; width=&#8221;1\/1&#8243; column_width_pixel=&#8221;900&#8243; css=&#8221;.vc_custom_1615543627970{border-left-width: 3px !important;}&#8221;][uncode_breadcrumbs text_lead=&#8221;small&#8221;][vc_custom_heading text_weight=&#8221;700&#8243;]U dje\u010djem klubu sve je opremljeno po mjeri na\u0161ih najmla\u0111ih gostiju[\/vc_custom_heading][vc_column_text uncode_shortcode_id=&#8221;397421&#8243;]Velika klimatizirana igraonica, toaleti. U dvori\u0161tu dje\u010djega kluba nalaze se dva bazena, junior bazen (30 cm dubine za djecu nepliva\u010de), te senior bazen (70 cm dubine za djecu pliva\u010de). Otvoreno u sezoni, ovisno o vremenskim uvjetima.[\/vc_column_text][\/vc_column][\/vc_row][vc_row row_height_percent=&#8221;0&#8243; override_padding=&#8221;yes&#8221; h_padding=&#8221;2&#8243; top_padding=&#8221;2&#8243; bottom_padding=&#8221;3&#8243; overlay_alpha=&#8221;50&#8243; gutter_size=&#8221;2&#8243; column_width_percent=&#8221;100&#8243; shift_y=&#8221;0&#8243; z_index=&#8221;0&#8243; top_divider=&#8221;ray-opacity&#8221;][vc_column column_width_percent=&#8221;100&#8243; gutter_size=&#8221;2&#8243; overlay_alpha=&#8221;50&#8243; shift_x=&#8221;0&#8243; shift_y=&#8221;0&#8243; shift_y_down=&#8221;0&#8243; z_index=&#8221;0&#8243; medium_width=&#8221;0&#8243; mobile_width=&#8221;0&#8243; width=&#8221;1\/3&#8243;][vc_single_image media=&#8221;2113&#8243; media_width_percent=&#8221;100&#8243; media_ratio=&#8221;four-three&#8221; shadow=&#8221;yes&#8221; shadow_weight=&#8221;sm&#8221; advanced=&#8221;yes&#8221; media_items=&#8221;media|original,title&#8221; media_overlay_color=&#8221;color-jevc&#8221; media_overlay_coloration=&#8221;bottom_gradient&#8221; media_overlay_opacity=&#8221;50&#8243; media_overlay_visible=&#8221;yes&#8221; media_overlay_anim=&#8221;no&#8221; media_text_visible=&#8221;yes&#8221; media_text_anim=&#8221;no&#8221; media_image_anim=&#8221;no&#8221; media_v_position=&#8221;bottom&#8221; media_padding=&#8221;2&#8243; media_title_dimension=&#8221;h3&#8243; text_lead=&#8221;yes&#8221; media_title_custom=&#8221;Sportske aktivnosti&#8221;][vc_single_image media=&#8221;2065&#8243; media_width_percent=&#8221;100&#8243; media_ratio=&#8221;four-three&#8221; shadow=&#8221;yes&#8221; shadow_weight=&#8221;sm&#8221; advanced=&#8221;yes&#8221; media_items=&#8221;media|original,title&#8221; media_overlay_color=&#8221;color-jevc&#8221; media_overlay_coloration=&#8221;bottom_gradient&#8221; media_overlay_opacity=&#8221;50&#8243; media_overlay_visible=&#8221;yes&#8221; media_overlay_anim=&#8221;no&#8221; media_text_visible=&#8221;yes&#8221; media_text_anim=&#8221;no&#8221; media_image_anim=&#8221;no&#8221; media_v_position=&#8221;bottom&#8221; media_padding=&#8221;2&#8243; media_title_dimension=&#8221;h3&#8243; text_lead=&#8221;yes&#8221; media_title_custom=&#8221;\u0160etnje u prirodi&#8221;][\/vc_column][vc_column column_width_percent=&#8221;100&#8243; gutter_size=&#8221;2&#8243; overlay_alpha=&#8221;50&#8243; shift_x=&#8221;0&#8243; shift_y=&#8221;0&#8243; shift_y_down=&#8221;0&#8243; z_index=&#8221;0&#8243; medium_width=&#8221;0&#8243; mobile_width=&#8221;0&#8243; width=&#8221;1\/3&#8243;][vc_single_image media=&#8221;232&#8243; media_width_percent=&#8221;100&#8243; media_ratio=&#8221;four-three&#8221; shadow=&#8221;yes&#8221; shadow_weight=&#8221;sm&#8221; advanced=&#8221;yes&#8221; media_items=&#8221;media|original,title&#8221; media_overlay_color=&#8221;color-jevc&#8221; media_overlay_coloration=&#8221;bottom_gradient&#8221; media_overlay_opacity=&#8221;50&#8243; media_overlay_visible=&#8221;yes&#8221; media_overlay_anim=&#8221;no&#8221; media_text_visible=&#8221;yes&#8221; media_text_anim=&#8221;no&#8221; media_image_anim=&#8221;no&#8221; media_v_position=&#8221;bottom&#8221; media_padding=&#8221;2&#8243; media_title_dimension=&#8221;h3&#8243; text_lead=&#8221;yes&#8221; media_title_custom=&#8221;Likovna radionica&#8221;][vc_single_image media=&#8221;924&#8243; media_width_percent=&#8221;100&#8243; media_ratio=&#8221;four-three&#8221; shadow=&#8221;yes&#8221; shadow_weight=&#8221;sm&#8221; advanced=&#8221;yes&#8221; media_items=&#8221;media|original,title&#8221; media_overlay_color=&#8221;color-jevc&#8221; media_overlay_coloration=&#8221;bottom_gradient&#8221; media_overlay_opacity=&#8221;50&#8243; media_overlay_visible=&#8221;yes&#8221; media_overlay_anim=&#8221;no&#8221; media_text_visible=&#8221;yes&#8221; media_text_anim=&#8221;no&#8221; media_image_anim=&#8221;no&#8221; media_v_position=&#8221;bottom&#8221; media_padding=&#8221;2&#8243; media_title_dimension=&#8221;h3&#8243; text_lead=&#8221;yes&#8221; media_title_custom=&#8221;Mini-disko&#8221;][\/vc_column][vc_column column_width_percent=&#8221;100&#8243; gutter_size=&#8221;2&#8243; overlay_alpha=&#8221;50&#8243; shift_x=&#8221;0&#8243; shift_y=&#8221;0&#8243; shift_y_down=&#8221;0&#8243; z_index=&#8221;0&#8243; medium_width=&#8221;0&#8243; mobile_width=&#8221;0&#8243; width=&#8221;1\/3&#8243;][vc_single_image media=&#8221;242&#8243; media_width_percent=&#8221;100&#8243; media_ratio=&#8221;four-three&#8221; shadow=&#8221;yes&#8221; shadow_weight=&#8221;sm&#8221; advanced=&#8221;yes&#8221; media_items=&#8221;media|original,title&#8221; media_overlay_color=&#8221;color-jevc&#8221; media_overlay_coloration=&#8221;bottom_gradient&#8221; media_overlay_opacity=&#8221;50&#8243; media_overlay_visible=&#8221;yes&#8221; media_overlay_anim=&#8221;no&#8221; media_text_visible=&#8221;yes&#8221; media_text_anim=&#8221;no&#8221; media_image_anim=&#8221;no&#8221; media_v_position=&#8221;bottom&#8221; media_padding=&#8221;2&#8243; media_title_dimension=&#8221;h3&#8243; text_lead=&#8221;yes&#8221; media_title_custom=&#8221;Tematski dani i radionice&#8221;][vc_single_image media=&#8221;3418&#8243; media_width_percent=&#8221;100&#8243; media_ratio=&#8221;four-three&#8221; shadow=&#8221;yes&#8221; shadow_weight=&#8221;sm&#8221; advanced=&#8221;yes&#8221; media_items=&#8221;media|original,title&#8221; media_overlay_color=&#8221;color-jevc&#8221; media_overlay_coloration=&#8221;bottom_gradient&#8221; media_overlay_opacity=&#8221;50&#8243; media_overlay_visible=&#8221;yes&#8221; media_overlay_anim=&#8221;no&#8221; media_text_visible=&#8221;yes&#8221; media_text_anim=&#8221;no&#8221; media_image_anim=&#8221;no&#8221; media_v_position=&#8221;bottom&#8221; media_padding=&#8221;2&#8243; media_title_dimension=&#8221;h3&#8243; text_lead=&#8221;yes&#8221; media_title_custom=&#8221;Plivanje&#8221;][\/vc_column][\/vc_row]<\/p>\n<\/div>","protected":false},"excerpt":{"rendered":"<p>U dje\u010djem klubu sve je opremljeno po mjeri na\u0161ih najmla\u0111ih gostiju<\/p>\n","protected":false},"author":1,"featured_media":2137,"parent":2299,"menu_order":0,"comment_status":"closed","ping_status":"closed","template":"","meta":{"footnotes":""},"class_list":["post-834","page","type-page","status-publish","has-post-thumbnail","hentry","page_category-offer-hr"],"_links":{"self":[{"href":"https:\/\/zora-hotel.com\/hr\/wp-json\/wp\/v2\/pages\/834","targetHints":{"allow":["GET"]}}],"collection":[{"href":"https:\/\/zora-hotel.com\/hr\/wp-json\/wp\/v2\/pages"}],"about":[{"href":"https:\/\/zora-hotel.com\/hr\/wp-json\/wp\/v2\/types\/page"}],"author":[{"embeddable":true,"href":"https:\/\/zora-hotel.com\/hr\/wp-json\/wp\/v2\/users\/1"}],"replies":[{"embeddable":true,"href":"https:\/\/zora-hotel.com\/hr\/wp-json\/wp\/v2\/comments?post=834"}],"version-history":[{"count":1,"href":"https:\/\/zora-hotel.com\/hr\/wp-json\/wp\/v2\/pages\/834\/revisions"}],"predecessor-version":[{"id":6256,"href":"https:\/\/zora-hotel.com\/hr\/wp-json\/wp\/v2\/pages\/834\/revisions\/6256"}],"up":[{"embeddable":true,"href":"https:\/\/zora-hotel.com\/hr\/wp-json\/wp\/v2\/pages\/2299"}],"wp:featuredmedia":[{"embeddable":true,"href":"https:\/\/zora-hotel.com\/hr\/wp-json\/wp\/v2\/media\/2137"}],"wp:attachment":[{"href":"https:\/\/zora-hotel.com\/hr\/wp-json\/wp\/v2\/media?parent=834"}],"curies":[{"name":"wp","href":"https:\/\/api.w.org\/{rel}","templated":true}]}}