{"id":6141,"date":"2022-07-20T13:37:00","date_gmt":"2022-07-20T11:37:00","guid":{"rendered":"https:\/\/zora-hotel.com\/?page_id=6141"},"modified":"2022-07-20T13:40:06","modified_gmt":"2022-07-20T11:40:06","slug":"zastita-potrosaca","status":"publish","type":"page","link":"https:\/\/zora-hotel.com\/hr\/zastita-potrosaca\/","title":{"rendered":"Za\u0161tita potro\u0161a\u010da"},"content":{"rendered":"<div class=\"wpb-content-wrapper\"><p>[vc_row row_height_percent=&#8221;0&#8243; override_padding=&#8221;yes&#8221; h_padding=&#8221;2&#8243; top_padding=&#8221;3&#8243; bottom_padding=&#8221;2&#8243; overlay_alpha=&#8221;50&#8243; gutter_size=&#8221;3&#8243; column_width_percent=&#8221;100&#8243; shift_y=&#8221;0&#8243; z_index=&#8221;0&#8243;][vc_column column_width_use_pixel=&#8221;yes&#8221; position_horizontal=&#8221;left&#8221; gutter_size=&#8221;3&#8243; back_color=&#8221;color-207971&#8243; overlay_alpha=&#8221;50&#8243; border_color=&#8221;color-platinum&#8221; border_style=&#8221;solid&#8221; shift_x=&#8221;0&#8243; shift_y=&#8221;0&#8243; shift_y_down=&#8221;0&#8243; z_index=&#8221;0&#8243; medium_width=&#8221;0&#8243; mobile_width=&#8221;0&#8243; radius=&#8221;xs&#8221; width=&#8221;1\/1&#8243; column_width_pixel=&#8221;900&#8243; css=&#8221;.vc_custom_1615543737567{border-left-width: 3px !important;}&#8221;][vc_custom_heading auto_text=&#8221;yes&#8221; heading_semantic=&#8221;h3&#8243; text_size=&#8221;h1&#8243; text_weight=&#8221;700&#8243;][\/vc_custom_heading][vc_column_text uncode_shortcode_id=&#8221;213917&#8243;]Sukladno propisima o ugostiteljskoj djelatnosti i za\u0161titi potro\u0161a\u010da, u nastavku mo\u017eete prona\u0107i obavijesti o na\u010dinu podno\u0161enja kao i obrazac pisanog prigovora.<\/p>\n<p><strong>OBAVIJEST O NA\u010cINU PODNO\u0160ENJA PRIGOVORA<\/strong><\/p>\n<p><span lang=\"HR\">Dragi gosti, sukladno propisima o ugostiteljskoj djelatnosti i za\u0161titi potro\u0161a\u010da, obavje\u0161tavamo Vas da pisani prigovor na kvalitetu pru\u017eene usluge mo\u017eete podnijeti na jedan od sljede\u0107ih na\u010dina: <\/span><\/p>\n<ul>\n<li><span lang=\"HR\">osobno na recepciji hotela, uz potvrdu da je prigovor zaprimljen<\/span><\/li>\n<li>po\u0161tom na adresu: Primo\u0161ten hoteli d.o.o., Radu\u010da 11, 22202 Primo\u0161ten<\/li>\n<li>putem e-mail adrese: <a href=\"mailto:hotel-zora@zora-hotel.com\">hotel-zora@zora-hotel.com<\/a><\/li>\n<\/ul>\n<p><span lang=\"HR\">Na Va\u0161 prigovor odgovoriti \u0107emo u pisanom obliku najkasnije u roku od 15 dana od dana kada je isti zaprimljen. <\/span>[\/vc_column_text][vc_button button_color=&#8221;color-oxford&#8221; border_width=&#8221;0&#8243; icon_position=&#8221;right&#8221; link=&#8221;url:https%3A%2F%2Fzora-hotel.com%2Fwp-content%2Fuploads%2F2022%2F07%2FPisani-prigovor.pdf|target:_blank&#8221; button_color_type=&#8221;uncode-palette&#8221; uncode_shortcode_id=&#8221;142167&#8243; icon=&#8221;fa fa-download3&#8243;]Pisani prigovor[\/vc_button][\/vc_column][\/vc_row]<\/p>\n<\/div>","protected":false},"excerpt":{"rendered":"<p>[vc_row row_height_percent=&#8221;0&#8243; override_padding=&#8221;yes&#8221; h_padding=&#8221;2&#8243; top_padding=&#8221;3&#8243; bottom_padding=&#8221;2&#8243; overlay_alpha=&#8221;50&#8243; gutter_size=&#8221;3&#8243; column_width_percent=&#8221;100&#8243; shift_y=&#8221;0&#8243; z_index=&#8221;0&#8243;][vc_column column_width_use_pixel=&#8221;yes&#8221; position_horizontal=&#8221;left&#8221; gutter_size=&#8221;3&#8243; back_color=&#8221;color-207971&#8243; overlay_alpha=&#8221;50&#8243; border_color=&#8221;color-platinum&#8221; border_style=&#8221;solid&#8221; shift_x=&#8221;0&#8243; shift_y=&#8221;0&#8243; [&hellip;]<\/p>\n","protected":false},"author":1,"featured_media":0,"parent":0,"menu_order":0,"comment_status":"closed","ping_status":"closed","template":"","meta":{"footnotes":""},"class_list":["post-6141","page","type-page","status-publish","hentry"],"_links":{"self":[{"href":"https:\/\/zora-hotel.com\/hr\/wp-json\/wp\/v2\/pages\/6141","targetHints":{"allow":["GET"]}}],"collection":[{"href":"https:\/\/zora-hotel.com\/hr\/wp-json\/wp\/v2\/pages"}],"about":[{"href":"https:\/\/zora-hotel.com\/hr\/wp-json\/wp\/v2\/types\/page"}],"author":[{"embeddable":true,"href":"https:\/\/zora-hotel.com\/hr\/wp-json\/wp\/v2\/users\/1"}],"replies":[{"embeddable":true,"href":"https:\/\/zora-hotel.com\/hr\/wp-json\/wp\/v2\/comments?post=6141"}],"version-history":[{"count":0,"href":"https:\/\/zora-hotel.com\/hr\/wp-json\/wp\/v2\/pages\/6141\/revisions"}],"wp:attachment":[{"href":"https:\/\/zora-hotel.com\/hr\/wp-json\/wp\/v2\/media?parent=6141"}],"curies":[{"name":"wp","href":"https:\/\/api.w.org\/{rel}","templated":true}]}}