{"id":5878,"date":"2022-04-01T16:28:58","date_gmt":"2022-04-01T14:28:58","guid":{"rendered":"https:\/\/zora-hotel.com\/?page_id=5878"},"modified":"2022-04-12T21:18:40","modified_gmt":"2022-04-12T19:18:40","slug":"placanje-karticama","status":"publish","type":"page","link":"https:\/\/zora-hotel.com\/hr\/placanje-karticama\/","title":{"rendered":"Pla\u0107anje karticama"},"content":{"rendered":"<div class=\"vc_custom_heading_wrap \">\n<div class=\"heading-text el-text\">\n<p style=\"font-weight: 400;\"><strong>Hotel Zora<\/strong><br \/>\n<strong>Primo\u0161ten hoteli d.o.o.<\/strong><br \/>\n<strong>Radu\u010da ul. 11, 22202, Primo\u0161ten,<\/strong><br \/>\n<strong>OIB: 20719186567<\/strong><br \/>\n<strong>MB: 01742353<\/strong><\/p>\n<\/div>\n<\/div>\n<p>Requests and reservations are accepted via our web pages (e-mail or registration form), by post, telephone, fax<br \/>\nor personally at the hotel reception.<br \/>\nAs the reservation would be valid the user needs to pay the advanced payment in the minimum amount of EUR<br \/>\n100,00 or BAM 200,00, or the amount agreed with the Sales department of the hotel<br \/>\nThe advanced payments can be effectuated ONLINE\/BY CREDIT CARDS or OFFLINE via bank remittances, and<br \/>\npersonally at the hotel reception<br \/>\nThe final account is carried out at the hotel reception prior departure.<br \/>\nSpecified prices are informative, and the hotel reserves the right to make changes. The change of the reservation<br \/>\nis possible only in writing.For additional information, the Sales department of the hotel is at your disposal: phone<br \/>\n+385 (0)22 581 111, fax: +385 (0)22 570 302, e-mail: hotel-zora@zora-hotel.com<\/p>\n<p>&nbsp;<\/p>\n<p><strong>Sigurnost pla\u0107anja kreditnim karticama<\/strong><br \/>\nTajnost Va\u0161ih podataka je za\u0161ti\u0107ena i osigurana kori\u0161tenjem posljednje verzije TLS enkripcije. Stranice za naplatu<br \/>\nputem interneta osigurane su kori\u0161tenjem Secure Socket Layer (SSL) protokola sa 128-bitnom enkripcijom<br \/>\npodataka. SSL enkripcija je postupak \u0161ifriranja podataka radi sprje\u010davanja neovla\u0161tenog pristupa prilikom<br \/>\nnjihovog prijenosa.<br \/>\nTime je omogu\u0107en siguran prijenos informacija te onemogu\u0107en nedozvoljen pristup podacima prilikom<br \/>\nkomunikacije izme\u0111u korisnikovog ra\u010dunala i WebPay servisa, te obratno.<br \/>\nWebPay servis i financijske ustanove razmjenjuju podatke uporabom virtualne privatne mre\u017ee (VPN), koja je<br \/>\nza\u0161ti\u0107ena od neautoriziranog pristupa.<br \/>\nMonri Payment Gateway je certificiran prema PCI DSS Level 1 sigurnosnom standardu propisanom Visa i<br \/>\nMastercard pravilima.<br \/>\nTrgovac ne pohranjuje brojeve kreditnih kartica i brojevi nisu dostupni neovla\u0161tenim osobama.<\/p>\n<p><strong>Credit card purchase security statement<\/strong><br \/>\nConfidentiality of your information is protected and secured by using latest TLS encryption. Pages for web<br \/>\npayment are secured by using Secure Socket Layer (SSL) protocol with 128-bit data encryption. SSL encryption is<br \/>\na data coding procedure for prevention of unauthorized access during data transfer.<br \/>\nThis enables a secure data transfer and prevents unauthorized data access during communication between user<br \/>\nand Monri WebPay Payment Gateway and vice versa.<br \/>\nMonri WebPay Payment Gateway and financial institutions exchange data by using their virtual private network<br \/>\n(VPN) which is also protected from unauthorized access.<br \/>\nMonri Payments is PCI DSS Level 1 certified payment service provider.<br \/>\nCredit card numbers are not stored by Merchant and are not available to unauthorized personnel.<\/p>\n<p>&nbsp;<\/p>\n<p><strong>Izjava o za\u0161titi i prikupljanju osobnih podataka<\/strong><br \/>\nObavezujemo se pru\u017eati za\u0161titu osobnim podacima kupaca, na na\u010din da prikupljamo samo nu\u017ene, osnovne<br \/>\npodatke o kupcima \/ korisnicima koji su nu\u017eniza ispunjenje na\u0161ih obveza; informiramo kupce o na\u010dinu kori\u0161tenja<br \/>\nprikupljenih podataka, redovito dajemo kupcima mogu\u0107nost izbora o upotrebi njihovih podataka, uklju\u010duju\u0107i<br \/>\nmogu\u0107nost odluke \u017eele li ili ne da se njihovo ime ukloni s lista koje se koriste za marketin\u0161ke kampanje.<br \/>\nSvi se podaci o korisnicima strogo \u010duvaju i dostupni su samo djelatnicima kojima su ti podaci nu\u017eni za obavljanje<br \/>\nposla. Svi na\u0161i djelatnici i poslovni partneri odgovorni su za po\u0161tivanje na\u010dela za\u0161tite privatnosti.<\/p>\n<p><strong>Personal data gathering and protection statement<\/strong><br \/>\nWe are committed to provide service of protection of our customer&#8217;s personal data in a way that we collect only<br \/>\nessential basic information about our buyers that are necessary for fulfilling our obligations. We also inform our<br \/>\ncustomers about the way we collect information and regularly give customers an option about how their<br \/>\ninformation will be used, including the possibility to decide whether their name should be included or omitted<br \/>\nfrom the lists used for marketing campaigns.<br \/>\nAll user information is strictly guarded and are available only to the employees who need that information for<br \/>\ncompleting the job.<br \/>\nAll our employees and business partners are responsible to follow the principles of confidentiality protection.<\/p>\n<p>Pla\u0107anje<br \/>\nNaru\u010deni usluge pla\u0107aju se online jednom od kreditnih kartica: Mastercard, Maestro ,Visa i Diners Club.<\/p>\n<p><strong><a href=\"www.mastercard.com\"><img loading=\"lazy\" decoding=\"async\" class=\"alignnone wp-image-5888 size-full\" src=\"https:\/\/zora-hotel.com\/wp-content\/uploads\/2022\/04\/mc_vrt_opt_pos_46_3x-e1649790851832.png\" alt=\"-\" width=\"70\" height=\"46\" title=\"\"><\/a><a href=\"https:\/\/brand.mastercard.com\/brandcenter\/more-about-our-brands.html\" target=\"_blank\" rel=\"noopener\"><img loading=\"lazy\" decoding=\"async\" class=\"alignnone wp-image-5892 size-full\" src=\"https:\/\/zora-hotel.com\/wp-content\/uploads\/2022\/04\/ms_vrt_opt_pos_53_3x-e1649790876991.png\" alt=\"-\" width=\"70\" height=\"58\" title=\"\"><\/a><a href=\"https:\/\/www.visaeurope.com\" target=\"_blank\" rel=\"noopener\"><img loading=\"lazy\" decoding=\"async\" class=\"alignnone wp-image-5896 size-full\" src=\"https:\/\/zora-hotel.com\/wp-content\/uploads\/2022\/04\/Visa-2015-50.gif\" alt=\"-\" width=\"80\" height=\"50\" title=\"\"> <\/a><a href=\"- https:\/\/www.dinersclub.com\"><img loading=\"lazy\" decoding=\"async\" class=\"alignnone wp-image-5900\" src=\"https:\/\/zora-hotel.com\/wp-content\/uploads\/2022\/04\/Diners50.gif\" alt=\"-\" width=\"192\" height=\"50\" title=\"\"> <\/a><img loading=\"lazy\" decoding=\"async\" class=\"alignnone wp-image-5904 size-full\" src=\"https:\/\/zora-hotel.com\/wp-content\/uploads\/2022\/04\/Discover-e1649791031246.png\" alt=\"-\" width=\"70\" height=\"45\" title=\"\"><\/strong><\/p>\n<p>&nbsp;<\/p>\n<p><strong><img loading=\"lazy\" decoding=\"async\" class=\"alignnone wp-image-5909 size-full\" src=\"https:\/\/zora-hotel.com\/wp-content\/uploads\/2022\/04\/visa-secure_blu_72dpi-e1649787182619.jpg\" alt=\"-\" width=\"70\" height=\"70\" title=\"\">\u00a0 <a href=\"www.mastercard.com\"><img loading=\"lazy\" decoding=\"async\" class=\"alignnone wp-image-5913 size-full\" src=\"https:\/\/zora-hotel.com\/wp-content\/uploads\/2022\/04\/mc_idcheck_hrz_rgb_pos-e1649787536467.png\" alt=\"-\" width=\"150\" height=\"43\" title=\"\"><\/a><img loading=\"lazy\" decoding=\"async\" class=\"alignnone wp-image-5917 size-full\" src=\"https:\/\/zora-hotel.com\/wp-content\/uploads\/2022\/04\/diners_sigurna-kupnja-e1649791084559.png\" alt=\"-\" width=\"70\" height=\"29\" title=\"\"> <a href=\"http:\/\/monri.com\/\" target=\"_blank\" rel=\"noopener\"><img loading=\"lazy\" decoding=\"async\" class=\"alignnone wp-image-5921 size-full\" src=\"https:\/\/zora-hotel.com\/wp-content\/uploads\/2022\/04\/monri_footer-e1649787010572.png\" alt=\"-\" width=\"100\" height=\"46\" title=\"\"><\/a><\/strong><\/p>\n<p><strong>Cancellation conditions<\/strong><br \/>\nThe reservation is valid from the date the advanced payment or the reservation fee is paid and kept until 24:00<br \/>\nhrs at the day of arrival to the hotel.<br \/>\nThe reservation can be cancelled in writing, by e-mail of by fax30 days prior arrival latest i.e. before using the<br \/>\nordered and reserved services. The hotel reserves the right to keep the amount of Eur 100,00 (BAM 200,00) per<br \/>\nroom for reservation expenses.<br \/>\nIn case the reservation prepaid in full amount is cancelled within 1-30 days prior arrival i.e. before using the<br \/>\nordered and reserved services, the hotel has no obligation to return 30% of the prepaid amount, the exception<br \/>\nbeing illness or vis major. In case of no show the hotel keeps 100% of the prepaid advanced payment or<br \/>\nreservation fee.<\/p>\n<p>&nbsp;<\/p>\n<p>All payments will be affected in Croatian currency. The amount your credit card account will be charged for<br \/>\nis obtained through the conversion of the price in Euro into Croatian Kuna according to the current exchange<br \/>\nrate of the local Croatian National bank. When charging your credit card, the same amount is converted into<br \/>\nyour local currency according to the exchange rate of credit card associations. As a result of this conversion<br \/>\nthere is a possibility of a slight difference from the original price stated in our web site.<\/p>\n","protected":false},"excerpt":{"rendered":"<p>Hotel Zora Primo\u0161ten hoteli d.o.o. Radu\u010da ul. 11, 22202, Primo\u0161ten, OIB: 20719186567 MB: 01742353 Requests and reservations are accepted via [&hellip;]<\/p>\n","protected":false},"author":3,"featured_media":0,"parent":0,"menu_order":0,"comment_status":"closed","ping_status":"closed","template":"","meta":{"footnotes":""},"class_list":["post-5878","page","type-page","status-publish","hentry"],"_links":{"self":[{"href":"https:\/\/zora-hotel.com\/hr\/wp-json\/wp\/v2\/pages\/5878","targetHints":{"allow":["GET"]}}],"collection":[{"href":"https:\/\/zora-hotel.com\/hr\/wp-json\/wp\/v2\/pages"}],"about":[{"href":"https:\/\/zora-hotel.com\/hr\/wp-json\/wp\/v2\/types\/page"}],"author":[{"embeddable":true,"href":"https:\/\/zora-hotel.com\/hr\/wp-json\/wp\/v2\/users\/3"}],"replies":[{"embeddable":true,"href":"https:\/\/zora-hotel.com\/hr\/wp-json\/wp\/v2\/comments?post=5878"}],"version-history":[{"count":0,"href":"https:\/\/zora-hotel.com\/hr\/wp-json\/wp\/v2\/pages\/5878\/revisions"}],"wp:attachment":[{"href":"https:\/\/zora-hotel.com\/hr\/wp-json\/wp\/v2\/media?parent=5878"}],"curies":[{"name":"wp","href":"https:\/\/api.w.org\/{rel}","templated":true}]}}