{"id":5124,"date":"2021-04-30T11:04:03","date_gmt":"2021-04-30T09:04:03","guid":{"rendered":"https:\/\/zora-hotel.com\/hotel-zora-health-and-saftey-info\/"},"modified":"2024-02-22T14:15:27","modified_gmt":"2024-02-22T12:15:27","slug":"hotel-zora-health-and-saftey-info","status":"publish","type":"page","link":"https:\/\/zora-hotel.com\/hr\/hotel-zora-health-and-saftey-info\/","title":{"rendered":"Informacije o zdravlju i sigurnosti"},"content":{"rendered":"<div class=\"wpb-content-wrapper\"><p>[vc_row][vc_column width=&#8221;1\/1&#8243;][vc_column_text]<strong>COVID 19 &#8211; SIGURNOSNI STANDARDI, POSTUPCI I PRAVILA<\/strong><\/p>\n<p>Dragi gosti,<\/p>\n<p>Usluge Wellnessa, bazena, Piano bara i animacije za djecu i odrasle u sezoni 2024. nisu na raspolaganju gostima.<\/p>\n<p>Hotel Zora i svi zaposlenici brinu se o svojim gostima i partnerima, osobito u ovim izazovnim vremenima pandemije Covid-19. Stoga su nam zdravlje i sigurnost gostiju tijekom boravka na prvom mjestu. Potpuno smo svjesni da odre\u0111ene mjere mogu stvoriti po\u010detne neugodnosti, me\u0111utim, kako bismo mogli uspje\u0161no raditi i osigurati va\u0161u udobnost tijekom cijelog boravka, potrebno je pridr\u017eavati se mjera i postupaka.<\/p>\n<p>Iskreno cijenimo va\u0161u suradnju i \u017eelimo vam zahvaliti \u0161to ste odabrali hotel Zora za va\u0161 odmor.<\/p>\n<p>Za vi\u0161e informacija posjetite koronavirus.hr i \u010ditajte dnevna izvje\u0161\u0107a na https:\/\/www.croatiacovid19.info\/<\/p>\n<p><strong>Uvjeti rezervacije i otkaza rezervacije <\/strong><\/p>\n<p>S obzirom na pandemiju COVID-19 koje utje\u010de na sve aspekte na\u0161eg \u017eivota, a posebno na putni\u010dku industriju, prilagodili smo uvjete rezervacije i otkazivanja. Trudimo se ostati \u0161to fleksibilniji za svoje goste i ve\u0107ina na\u0161ih ponuda mo\u017ee se rezervirati bez pla\u0107anja unaprijed i \/ ili otkazati besplatno<strong>.<\/strong><\/p>\n<p>Za dodatne informacije mo\u017eete posjetiti na\u0161u web stranicu:www.zora-hotel.com ili nas kontaktirati putem:<\/p>\n<p>E-mail: hotel-zora@zora-hotel.com<\/p>\n<p>Tel: + 385 22 581 111 ili + 385 22 570 048<\/p>\n<p><strong>Priprema za putovanje<\/strong><\/p>\n<p>Za gra\u0111ane koji u Hrvatsku sti\u017eu iz EU-a ili drugih zemalja i \u017eele skratiti \u010dekanje na granici, preporu\u010dujemo da svoje podatke predaju unaprijed ispunjavanjem obrasca putem linka https:\/\/entercroatia.mup.hr\/.<\/p>\n<p>Ostali korisni linkovi za na\u0161e goste:<\/p>\n<p>Hrvatski autoklub \u00a0&#8211; https:\/\/www.hak.hr\/info\/stanje-na-cestama\/#prohodnost-cesta<\/p>\n<p>Re-open EU \u2013 https:\/\/reopen.europa.eu\/hr<\/p>\n<p><strong>Dolazak i boravak u hotelu<\/strong><\/p>\n<p><strong>\u00a0<\/strong>Na glavnom hotelskom ulazu, gosti bi trebali izmjeriti temperaturu na termalnoj kameri koja tako\u0111er kontrolira no\u0161enje maske i dezinficirati ruke prije ulaska u glavni prostor hotela. U svim zatvorenim prostorima obvezno je no\u0161enje za\u0161titne maske.<\/p>\n<p>Kori\u0161tenje svih zajedni\u010dkih prostora hotela mogu\u0107e je provedbom mjera socijalnog distanciranja.<\/p>\n<p>Dodatni dezinficijensi za ruke dostupni su na svakom ulazu u hotel, kao i na svim javnim povr\u0161inama hotela.<\/p>\n<p><strong>Recepcija<\/strong><\/p>\n<p>Radno vrijeme 0-24 h.<\/p>\n<ul>\n<li>Tijekom boravka i prijave u hotel, gosti se moraju pridr\u017eavati mjere fizi\u010dke udaljenosti od 2 metra u odnosu na ostale goste, osim ako nisu \u010dlanovi iste obitelji ili grupe.<\/li>\n<li>Preporu\u010dujemo svim gostima da nam, prije dolaska u hotel, dostave vrijeme dolaska i dokumente potrebne za prijavu kako bi se prijava mogla obaviti bez ve\u0107e interakcije na recepciji.<\/li>\n<li>Sigurnosni komplet COVID 19 dostupan na recepciji, uz nadoplatu<\/li>\n<li>Gostima preporu\u010dujemo unaprijed najaviti vrijeme odjave iz hotela kako bi se odjava mogla pripremiti na vrijeme i izbjeglo zadr\u017eavanje na recepciji.<\/li>\n<li>Gostima preporu\u010dujemo da umjesto gotovine koriste beskontaktno pla\u0107anje.<\/li>\n<li>Gosti kojima je potreban ANTIGEN test ili PCR test: Gost rezervira termin za testiranje na recepciji hotela. Osoblje na recepciji rezervira termin za testiranje, a gost pla\u0107a za testiranje direktno na recepciji hotela. S potvrdom uplate, gost odlazi u odgovaraju\u0107u ustanovu na testiranje prema uputama recepcije hotela. Rezultati testiranja mogu se o\u010dekivati \u200b\u200bizme\u0111u 1-24 sata, ovisno o vrsti testa. <strong>Termin za testiranje treba naru\u010diti min. 24 sata unaprijed!<\/strong><\/li>\n<\/ul>\n<p><strong>Restoran i barovi<\/strong><\/p>\n<ul>\n<li>Dezinfekcijski dispenzer, termo kamera i rukavice za jednokratnu upotrebu na ulazu u restoran<\/li>\n<li>Dezinfekcijski dispenzer na ulazu u barove<\/li>\n<li>Stolovi i stolci dezinficiraju se nakon svakog gosta<\/li>\n<li>Cjenik je dostupan u obliku QR koda na stolovima<\/li>\n<li>Ograni\u010denje sjede\u0107ih mjesta u restoranu ili barovima prema trenutnim mjerama<\/li>\n<li>Vanjski barovi &#8211; po\u0161tivanje svih trenutnih mjera. Otvoreno ovisno o vremenskim uvjetima.<\/li>\n<\/ul>\n<p><strong>Wellness usluge i sportski tereni<\/strong><\/p>\n<p>Wellness usluge ograni\u010dene su samo na goste hotela koji su na hotelskom smje\u0161taju.<\/p>\n<p>Prije ulaska u wellness prostor, gosti su du\u017eni prijaviti svoj dolazak na wellness recepciju te predo\u010diti broj sobe i ime i prezime svih osoba koje su u pratnji.<\/p>\n<ul>\n<li>Kori\u0161tenje bazena ograni\u010deno je na najvi\u0161e 20 osoba i mogu\u0107e je uz prethodnu rezervaciju (koja \u0107e biti potvr\u0111ena prema dostupnosti) na wellness recepciji.<\/li>\n<li>Kori\u0161tenje suhe (finske) saune ograni\u010deno je na najvi\u0161e 1 osobu i mogu\u0107e je uz prethodnu rezervaciju (koja \u0107e biti potvr\u0111ena prema dostupnosti) na wellness recepciji.<\/li>\n<li>Masa\u017ee su dostupne uz rezervaciju na wellness recepciji ili hotelskoj recepciji.<\/li>\n<\/ul>\n<p>Kori\u0161tenje svih sportskih terena mogu\u0107e je uz pridr\u017eavanje mjera socijalnog distanciranja.<\/p>\n<p><strong>Dje\u010dji klub i animacija<\/strong><\/p>\n<p>Dezinfekcija dostupna na ulazu u Kids Club (unutar igraonice) uz obavezno mjerenje temperature.<\/p>\n<p>Bazen u dje\u010djem klubu &#8211; dostupan uz po\u0161tivanje mjera, preporuka i uputa nadle\u017enih institucija, te vremenskim prilikama.<\/p>\n<p>Dostupnost animacije ovisno o zauzetosti hotela uz po\u0161tivanje mjera, preporuka i uputa nadle\u017enih institucija.<\/p>\n<p><strong>Pla\u017ea<\/strong><\/p>\n<p>Kori\u0161tenje usluge iznajmljivanja suncobrana i le\u017ealjki na pla\u017ei bit \u0107e dostupno u skladu s mjerama i preporukama nadle\u017enih tijela.<\/p>\n<p><strong>Standardi \u010di\u0161\u0107enja, smjernice i preporuke u na\u0161em hotelu<\/strong><\/p>\n<p>Prilikom \u010di\u0161\u0107enja svih zajedni\u010dkih prostora i hotelskih soba slijedit \u0107e se mjere i upute izdane od nadle\u017enih institucija. Va\u017eno je napomenuti da se svakodnevno \u010di\u0161\u0107enje i ulazak u sobe ne\u0107e provoditi ukoliko to gosti izri\u010dito ne zatra\u017ee.<\/p>\n<p><strong>\u00a0<\/strong><strong>Sadr\u017eaji i usluge<\/strong><\/p>\n<ul>\n<li>Kako bi se osigurao higijenski standard, u svakom se hotelskom objektu provodi \u0107i\u0161\u0107enje registriranim dezinfekcijskim sredstvima prema me\u0111unarodnom standardu.<\/li>\n<li>Pove\u0107ava se u\u010destalost \u010di\u0161\u0107enja dezinficijensima proizvoda ili predmeta koje gosti \u010desto dodiruju, poput kvaka na vratima, tipki dizala, dizala, stolaca, stolova itd.<\/li>\n<li>Sva hrana i pi\u0107a obra\u0111uju se u skladu s me\u0111unarodnim HACCP standardima (analiza opasnosti i kriti\u010dne kontrolne to\u010dke).<\/li>\n<li>Upravljanje sadr\u017eajem i uslugama provodi se prema slu\u017ebenom protokolu vlade i nadle\u017enih slu\u017ebi.<\/li>\n<li>Edukacija i kampanje o COVID-19, zdravom na\u010dinu \u017eivota, kao i va\u017enosti pravilnog pranja ruku, redovito se provode u svakoj sobi izajedni\u010dkim prostorima.<\/li>\n<li>Svakodnevno pratimo temperaturu na\u0161ih zaposlenika pomo\u0107u beskontaktnog termometra po dolasku na posao. Vodimo evidenciju o tjelesnoj temperaturi kako bismo osigurali zdravlje i sigurnost na\u0161ih zaposlenika u bilo kojem trenutku.<\/li>\n<li>Definirali smo postupanje u slu\u010daju pojave koronavirusa u bilo kojem od na\u0161ih objekata sa svim standardnim operativnim postupcima i kontakt brojevima.<strong>\u00a0<\/strong><\/li>\n<\/ul>\n<p><strong>Op\u0107e smjernice i preporuke Hrvatskog zavoda za javno zdravstvo:<\/strong><\/p>\n<ul>\n<li>Redovito perite ruke vodom i sapunom ili koristite sredstvo za dezinfekciju ruku na bazi alkohola.<\/li>\n<li>Tijekom ka\u0161ljanja ili kihanja prekrijte usta i nos unutarnjom stranom lakta ili maramicom za jednokratnu upotrebu koju \u0107ete odmah zbrinuti i oprati ruke.<\/li>\n<li>Izbjegavajte dodirivanje lica, usta, nosa i o\u010diju.<\/li>\n<li>Izbjegavajte bliski kontakt s osobama koje se ne osje\u0107aju dobro ili imaju simptome poput visoke temperature, ka\u0161lja i\/ili pote\u0161ko\u0107a s disanjem.<\/li>\n<li>Izbjegavajte rukovanje i bliski fizi\u010dki kontakt. Dr\u017eite socijalnu distancu.<\/li>\n<li>Nosite masku za lice u hotelu, a ukoliko nije mogu\u0107e odr\u017eavanje distance od 2 metra na vanjskom prostoru, preporu\u010deno je tako\u0111er nositi masku.<\/li>\n<li>Ako osjetite simptome poput visoke temperature, ka\u0161lja i\/ili ote\u017eanog disanja, nazovite recepciju iz svoje sobe.<\/li>\n<\/ul>\n<p>Sukladno situaciji mjere, preporuke i naputci se redovito a\u017euriraju uzimaju\u0107i u obzir poslovanje hotela.<\/p>\n<p>\u017delimo vam dobrodo\u0161licu i ugodan boravak u hotelu Zora![\/vc_column_text][\/vc_column][\/vc_row]<\/p>\n<\/div>","protected":false},"excerpt":{"rendered":"<p>[vc_row][vc_column width=&#8221;1\/1&#8243;][vc_column_text]COVID 19 &#8211; SIGURNOSNI STANDARDI, POSTUPCI I PRAVILA Dragi gosti, Usluge Wellnessa, bazena, Piano bara i animacije za djecu [&hellip;]<\/p>\n","protected":false},"author":1,"featured_media":0,"parent":0,"menu_order":0,"comment_status":"closed","ping_status":"closed","template":"","meta":{"footnotes":""},"class_list":["post-5124","page","type-page","status-publish","hentry"],"_links":{"self":[{"href":"https:\/\/zora-hotel.com\/hr\/wp-json\/wp\/v2\/pages\/5124","targetHints":{"allow":["GET"]}}],"collection":[{"href":"https:\/\/zora-hotel.com\/hr\/wp-json\/wp\/v2\/pages"}],"about":[{"href":"https:\/\/zora-hotel.com\/hr\/wp-json\/wp\/v2\/types\/page"}],"author":[{"embeddable":true,"href":"https:\/\/zora-hotel.com\/hr\/wp-json\/wp\/v2\/users\/1"}],"replies":[{"embeddable":true,"href":"https:\/\/zora-hotel.com\/hr\/wp-json\/wp\/v2\/comments?post=5124"}],"version-history":[{"count":2,"href":"https:\/\/zora-hotel.com\/hr\/wp-json\/wp\/v2\/pages\/5124\/revisions"}],"predecessor-version":[{"id":6434,"href":"https:\/\/zora-hotel.com\/hr\/wp-json\/wp\/v2\/pages\/5124\/revisions\/6434"}],"wp:attachment":[{"href":"https:\/\/zora-hotel.com\/hr\/wp-json\/wp\/v2\/media?parent=5124"}],"curies":[{"name":"wp","href":"https:\/\/api.w.org\/{rel}","templated":true}]}}