{"id":2157,"date":"2021-03-12T11:32:37","date_gmt":"2021-03-12T11:32:37","guid":{"rendered":"https:\/\/zora-hotel.com\/general-info\/"},"modified":"2025-10-21T14:09:28","modified_gmt":"2025-10-21T12:09:28","slug":"opce-informacije","status":"publish","type":"page","link":"https:\/\/zora-hotel.com\/hr\/opce-informacije\/","title":{"rendered":"Op\u0107e informacije"},"content":{"rendered":"<div class=\"wpb-content-wrapper\"><p>[vc_row][vc_column column_width_percent=&#8221;100&#8243; gutter_size=&#8221;3&#8243; override_padding=&#8221;yes&#8221; column_padding=&#8221;2&#8243; back_color=&#8221;color-207971&#8243; overlay_alpha=&#8221;50&#8243; border_color=&#8221;color-platinum&#8221; border_style=&#8221;solid&#8221; shift_x=&#8221;0&#8243; shift_y=&#8221;0&#8243; shift_y_down=&#8221;0&#8243; z_index=&#8221;0&#8243; medium_width=&#8221;0&#8243; mobile_width=&#8221;0&#8243; width=&#8221;1\/1&#8243; css=&#8221;.vc_custom_1622730830484{border-left-width: 3px !important;}&#8221;][uncode_breadcrumbs text_lead=&#8221;small&#8221;][vc_custom_heading heading_semantic=&#8221;h1&#8243; text_size=&#8221;h1&#8243; text_weight=&#8221;700&#8243;]Hotel Zora[\/vc_custom_heading][vc_column_text uncode_shortcode_id=&#8221;165456&#8243;]<strong>Hotel Zora<\/strong> smje\u0161ten je 500 m od centra Primo\u0161tena i udaljen 50 m od mora.<\/p>\n<p><strong>Prijava gosta:<\/strong> od 15 h<br \/>\n<strong>Odjava:<\/strong> do 10 h<\/p>\n<p><strong>Kategorija hotela:<\/strong> 3*<br \/>\n<strong>Broj soba:<\/strong> 324 (287 dvokrevetnih soba, 30 obiteljskih soba, 7 apartmana)<br \/>\n<strong>Kategorije soba:<\/strong> Comfort (***) i Premier club (****)<br \/>\n<strong>Broj zgrada:<\/strong> 9<br \/>\n<strong>Broj katova:<\/strong> 3 (me\u0111usobno povezani liftovima)<\/p>\n<p><strong>Oprema soba:<\/strong> balkon ili terasa, kupaonica s kadom ili tu\u0161em, su\u0161ilo za kosu, satelitska televizija, telefon, klima ure\u0111aj, grijanje, mogu\u0107nost tre\u0107eg le\u017eaja.<br \/>\n<strong>Premier club usluga:<\/strong> klju\u010d kartica za sobu, minibar, WiFi, sef, kozmeti\u010dko ogledalo, ku\u0107ni ogrta\u010d i papu\u010de.[\/vc_column_text][\/vc_column][\/vc_row][vc_row][vc_column column_width_percent=&#8221;100&#8243; gutter_size=&#8221;2&#8243; override_padding=&#8221;yes&#8221; column_padding=&#8221;2&#8243; back_color=&#8221;color-207971&#8243; overlay_alpha=&#8221;50&#8243; border_color=&#8221;color-platinum&#8221; border_style=&#8221;solid&#8221; shift_x=&#8221;0&#8243; shift_y=&#8221;0&#8243; shift_y_down=&#8221;0&#8243; z_index=&#8221;0&#8243; medium_width=&#8221;0&#8243; mobile_width=&#8221;0&#8243; width=&#8221;1\/1&#8243; css=&#8221;.vc_custom_1616154965111{border-left-width: 3px !important;}&#8221;][vc_custom_heading]Usluge hotela[\/vc_custom_heading][vc_row_inner limit_content=&#8221;&#8221;][vc_column_inner width=&#8221;1\/3&#8243;][uncode_list icon=&#8221;fa fa-check&#8221; icon_color=&#8221;color-oxford&#8221; uncode_shortcode_id=&#8221;137584&#8243; icon_color_type=&#8221;uncode-palette&#8221;]<\/p>\n<ul>\n<li>Hotelski restoran s buffet ponudom za doru\u010dak i ve\u010deru<\/li>\n<li>Aperitiv bar<\/li>\n<li>Beach bar<\/li>\n<li>Fitness<\/li>\n<\/ul>\n<p>[\/uncode_list][\/vc_column_inner][vc_column_inner width=&#8221;1\/3&#8243;][uncode_list icon=&#8221;fa fa-check&#8221; icon_color=&#8221;color-oxford&#8221; uncode_shortcode_id=&#8221;851845&#8243; icon_color_type=&#8221;uncode-palette&#8221;]<\/p>\n<ul>\n<li>Sportski tereni<\/li>\n<li>Dje\u010dji klub<\/li>\n<li>Internet kutak<\/li>\n<\/ul>\n<p>[\/uncode_list][\/vc_column_inner][vc_column_inner width=&#8221;1\/3&#8243;][uncode_list icon=&#8221;fa fa-check&#8221; icon_color=&#8221;color-oxford&#8221; uncode_shortcode_id=&#8221;919782&#8243; icon_color_type=&#8221;uncode-palette&#8221;]<\/p>\n<ul>\n<li>Usluga pranja i gla\u010danja rublja<\/li>\n<li>Parkirali\u0161te<\/li>\n<li>Mogu\u0107nost organiziranja transfera<\/li>\n<\/ul>\n<p>[\/uncode_list][\/vc_column_inner][\/vc_row_inner][\/vc_column][\/vc_row][vc_row][vc_column column_width_percent=&#8221;100&#8243; gutter_size=&#8221;2&#8243; override_padding=&#8221;yes&#8221; column_padding=&#8221;2&#8243; back_color=&#8221;color-207971&#8243; overlay_alpha=&#8221;50&#8243; border_color=&#8221;color-platinum&#8221; border_style=&#8221;solid&#8221; shift_x=&#8221;0&#8243; shift_y=&#8221;0&#8243; shift_y_down=&#8221;0&#8243; z_index=&#8221;0&#8243; medium_width=&#8221;0&#8243; mobile_width=&#8221;0&#8243; width=&#8221;1\/1&#8243; css=&#8221;.vc_custom_1616154965111{border-left-width: 3px !important;}&#8221;][vc_custom_heading]Sportski sadr\u017eaji[\/vc_custom_heading][vc_row_inner limit_content=&#8221;&#8221;][vc_column_inner width=&#8221;1\/2&#8243;][uncode_list icon=&#8221;fa fa-check&#8221; icon_color=&#8221;color-oxford&#8221;]<\/p>\n<ul>\n<li>3 teniska terena (zemljani)<\/li>\n<li>Multifunkcionalan teren za ko\u0161arku i nogomet<\/li>\n<li>Odbojka na pijesku<\/li>\n<li>Mini golf<\/li>\n<\/ul>\n<p>[\/uncode_list][\/vc_column_inner][vc_column_inner width=&#8221;1\/2&#8243;][uncode_list icon=&#8221;fa fa-check&#8221; icon_color=&#8221;color-oxford&#8221;]<\/p>\n<ul>\n<li>Bo\u0107e<\/li>\n<li>Iznajmljivanje pedalina<\/li>\n<li>Sportovi na vodi (jet-ski, banana boat, paragliding i dr.)<\/li>\n<li>Ronila\u010dki centar<\/li>\n<\/ul>\n<p>[\/uncode_list][\/vc_column_inner][\/vc_row_inner][\/vc_column][\/vc_row][vc_row][vc_column column_width_percent=&#8221;100&#8243; gutter_size=&#8221;2&#8243; override_padding=&#8221;yes&#8221; column_padding=&#8221;2&#8243; back_color=&#8221;color-207971&#8243; overlay_alpha=&#8221;50&#8243; border_color=&#8221;color-platinum&#8221; border_style=&#8221;solid&#8221; shift_x=&#8221;0&#8243; shift_y=&#8221;0&#8243; shift_y_down=&#8221;0&#8243; z_index=&#8221;0&#8243; medium_width=&#8221;0&#8243; mobile_width=&#8221;0&#8243; width=&#8221;1\/1&#8243; css=&#8221;.vc_custom_1616154965111{border-left-width: 3px !important;}&#8221;][vc_custom_heading uncode_shortcode_id=&#8221;210363&#8243;]Pla\u017ea:[\/vc_custom_heading][vc_row_inner limit_content=&#8221;&#8221;][vc_column_inner width=&#8221;1\/2&#8243;][uncode_list icon=&#8221;fa fa-check&#8221; icon_color=&#8221;color-oxford&#8221; uncode_shortcode_id=&#8221;465129&#8243; icon_color_type=&#8221;uncode-palette&#8221;]<\/p>\n<ul>\n<li>Pla\u017ea: \u0161ljun\u010dana, 50m od hotela<\/li>\n<li>Beach bar<\/li>\n<\/ul>\n<p>[\/uncode_list][\/vc_column_inner][vc_column_inner width=&#8221;1\/2&#8243;][uncode_list icon=&#8221;fa fa-check&#8221; icon_color=&#8221;color-oxford&#8221; uncode_shortcode_id=&#8221;945453&#8243; icon_color_type=&#8221;uncode-palette&#8221;]<\/p>\n<ul>\n<li>Suncobrani i le\u017ealjke za iznajmljivanje<\/li>\n<li>Sanitarni \u010dvorovi i tu\u0161evi<\/li>\n<\/ul>\n<p>[\/uncode_list][\/vc_column_inner][\/vc_row_inner][\/vc_column][\/vc_row][vc_row][vc_column width=&#8221;1\/1&#8243;][vc_gallery el_id=&#8221;gallery-598208&#8243; type=&#8221;carousel&#8221; medias=&#8221;147,150,152,153,163,166,169,1647,736,632,246,2597,2601&#8243; carousel_lg=&#8221;3&#8243; carousel_md=&#8221;2&#8243; carousel_sm=&#8221;1&#8243; thumb_size=&#8221;three-two&#8221; gutter_size=&#8221;3&#8243; media_items=&#8221;media|nolink|original&#8221; carousel_interval=&#8221;5000&#8243; carousel_navspeed=&#8221;700&#8243; carousel_loop=&#8221;yes&#8221; carousel_dots=&#8221;yes&#8221; stage_padding=&#8221;0&#8243; single_shape=&#8221;round&#8221; radius=&#8221;std&#8221; single_overlay_opacity=&#8221;50&#8243; single_overlay_anim=&#8221;no&#8221; single_text_anim=&#8221;no&#8221; single_padding=&#8221;2&#8243; single_border=&#8221;yes&#8221;][\/vc_column][\/vc_row][vc_row row_height_percent=&#8221;0&#8243; override_padding=&#8221;yes&#8221; h_padding=&#8221;2&#8243; top_padding=&#8221;2&#8243; bottom_padding=&#8221;4&#8243; overlay_alpha=&#8221;50&#8243; gutter_size=&#8221;3&#8243; column_width_percent=&#8221;100&#8243; shift_y=&#8221;0&#8243; z_index=&#8221;0&#8243;][vc_column column_width_percent=&#8221;100&#8243; gutter_size=&#8221;3&#8243; overlay_alpha=&#8221;50&#8243; shift_x=&#8221;0&#8243; shift_y=&#8221;0&#8243; shift_y_down=&#8221;0&#8243; z_index=&#8221;0&#8243; medium_width=&#8221;0&#8243; mobile_width=&#8221;0&#8243; width=&#8221;1\/1&#8243;][vc_custom_heading]Primo\u0161ten[\/vc_custom_heading][vc_column_text]Primo\u0161ten je maleno mjesto nastalo na otoku u neposrednoj blizini obale, prepoznatljivo po autohtonim kamenim ku\u0107icama, crkvicama, uskim kalama mediteranskoga stila s bezbroj uvala i otoka.<\/p>\n<p>Burna povijest mjesta po\u010dinje u 7. st. pr. Kr., no mjesto se s hrvatskim imenom Primo\u0161ten spominje tek 1564. godine, a to je ime zadr\u017ealo sve do danas. Ve\u0107 je tada oto\u010di\u0107 s naseljem bio za\u0161ti\u0107en obrambenim zidom. S kopnom bi dolazio u doticaj preko pokretnoga drvenog mosta, no kasnije je nasipom spojen, tj. premo\u0161ten s kopnom. Od izraza premo\u0161ten (u ikavskom govoru primo\u0161ten), potje\u010de ime za to novo naselje \u2013 Primo\u0161ten.[\/vc_column_text][vc_single_image media=&#8221;1497&#8243; media_width_percent=&#8221;100&#8243; shape=&#8221;img-round&#8221; radius=&#8221;std&#8221;][vc_column_text]Glavne gospodarske grane u mjestu Primo\u0161tenu dugo su bile poljoprivreda i sto\u010darstvo. Od sredine pro\u0161loga stolje\u0107a razvija se turizam, a Primo\u0161ten postaje u jednim od vode\u0107ih turisti\u010dkih odredi\u0161ta na jadranskoj obali.<\/p>\n<p>O te\u0161kom \u017eivotu primo\u0161tenskih te\u017eaka svjedo\u010de jo\u0161 i danas stare ku\u0107e prizemnice \u2015 nakrivljene ku\u0107ice bez prozora i naj\u010de\u0161\u0107e bez soba jer bi se tek ponekad odvajale kuhinja i konoba od ostatka ku\u0107e. U takvim bi ku\u0107ama stanovalo najmanje osmero ljudi. Stari je obi\u010daj bio da se prilikom po\u010detka gradnje u kut ku\u0107e zakopa nov\u010di\u0107 za sre\u0107u ili podaci o graditelju u boci.[\/vc_column_text][vc_single_image media=&#8221;1501&#8243; media_width_percent=&#8221;100&#8243; alignment=&#8221;center&#8221; shape=&#8221;img-round&#8221; radius=&#8221;std&#8221;][vc_column_text]Danas je Primo\u0161ten poznat i po uzgoju maslinova ulja i vina. Primo\u0161tenski vinogradi sorte Babi\u0107 nastali su na \u201e\u0161krtoj zemlji\u201c u kamenu (primo\u0161tenske \u010dipke), a uz kilometre suhozida, oda su ljudskom radu i upornosti. Vinova loza na ovom podru\u010dju uzgaja se od 8. st. pr. Kr. kada su vinograde sadili Iliri i Liburni. Tradiciju su zatim nastavili Grci i Rimljani, a od 7. st. i Hrvati.<\/p>\n<p>Suvremeni Primo\u0161ten vrvi \u017eivopisnim lokalima, malim du\u0107anima i suvenirnicama raspr\u0161enim po uskim kamenim ulicama, a ljetna je atmosfera puna sportskih i zabavnih sadr\u017eaja. Sve to ispunit \u0107e goste lijepim uspomenama iz Primo\u0161tena.[\/vc_column_text][vc_column_text]Posjetitelji mogu u\u017eivati u svako doba godine u blagoj i zdravoj mediteranskoj klimi s 2.600 sun\u010danih sati godi\u0161nje te ugodnim prosje\u010dnim temperaturama, zimi od 7\u00b0C i ljeti od 25\u00b0C.<\/p>\n<p>A kad nakon nezaboravnoga ljetnog odmora do\u0111e zima, u toplini svoga doma u\u017eivajte u sje\u0107anjima na ljeto i Primo\u0161ten, prebiru\u0107i po stranicama foto albuma punog lijepih uspomena.[\/vc_column_text][vc_row_inner limit_content=&#8221;&#8221;][vc_column_inner width=&#8221;1\/2&#8243;][vc_single_image media=&#8221;3135&#8243; media_width_percent=&#8221;100&#8243; media_ratio=&#8221;three-two&#8221; shape=&#8221;img-round&#8221; radius=&#8221;std&#8221;][\/vc_column_inner][vc_column_inner width=&#8221;1\/2&#8243;][vc_single_image media=&#8221;1569&#8243; media_width_percent=&#8221;100&#8243; media_ratio=&#8221;three-two&#8221; shape=&#8221;img-round&#8221; radius=&#8221;std&#8221;][\/vc_column_inner][\/vc_row_inner][\/vc_column][\/vc_row]<\/p>\n<\/div>","protected":false},"excerpt":{"rendered":"<p>[vc_row][vc_column column_width_percent=&#8221;100&#8243; gutter_size=&#8221;3&#8243; override_padding=&#8221;yes&#8221; column_padding=&#8221;2&#8243; back_color=&#8221;color-207971&#8243; overlay_alpha=&#8221;50&#8243; border_color=&#8221;color-platinum&#8221; border_style=&#8221;solid&#8221; shift_x=&#8221;0&#8243; shift_y=&#8221;0&#8243; shift_y_down=&#8221;0&#8243; z_index=&#8221;0&#8243; medium_width=&#8221;0&#8243; mobile_width=&#8221;0&#8243; width=&#8221;1\/1&#8243; css=&#8221;.vc_custom_1622730830484{border-left-width: 3px !important;}&#8221;][uncode_breadcrumbs text_lead=&#8221;small&#8221;][vc_custom_heading [&hellip;]<\/p>\n","protected":false},"author":1,"featured_media":0,"parent":0,"menu_order":0,"comment_status":"closed","ping_status":"closed","template":"","meta":{"footnotes":""},"class_list":["post-2157","page","type-page","status-publish","hentry"],"_links":{"self":[{"href":"https:\/\/zora-hotel.com\/hr\/wp-json\/wp\/v2\/pages\/2157","targetHints":{"allow":["GET"]}}],"collection":[{"href":"https:\/\/zora-hotel.com\/hr\/wp-json\/wp\/v2\/pages"}],"about":[{"href":"https:\/\/zora-hotel.com\/hr\/wp-json\/wp\/v2\/types\/page"}],"author":[{"embeddable":true,"href":"https:\/\/zora-hotel.com\/hr\/wp-json\/wp\/v2\/users\/1"}],"replies":[{"embeddable":true,"href":"https:\/\/zora-hotel.com\/hr\/wp-json\/wp\/v2\/comments?post=2157"}],"version-history":[{"count":3,"href":"https:\/\/zora-hotel.com\/hr\/wp-json\/wp\/v2\/pages\/2157\/revisions"}],"predecessor-version":[{"id":6671,"href":"https:\/\/zora-hotel.com\/hr\/wp-json\/wp\/v2\/pages\/2157\/revisions\/6671"}],"wp:attachment":[{"href":"https:\/\/zora-hotel.com\/hr\/wp-json\/wp\/v2\/media?parent=2157"}],"curies":[{"name":"wp","href":"https:\/\/api.w.org\/{rel}","templated":true}]}}