{"id":876,"date":"2021-02-26T13:34:46","date_gmt":"2021-02-26T13:34:46","guid":{"rendered":"https:\/\/zora-hotel.com\/excursions\/"},"modified":"2025-08-14T10:44:08","modified_gmt":"2025-08-14T08:44:08","slug":"ausfluege","status":"publish","type":"page","link":"https:\/\/zora-hotel.com\/de\/freizeitaktivitaeten\/ausfluege\/","title":{"rendered":"Ausfl\u00fcge"},"content":{"rendered":"<div class=\"wpb-content-wrapper\"><p>[vc_row row_height_percent=&#8220;0&#8243; override_padding=&#8220;yes&#8220; h_padding=&#8220;2&#8243; top_padding=&#8220;3&#8243; bottom_padding=&#8220;2&#8243; overlay_alpha=&#8220;50&#8243; gutter_size=&#8220;3&#8243; column_width_percent=&#8220;100&#8243; shift_y=&#8220;0&#8243; z_index=&#8220;0&#8243;][vc_column column_width_use_pixel=&#8220;yes&#8220; position_horizontal=&#8220;left&#8220; gutter_size=&#8220;3&#8243; back_color=&#8220;color-207971&#8243; overlay_alpha=&#8220;50&#8243; border_color=&#8220;color-platinum&#8220; border_style=&#8220;solid&#8220; shift_x=&#8220;0&#8243; shift_y=&#8220;0&#8243; shift_y_down=&#8220;0&#8243; z_index=&#8220;0&#8243; medium_width=&#8220;0&#8243; mobile_width=&#8220;0&#8243; radius=&#8220;xs&#8220; width=&#8220;1\/1&#8243; column_width_pixel=&#8220;900&#8243; css=&#8220;.vc_custom_1615543737567{border-left-width: 3px !important;}&#8220;][uncode_breadcrumbs text_lead=&#8220;small&#8220;][vc_custom_heading heading_semantic=&#8220;h3&#8243; text_size=&#8220;h1&#8243; text_weight=&#8220;700&#8243;]Ausfl\u00fcge[\/vc_custom_heading][\/vc_column][\/vc_row][vc_row row_height_percent=&#8220;0&#8243; override_padding=&#8220;yes&#8220; h_padding=&#8220;2&#8243; top_padding=&#8220;2&#8243; bottom_padding=&#8220;2&#8243; overlay_alpha=&#8220;50&#8243; equal_height=&#8220;yes&#8220; gutter_size=&#8220;3&#8243; column_width_percent=&#8220;100&#8243; shift_y=&#8220;0&#8243; z_index=&#8220;0&#8243; el_class=&#8220;inverted-device-order&#8220;][vc_column column_width_percent=&#8220;100&#8243; position_horizontal=&#8220;left&#8220; gutter_size=&#8220;2&#8243; override_padding=&#8220;yes&#8220; column_padding=&#8220;2&#8243; back_color=&#8220;color-xsdn&#8220; overlay_alpha=&#8220;50&#8243; shift_x=&#8220;0&#8243; shift_y=&#8220;0&#8243; shift_y_down=&#8220;0&#8243; z_index=&#8220;0&#8243; medium_width=&#8220;0&#8243; mobile_width=&#8220;0&#8243; radius=&#8220;sm&#8220; shadow=&#8220;xs&#8220; width=&#8220;1\/3&#8243;][vc_custom_heading heading_semantic=&#8220;h3&#8243; text_size=&#8220;h3&#8243; text_weight=&#8220;700&#8243; sub_reduced=&#8220;yes&#8220;]Primo\u0161ten Burnji[\/vc_custom_heading][vc_separator sep_color=&#8220;color-uydo&#8220;][vc_column_text]Jurlinovi dvori &#8211; erhaltenes Originalambiente, kleine Steinh\u00e4user, unber\u00fchrte Natur und anstrengende Arbeit der hiesigen Bev\u00f6lkerung werden Ihnen eine Einsicht in die dalmatinische Lebensart vor hundert Jahren und in die starke und unzerbrechliche Verbindung zwischen Mensch und Natur erm\u00f6glichen. Au\u00dfer in autochthonen Speisen &#8211; Oliven, pr\u0161ut (dalmatinischer Schinken), K\u00e4se, Feigen, dalmatinische &#8222;peka&#8220; (Eisenglocke) &#8211; genie\u00dfen Sie auch im bekannten Wein Babi\u0107 und den Kl\u00e4ngen der dalmatinischen Klapa.[\/vc_column_text][vc_column_text]<strong><a href=\"http:\/\/www.jurlinovidvori.org\" target=\"_blank\" rel=\"noopener\">Website<\/a><\/strong><br \/>\n<strong>Ungef\u00e4hre Entfernung:<\/strong> 10 Kilometer[\/vc_column_text][\/vc_column][vc_column column_width_percent=&#8220;100&#8243; position_horizontal=&#8220;left&#8220; gutter_size=&#8220;2&#8243; override_padding=&#8220;yes&#8220; column_padding=&#8220;2&#8243; back_color=&#8220;color-xsdn&#8220; overlay_alpha=&#8220;50&#8243; shift_x=&#8220;0&#8243; shift_y=&#8220;0&#8243; shift_y_down=&#8220;0&#8243; z_index=&#8220;0&#8243; medium_width=&#8220;0&#8243; mobile_width=&#8220;0&#8243; radius=&#8220;sm&#8220; shadow=&#8220;xs&#8220; width=&#8220;1\/3&#8243;][vc_custom_heading heading_semantic=&#8220;h3&#8243; text_size=&#8220;h3&#8243; text_weight=&#8220;700&#8243; sub_reduced=&#8220;yes&#8220;]\u0160ibenik[\/vc_custom_heading][vc_separator sep_color=&#8220;color-uydo&#8220;][vc_column_text]Kathedrale der heiligen Jakob (sv. Jakov) \/ UNESCO<br \/>\naltes Stadtzentrum[\/vc_column_text][vc_column_text]<a href=\"http:\/\/www.sibenik-tourism.hr\" target=\"_blank\" rel=\"noopener\"><strong>Website<\/strong><\/a><br \/>\n<strong>Ungef\u00e4hre Entfernung:<\/strong> 27 Kilometer[\/vc_column_text][\/vc_column][vc_column column_width_percent=&#8220;100&#8243; gutter_size=&#8220;2&#8243; override_padding=&#8220;yes&#8220; column_padding=&#8220;2&#8243; overlay_alpha=&#8220;50&#8243; shift_x=&#8220;0&#8243; shift_y=&#8220;0&#8243; shift_y_down=&#8220;0&#8243; z_index=&#8220;0&#8243; medium_width=&#8220;0&#8243; mobile_width=&#8220;0&#8243; radius=&#8220;sm&#8220; shadow=&#8220;xs&#8220; width=&#8220;1\/3&#8243;][vc_custom_heading heading_semantic=&#8220;h3&#8243; text_size=&#8220;h3&#8243; text_weight=&#8220;700&#8243; sub_reduced=&#8220;yes&#8220;]NP Krka[\/vc_custom_heading][vc_separator sep_color=&#8220;color-uydo&#8220;][vc_column_text]Skradinski buk, Ro\u0161ki slap (Wasserfall), Visovac[\/vc_column_text][vc_column_text]<a href=\"http:\/\/www.npkrka.hr\" target=\"_blank\" rel=\"noopener\"><strong>Website<\/strong><\/a><br \/>\nMit Bus oder Schiff<br \/>\n<strong>Ungef\u00e4hre Entfernung:<\/strong> 39 Kilometer[\/vc_column_text][\/vc_column][\/vc_row][vc_row row_height_percent=&#8220;0&#8243; override_padding=&#8220;yes&#8220; h_padding=&#8220;2&#8243; top_padding=&#8220;2&#8243; bottom_padding=&#8220;4&#8243; overlay_alpha=&#8220;50&#8243; equal_height=&#8220;yes&#8220; gutter_size=&#8220;3&#8243; column_width_percent=&#8220;100&#8243; shift_y=&#8220;0&#8243; z_index=&#8220;0&#8243; el_class=&#8220;inverted-device-order&#8220;][vc_column column_width_percent=&#8220;100&#8243; position_horizontal=&#8220;left&#8220; gutter_size=&#8220;2&#8243; override_padding=&#8220;yes&#8220; column_padding=&#8220;2&#8243; back_color=&#8220;color-xsdn&#8220; overlay_alpha=&#8220;50&#8243; shift_x=&#8220;0&#8243; shift_y=&#8220;0&#8243; shift_y_down=&#8220;0&#8243; z_index=&#8220;0&#8243; medium_width=&#8220;0&#8243; mobile_width=&#8220;0&#8243; radius=&#8220;sm&#8220; shadow=&#8220;xs&#8220; width=&#8220;1\/3&#8243;][vc_custom_heading heading_semantic=&#8220;h3&#8243; text_size=&#8220;h3&#8243; text_weight=&#8220;700&#8243; sub_reduced=&#8220;yes&#8220;]NP Kornati[\/vc_custom_heading][vc_separator sep_color=&#8220;color-uydo&#8220;][vc_column_text]Ausflug mit Schiff und Musik.[\/vc_column_text][vc_column_text]<a href=\"http:\/\/www.np-kornati.hr\" target=\"_blank\" rel=\"noopener\"><strong>Website<\/strong><\/a><br \/>\n<strong>Ungef\u00e4hre Entfernung:<\/strong> 3,5 Stunden mit dem Schiff.[\/vc_column_text][\/vc_column][vc_column column_width_percent=&#8220;100&#8243; position_horizontal=&#8220;left&#8220; gutter_size=&#8220;2&#8243; override_padding=&#8220;yes&#8220; column_padding=&#8220;2&#8243; back_color=&#8220;color-xsdn&#8220; overlay_alpha=&#8220;50&#8243; shift_x=&#8220;0&#8243; shift_y=&#8220;0&#8243; shift_y_down=&#8220;0&#8243; z_index=&#8220;0&#8243; medium_width=&#8220;0&#8243; mobile_width=&#8220;0&#8243; radius=&#8220;sm&#8220; shadow=&#8220;xs&#8220; width=&#8220;1\/3&#8243;][vc_custom_heading heading_semantic=&#8220;h3&#8243; text_size=&#8220;h3&#8243; text_weight=&#8220;700&#8243; sub_reduced=&#8220;yes&#8220;]Trogir[\/vc_custom_heading][vc_separator sep_color=&#8220;color-uydo&#8220;][vc_column_text]alte mittelalterliche Stadt\/UNESCO[\/vc_column_text][vc_column_text]<strong><a href=\"http:\/\/www.croatia.hr\" target=\"_blank\" rel=\"noopener\">Website<\/a><\/strong><br \/>\n<strong>Ungef\u00e4hre Entfernung:<\/strong> 30 Kilometer[\/vc_column_text][\/vc_column][vc_column column_width_percent=&#8220;100&#8243; gutter_size=&#8220;2&#8243; override_padding=&#8220;yes&#8220; column_padding=&#8220;2&#8243; overlay_alpha=&#8220;50&#8243; shift_x=&#8220;0&#8243; shift_y=&#8220;0&#8243; shift_y_down=&#8220;0&#8243; z_index=&#8220;0&#8243; medium_width=&#8220;0&#8243; mobile_width=&#8220;0&#8243; radius=&#8220;sm&#8220; shadow=&#8220;xs&#8220; width=&#8220;1\/3&#8243;][vc_custom_heading heading_semantic=&#8220;h3&#8243; text_size=&#8220;h3&#8243; text_weight=&#8220;700&#8243; sub_reduced=&#8220;yes&#8220;]Split[\/vc_custom_heading][vc_separator sep_color=&#8220;color-uydo&#8220;][vc_column_text]Diocletianpalast \/ UNESCO[\/vc_column_text][vc_column_text]<a href=\"http:\/\/www.visitsplit.com\" target=\"_blank\" rel=\"noopener\"><strong>Website<\/strong><\/a><br \/>\n<strong>Ungef\u00e4hre Entfernung:<\/strong> 65 Kilometer[\/vc_column_text][\/vc_column][\/vc_row]<\/p>\n<\/div>","protected":false},"excerpt":{"rendered":"<p>[vc_row row_height_percent=&#8220;0&#8243; override_padding=&#8220;yes&#8220; h_padding=&#8220;2&#8243; top_padding=&#8220;3&#8243; bottom_padding=&#8220;2&#8243; overlay_alpha=&#8220;50&#8243; gutter_size=&#8220;3&#8243; column_width_percent=&#8220;100&#8243; shift_y=&#8220;0&#8243; z_index=&#8220;0&#8243;][vc_column column_width_use_pixel=&#8220;yes&#8220; position_horizontal=&#8220;left&#8220; gutter_size=&#8220;3&#8243; back_color=&#8220;color-207971&#8243; overlay_alpha=&#8220;50&#8243; border_color=&#8220;color-platinum&#8220; border_style=&#8220;solid&#8220; shift_x=&#8220;0&#8243; shift_y=&#8220;0&#8243; [&hellip;]<\/p>\n","protected":false},"author":1,"featured_media":1575,"parent":2313,"menu_order":0,"comment_status":"closed","ping_status":"closed","template":"","meta":{"footnotes":""},"class_list":["post-876","page","type-page","status-publish","has-post-thumbnail","hentry","page_category-leisure-de"],"_links":{"self":[{"href":"https:\/\/zora-hotel.com\/de\/wp-json\/wp\/v2\/pages\/876","targetHints":{"allow":["GET"]}}],"collection":[{"href":"https:\/\/zora-hotel.com\/de\/wp-json\/wp\/v2\/pages"}],"about":[{"href":"https:\/\/zora-hotel.com\/de\/wp-json\/wp\/v2\/types\/page"}],"author":[{"embeddable":true,"href":"https:\/\/zora-hotel.com\/de\/wp-json\/wp\/v2\/users\/1"}],"replies":[{"embeddable":true,"href":"https:\/\/zora-hotel.com\/de\/wp-json\/wp\/v2\/comments?post=876"}],"version-history":[{"count":1,"href":"https:\/\/zora-hotel.com\/de\/wp-json\/wp\/v2\/pages\/876\/revisions"}],"predecessor-version":[{"id":6576,"href":"https:\/\/zora-hotel.com\/de\/wp-json\/wp\/v2\/pages\/876\/revisions\/6576"}],"up":[{"embeddable":true,"href":"https:\/\/zora-hotel.com\/de\/wp-json\/wp\/v2\/pages\/2313"}],"wp:featuredmedia":[{"embeddable":true,"href":"https:\/\/zora-hotel.com\/de\/wp-json\/wp\/v2\/media\/1575"}],"wp:attachment":[{"href":"https:\/\/zora-hotel.com\/de\/wp-json\/wp\/v2\/media?parent=876"}],"curies":[{"name":"wp","href":"https:\/\/api.w.org\/{rel}","templated":true}]}}