{"id":835,"date":"2021-02-26T13:11:09","date_gmt":"2021-02-26T13:11:09","guid":{"rendered":"https:\/\/zora-hotel.com\/kids-club\/"},"modified":"2025-08-14T13:18:58","modified_gmt":"2025-08-14T11:18:58","slug":"kids-club","status":"publish","type":"page","link":"https:\/\/zora-hotel.com\/de\/angebot\/kids-club\/","title":{"rendered":"Kids Club"},"content":{"rendered":"<div class=\"wpb-content-wrapper\"><p>[vc_row row_height_percent=&#8220;0&#8243; override_padding=&#8220;yes&#8220; h_padding=&#8220;2&#8243; top_padding=&#8220;3&#8243; bottom_padding=&#8220;2&#8243; overlay_alpha=&#8220;50&#8243; gutter_size=&#8220;3&#8243; column_width_percent=&#8220;100&#8243; shift_y=&#8220;0&#8243; z_index=&#8220;0&#8243;][vc_column column_width_use_pixel=&#8220;yes&#8220; position_horizontal=&#8220;left&#8220; gutter_size=&#8220;3&#8243; back_color=&#8220;color-207971&#8243; overlay_alpha=&#8220;50&#8243; border_color=&#8220;color-platinum&#8220; border_style=&#8220;solid&#8220; shift_x=&#8220;0&#8243; shift_y=&#8220;0&#8243; shift_y_down=&#8220;0&#8243; z_index=&#8220;0&#8243; medium_width=&#8220;0&#8243; mobile_width=&#8220;0&#8243; radius=&#8220;xs&#8220; width=&#8220;1\/1&#8243; column_width_pixel=&#8220;900&#8243; css=&#8220;.vc_custom_1615543627970{border-left-width: 3px !important;}&#8220;][uncode_breadcrumbs text_lead=&#8220;small&#8220;][vc_custom_heading text_weight=&#8220;700&#8243;]Im Kids Club ist alles nach unseren j\u00fcngsten G\u00e4sten ma\u00dfgeschneidert[\/vc_custom_heading][vc_column_text uncode_shortcode_id=&#8220;155685&#8243;]In gro\u00dfer klimatisierter Spielsaal,Toiletten. Im Hof des Kids Clubs befinden sich zwei Pools, ein Junior Pool (30 cm tief f\u00fcr Kinder, die Nichtschwimmer sind) und ein Senior Pool (70 cm tief f\u00fcr Kinder, die schwimmen k\u00f6nnen). Saisonal ge\u00f6ffnet, je nach Wetterlage.[\/vc_column_text][\/vc_column][\/vc_row][vc_row row_height_percent=&#8220;0&#8243; override_padding=&#8220;yes&#8220; h_padding=&#8220;2&#8243; top_padding=&#8220;2&#8243; bottom_padding=&#8220;3&#8243; overlay_alpha=&#8220;50&#8243; gutter_size=&#8220;2&#8243; column_width_percent=&#8220;100&#8243; shift_y=&#8220;0&#8243; z_index=&#8220;0&#8243; top_divider=&#8220;ray-opacity&#8220;][vc_column column_width_percent=&#8220;100&#8243; gutter_size=&#8220;2&#8243; overlay_alpha=&#8220;50&#8243; shift_x=&#8220;0&#8243; shift_y=&#8220;0&#8243; shift_y_down=&#8220;0&#8243; z_index=&#8220;0&#8243; medium_width=&#8220;0&#8243; mobile_width=&#8220;0&#8243; width=&#8220;1\/3&#8243;][vc_single_image media=&#8220;2114&#8243; media_width_percent=&#8220;100&#8243; media_ratio=&#8220;four-three&#8220; shadow=&#8220;yes&#8220; shadow_weight=&#8220;sm&#8220; advanced=&#8220;yes&#8220; media_items=&#8220;media|original,title&#8220; media_overlay_color=&#8220;color-jevc&#8220; media_overlay_coloration=&#8220;bottom_gradient&#8220; media_overlay_opacity=&#8220;50&#8243; media_overlay_visible=&#8220;yes&#8220; media_overlay_anim=&#8220;no&#8220; media_text_visible=&#8220;yes&#8220; media_text_anim=&#8220;no&#8220; media_image_anim=&#8220;no&#8220; media_v_position=&#8220;bottom&#8220; media_padding=&#8220;2&#8243; media_title_dimension=&#8220;h3&#8243; text_lead=&#8220;yes&#8220; media_title_custom=&#8220;Sportliche Aktivit\u00e4ten&#8220;][\/vc_column][vc_column column_width_percent=&#8220;100&#8243; gutter_size=&#8220;2&#8243; overlay_alpha=&#8220;50&#8243; shift_x=&#8220;0&#8243; shift_y=&#8220;0&#8243; shift_y_down=&#8220;0&#8243; z_index=&#8220;0&#8243; medium_width=&#8220;0&#8243; mobile_width=&#8220;0&#8243; width=&#8220;1\/3&#8243;][vc_single_image media=&#8220;2066&#8243; media_width_percent=&#8220;100&#8243; media_ratio=&#8220;four-three&#8220; shadow=&#8220;yes&#8220; shadow_weight=&#8220;sm&#8220; advanced=&#8220;yes&#8220; media_items=&#8220;media|original,title&#8220; media_overlay_color=&#8220;color-jevc&#8220; media_overlay_coloration=&#8220;bottom_gradient&#8220; media_overlay_opacity=&#8220;50&#8243; media_overlay_visible=&#8220;yes&#8220; media_overlay_anim=&#8220;no&#8220; media_text_visible=&#8220;yes&#8220; media_text_anim=&#8220;no&#8220; media_image_anim=&#8220;no&#8220; media_v_position=&#8220;bottom&#8220; media_padding=&#8220;2&#8243; media_title_dimension=&#8220;h3&#8243; text_lead=&#8220;yes&#8220; media_title_custom=&#8220;Spazierg\u00e4nge in der Natur&#8220;][\/vc_column][vc_column column_width_percent=&#8220;100&#8243; gutter_size=&#8220;2&#8243; overlay_alpha=&#8220;50&#8243; shift_x=&#8220;0&#8243; shift_y=&#8220;0&#8243; shift_y_down=&#8220;0&#8243; z_index=&#8220;0&#8243; medium_width=&#8220;0&#8243; mobile_width=&#8220;0&#8243; width=&#8220;1\/3&#8243;][vc_single_image media=&#8220;3418&#8243; media_width_percent=&#8220;100&#8243; media_ratio=&#8220;four-three&#8220; shadow=&#8220;yes&#8220; shadow_weight=&#8220;sm&#8220; advanced=&#8220;yes&#8220; media_items=&#8220;media|original,title&#8220; media_overlay_color=&#8220;color-jevc&#8220; media_overlay_coloration=&#8220;bottom_gradient&#8220; media_overlay_opacity=&#8220;50&#8243; media_overlay_visible=&#8220;yes&#8220; media_overlay_anim=&#8220;no&#8220; media_text_visible=&#8220;yes&#8220; media_text_anim=&#8220;no&#8220; media_image_anim=&#8220;no&#8220; media_v_position=&#8220;bottom&#8220; media_padding=&#8220;2&#8243; media_title_dimension=&#8220;h3&#8243; text_lead=&#8220;yes&#8220; media_title_custom=&#8220;Schwimmen&#8220;][\/vc_column][\/vc_row]<\/p>\n<\/div>","protected":false},"excerpt":{"rendered":"<p>Im Kids Club ist alles nach unseren j\u00fcngsten G\u00e4sten ma\u00dfgeschneidert<\/p>\n","protected":false},"author":1,"featured_media":2138,"parent":2300,"menu_order":0,"comment_status":"closed","ping_status":"closed","template":"","meta":{"footnotes":""},"class_list":["post-835","page","type-page","status-publish","has-post-thumbnail","hentry","page_category-offer-de"],"_links":{"self":[{"href":"https:\/\/zora-hotel.com\/de\/wp-json\/wp\/v2\/pages\/835","targetHints":{"allow":["GET"]}}],"collection":[{"href":"https:\/\/zora-hotel.com\/de\/wp-json\/wp\/v2\/pages"}],"about":[{"href":"https:\/\/zora-hotel.com\/de\/wp-json\/wp\/v2\/types\/page"}],"author":[{"embeddable":true,"href":"https:\/\/zora-hotel.com\/de\/wp-json\/wp\/v2\/users\/1"}],"replies":[{"embeddable":true,"href":"https:\/\/zora-hotel.com\/de\/wp-json\/wp\/v2\/comments?post=835"}],"version-history":[{"count":2,"href":"https:\/\/zora-hotel.com\/de\/wp-json\/wp\/v2\/pages\/835\/revisions"}],"predecessor-version":[{"id":6602,"href":"https:\/\/zora-hotel.com\/de\/wp-json\/wp\/v2\/pages\/835\/revisions\/6602"}],"up":[{"embeddable":true,"href":"https:\/\/zora-hotel.com\/de\/wp-json\/wp\/v2\/pages\/2300"}],"wp:featuredmedia":[{"embeddable":true,"href":"https:\/\/zora-hotel.com\/de\/wp-json\/wp\/v2\/media\/2138"}],"wp:attachment":[{"href":"https:\/\/zora-hotel.com\/de\/wp-json\/wp\/v2\/media?parent=835"}],"curies":[{"name":"wp","href":"https:\/\/api.w.org\/{rel}","templated":true}]}}