{"id":6149,"date":"2022-07-20T13:44:36","date_gmt":"2022-07-20T11:44:36","guid":{"rendered":"https:\/\/zora-hotel.com\/?page_id=6149"},"modified":"2022-07-20T13:48:29","modified_gmt":"2022-07-20T11:48:29","slug":"verbraucherschutz","status":"publish","type":"page","link":"https:\/\/zora-hotel.com\/de\/verbraucherschutz\/","title":{"rendered":"Verbraucherschutz"},"content":{"rendered":"<div class=\"wpb-content-wrapper\"><p>[vc_row row_height_percent=&#8220;0&#8243; override_padding=&#8220;yes&#8220; h_padding=&#8220;2&#8243; top_padding=&#8220;3&#8243; bottom_padding=&#8220;2&#8243; overlay_alpha=&#8220;50&#8243; gutter_size=&#8220;3&#8243; column_width_percent=&#8220;100&#8243; shift_y=&#8220;0&#8243; z_index=&#8220;0&#8243;][vc_column column_width_use_pixel=&#8220;yes&#8220; position_horizontal=&#8220;left&#8220; gutter_size=&#8220;3&#8243; back_color=&#8220;color-207971&#8243; overlay_alpha=&#8220;50&#8243; border_color=&#8220;color-platinum&#8220; border_style=&#8220;solid&#8220; shift_x=&#8220;0&#8243; shift_y=&#8220;0&#8243; shift_y_down=&#8220;0&#8243; z_index=&#8220;0&#8243; medium_width=&#8220;0&#8243; mobile_width=&#8220;0&#8243; radius=&#8220;xs&#8220; width=&#8220;1\/1&#8243; column_width_pixel=&#8220;900&#8243; css=&#8220;.vc_custom_1615543737567{border-left-width: 3px !important;}&#8220;][vc_custom_heading auto_text=&#8220;yes&#8220; heading_semantic=&#8220;h3&#8243; text_size=&#8220;h1&#8243; text_weight=&#8220;700&#8243;][\/vc_custom_heading][vc_column_text uncode_shortcode_id=&#8220;426301&#8243;]Gem\u00e4\u00df den Vorschriften zum Gastgewerbe und Verbraucherschutz finden Sie untenstehend Hinweise zur Einreichung sowie ein schriftliches Beschwerdeformular.<\/p>\n<p>Schriftliche Verbraucherbeschwerde<\/p>\n<p><strong>MITTEILUNG ZUM EINREICHEN VON BESCHWERDEN <\/strong><\/p>\n<p><span lang=\"HR\">Liebe G\u00e4ste, gem\u00e4\u00df der Vorschriften im Gastgewerbe und zum Kundenschutz, m\u00f6chten wir Ihnen mitteilen, dass eine schriftliche Beschwerde auf die Qualit\u00e4t der geleisteten Dienstleistungen wie folgt eingereicht werden kann: <\/span><\/p>\n<ul>\n<li><span lang=\"HR\">pers\u00f6nlich an der Rezeption des Hotels mit Best\u00e4tigung, dass die Beschwerde eingegangen ist<\/span><\/li>\n<li>per Post an die Adresse: Primo\u0161ten hoteli d.o.o., Radu\u010da 11, 22202 Primo\u0161ten<\/li>\n<li>per E-Mail: h<a href=\"mailto:otel-zora@zora-hotel.com\">otel-zora@zora-hotel.com<\/a><\/li>\n<\/ul>\n<p><span lang=\"HR\">Auf Ihre Beschwerde antworten wir schriftlich sp\u00e4testens innerhalb von 15 Tagen ab Erhalt der Beschwerde. <\/span>[\/vc_column_text][vc_button button_color=&#8220;color-oxford&#8220; border_width=&#8220;0&#8243; icon_position=&#8220;right&#8220; link=&#8220;url:https%3A%2F%2Fzora-hotel.com%2Fwp-content%2Fuploads%2F2022%2F07%2FWritten-objection.pdf|target:_blank&#8220; button_color_type=&#8220;uncode-palette&#8220; uncode_shortcode_id=&#8220;208544&#8243; icon=&#8220;fa fa-download3&#8243;]Schriftliche Verbraucherbeschwerde[\/vc_button][\/vc_column][\/vc_row]<\/p>\n<\/div>","protected":false},"excerpt":{"rendered":"<p>[vc_row row_height_percent=&#8220;0&#8243; override_padding=&#8220;yes&#8220; h_padding=&#8220;2&#8243; top_padding=&#8220;3&#8243; bottom_padding=&#8220;2&#8243; overlay_alpha=&#8220;50&#8243; gutter_size=&#8220;3&#8243; column_width_percent=&#8220;100&#8243; shift_y=&#8220;0&#8243; z_index=&#8220;0&#8243;][vc_column column_width_use_pixel=&#8220;yes&#8220; position_horizontal=&#8220;left&#8220; gutter_size=&#8220;3&#8243; back_color=&#8220;color-207971&#8243; overlay_alpha=&#8220;50&#8243; border_color=&#8220;color-platinum&#8220; border_style=&#8220;solid&#8220; shift_x=&#8220;0&#8243; shift_y=&#8220;0&#8243; [&hellip;]<\/p>\n","protected":false},"author":1,"featured_media":0,"parent":0,"menu_order":0,"comment_status":"closed","ping_status":"closed","template":"","meta":{"footnotes":""},"class_list":["post-6149","page","type-page","status-publish","hentry"],"_links":{"self":[{"href":"https:\/\/zora-hotel.com\/de\/wp-json\/wp\/v2\/pages\/6149","targetHints":{"allow":["GET"]}}],"collection":[{"href":"https:\/\/zora-hotel.com\/de\/wp-json\/wp\/v2\/pages"}],"about":[{"href":"https:\/\/zora-hotel.com\/de\/wp-json\/wp\/v2\/types\/page"}],"author":[{"embeddable":true,"href":"https:\/\/zora-hotel.com\/de\/wp-json\/wp\/v2\/users\/1"}],"replies":[{"embeddable":true,"href":"https:\/\/zora-hotel.com\/de\/wp-json\/wp\/v2\/comments?post=6149"}],"version-history":[{"count":0,"href":"https:\/\/zora-hotel.com\/de\/wp-json\/wp\/v2\/pages\/6149\/revisions"}],"wp:attachment":[{"href":"https:\/\/zora-hotel.com\/de\/wp-json\/wp\/v2\/media?parent=6149"}],"curies":[{"name":"wp","href":"https:\/\/api.w.org\/{rel}","templated":true}]}}