{"id":288,"date":"2021-02-24T12:13:01","date_gmt":"2021-02-24T12:13:01","guid":{"rendered":"https:\/\/zora-hotel.com\/contact\/"},"modified":"2025-08-14T11:41:26","modified_gmt":"2025-08-14T09:41:26","slug":"kontakt","status":"publish","type":"page","link":"https:\/\/zora-hotel.com\/de\/kontakt\/","title":{"rendered":"Kontakt"},"content":{"rendered":"<div class=\"wpb-content-wrapper\"><p>[vc_row unlock_row_content=&#8220;yes&#8220; row_height_percent=&#8220;0&#8243; override_padding=&#8220;yes&#8220; h_padding=&#8220;0&#8243; top_padding=&#8220;0&#8243; bottom_padding=&#8220;0&#8243; overlay_alpha=&#8220;50&#8243; gutter_size=&#8220;3&#8243; column_width_percent=&#8220;100&#8243; shift_y=&#8220;0&#8243; z_index=&#8220;0&#8243;][vc_column column_width_percent=&#8220;100&#8243; position_horizontal=&#8220;left&#8220; gutter_size=&#8220;3&#8243; style=&#8220;dark&#8220; overlay_alpha=&#8220;50&#8243; shift_x=&#8220;0&#8243; shift_y=&#8220;0&#8243; shift_y_down=&#8220;0&#8243; z_index=&#8220;0&#8243; medium_width=&#8220;0&#8243; mobile_width=&#8220;0&#8243; width=&#8220;1\/1&#8243; mobile_height=&#8220;360&#8243;][vc_gmaps latlon=&#8220;43.59049428833097, 15.919287684657387&#8243; size=&#8220;450&#8243; map_color=&#8220;color-oxford&#8220; ui_color=&#8220;color-turquiose&#8220; zoom=&#8220;14&#8243; map_saturation=&#8220;-20&#8243; map_brightness=&#8220;5&#8243;][\/vc_column][\/vc_row][vc_row row_height_percent=&#8220;0&#8243; override_padding=&#8220;yes&#8220; h_padding=&#8220;2&#8243; top_padding=&#8220;0&#8243; bottom_padding=&#8220;5&#8243; overlay_alpha=&#8220;50&#8243; gutter_size=&#8220;3&#8243; column_width_percent=&#8220;100&#8243; shift_y=&#8220;0&#8243; z_index=&#8220;0&#8243; el_class=&#8220;contact&#8211;widget&#8220;][vc_column column_width_percent=&#8220;100&#8243; gutter_size=&#8220;4&#8243; overlay_alpha=&#8220;50&#8243; shift_x=&#8220;0&#8243; shift_y=&#8220;0&#8243; shift_y_down=&#8220;0&#8243; z_index=&#8220;0&#8243; medium_width=&#8220;0&#8243; mobile_width=&#8220;0&#8243; width=&#8220;1\/1&#8243;][vc_row_inner row_inner_height_percent=&#8220;0&#8243; overlay_alpha=&#8220;50&#8243; gutter_size=&#8220;4&#8243; shift_y=&#8220;0&#8243; limit_content=&#8220;&#8220;][vc_column_inner column_width_percent=&#8220;100&#8243; gutter_size=&#8220;4&#8243; overlay_alpha=&#8220;50&#8243; shift_x=&#8220;0&#8243; shift_y=&#8220;0&#8243; shift_y_down=&#8220;0&#8243; z_index=&#8220;0&#8243; medium_width=&#8220;0&#8243; mobile_width=&#8220;0&#8243; sticky=&#8220;yes&#8220; width=&#8220;3\/12&#8243;][vc_empty_space empty_h=&#8220;2&#8243; mobile_visibility=&#8220;yes&#8220;][vc_custom_heading heading_semantic=&#8220;h6&#8243; text_size=&#8220;h6&#8243; text_transform=&#8220;uppercase&#8220;]Kontakt[\/vc_custom_heading][vc_icon position=&#8220;left&#8220; title_aligned_icon=&#8220;yes&#8220; icon=&#8220;fa fa-paper-plane-o&#8220; size=&#8220;fa-2x&#8220; heading_semantic=&#8220;h4&#8243; text_size=&#8220;h4&#8243; title=&#8220;Email&#8220; el_class=&#8220;contact&#8211;icon&#8220; uncode_shortcode_id=&#8220;774422&#8243;]<a href=\"mailto:hotel-zora@zora-hotel.com\">hotel-zora@zora-hotel.com<\/a>[\/vc_icon][vc_icon position=&#8220;left&#8220; title_aligned_icon=&#8220;yes&#8220; icon=&#8220;fa fa-phone-handset&#8220; size=&#8220;fa-2x&#8220; heading_semantic=&#8220;h4&#8243; text_size=&#8220;h4&#8243; title=&#8220;Tel&#8220; el_class=&#8220;contact&#8211;icon&#8220; uncode_shortcode_id=&#8220;233032&#8243;]<a href=\"tel:+385 (0)22 581 111\">+385 (0)22 581 111<\/a>[\/vc_icon][vc_icon position=&#8220;left&#8220; title_aligned_icon=&#8220;yes&#8220; icon=&#8220;fa fa-fax&#8220; size=&#8220;fa-2x&#8220; heading_semantic=&#8220;h4&#8243; text_size=&#8220;h4&#8243; title=&#8220;Fax&#8220; el_class=&#8220;contact&#8211;icon&#8220; uncode_shortcode_id=&#8220;153233&#8243;]<a href=\"tel:+385 (0)22 570 302\">+385 (0)22 570 302<\/a>[\/vc_icon][vc_empty_space empty_h=&#8220;2&#8243; mobile_visibility=&#8220;yes&#8220;][vc_custom_heading heading_semantic=&#8220;h6&#8243; text_size=&#8220;h6&#8243; text_transform=&#8220;uppercase&#8220; uncode_shortcode_id=&#8220;983691&#8243;]Arbeitskontakt[\/vc_custom_heading][vc_icon position=&#8220;left&#8220; title_aligned_icon=&#8220;yes&#8220; icon=&#8220;fa fa-paper-plane-o&#8220; size=&#8220;fa-2x&#8220; heading_semantic=&#8220;h4&#8243; text_size=&#8220;h4&#8243; title=&#8220;Email&#8220; el_class=&#8220;contact&#8211;icon&#8220; uncode_shortcode_id=&#8220;646176&#8243;]<a href=\"mailto:careers@zora-hotel.com\">posao@zora-hotel.com<\/a>[\/vc_icon][vc_icon position=&#8220;left&#8220; title_aligned_icon=&#8220;yes&#8220; icon=&#8220;fa fa-phone-handset&#8220; size=&#8220;fa-2x&#8220; heading_semantic=&#8220;h4&#8243; text_size=&#8220;h4&#8243; title=&#8220;Tel&#8220; el_class=&#8220;contact&#8211;icon&#8220; uncode_shortcode_id=&#8220;175365&#8243;]<a href=\"tel:+385 (0) 22 581 047\">+385 (0) 22 581 047<\/a>[\/vc_icon][vc_icon position=&#8220;left&#8220; title_aligned_icon=&#8220;yes&#8220; icon=&#8220;fa fa-fax&#8220; size=&#8220;fa-2x&#8220; heading_semantic=&#8220;h4&#8243; text_size=&#8220;h4&#8243; title=&#8220;Fax&#8220; el_class=&#8220;contact&#8211;icon&#8220; uncode_shortcode_id=&#8220;122266&#8243;]<a href=\"tel:+385 (0) 22 571 120\">+385 (0) 22 571 120<\/a>[\/vc_icon][\/vc_column_inner][vc_column_inner column_width_percent=&#8220;100&#8243; gutter_size=&#8220;3&#8243; back_color=&#8220;color-xsdn&#8220; overlay_alpha=&#8220;50&#8243; shift_x=&#8220;0&#8243; shift_y=&#8220;-4&#8243; shift_y_down=&#8220;0&#8243; z_index=&#8220;0&#8243; medium_width=&#8220;0&#8243; mobile_width=&#8220;0&#8243; radius=&#8220;std&#8220; shadow=&#8220;xs&#8220; width=&#8220;9\/12&#8243; el_class=&#8220;contact-page-right&#8220;][vc_custom_heading text_weight=&#8220;700&#8243; sub_reduced=&#8220;yes&#8220; subheading=&#8220;Primo\u0161ten befindet sich am attraktivsten Teil der Adria K\u00fcste zwischen den bekannten kroatischen Sehensw\u00fcrdigkeiten den St\u00e4dten \u0160ibenik, Trogir und Split und den Nationalparks Krka und Kornati.&#8220;]So Kommen Sie Zu Uns[\/vc_custom_heading][vc_separator sep_color=&#8220;,Default&#8220;][vc_custom_heading text_weight=&#8220;700&#8243; sub_reduced=&#8220;yes&#8220; subheading=&#8220;<b>Aus Richtung Zagreb (350km):<\/b> mit der Autobahn A1 Karlovac \u2013 Split (Ausfahrt \u0160ibenik\/Knin-Drni\u0161\/Primo\u0161ten), danach mit der Stra\u00dfe E65 noch 30 km Fahrt bis Primo\u0161ten.<br \/>\n<b>Aus Richtung Rijeka (310 km):<\/b> mit der Adriastra\u00dfe D8 bis Primo\u0161ten oder mit der Adriastra\u00dfe D8 bis Senj, Anschluss an die Auto Bahn A1 bis \u0160ibenik und mit der Stra\u00dfe E 65 noch 30 Kilometer bis Primo\u0161ten.<br \/>\n<b>Aus Richtung Split (60 Kilometer):<\/b> E65 Richtung Zadar \/ \u0160ibenik bis Primo\u0161ten.&#8220;]Mit dem Auto:[\/vc_custom_heading][vc_separator sep_color=&#8220;,Default&#8220;][vc_custom_heading heading_semantic=&#8220;h3&#8243; subheading=&#8220;F\u00fcr weitere Informationen senden Sie uns bitte Ihre Anfrage.&#8220;]<a class=\"nav-link ap-navigation__primary__top-level\" href=\"https:\/\/www.amadriapark.com\/de\/kontakt\" aria-current=\"page\" target=\"_blank\" rel=\"noopener\">Kontaktieren Sie uns<\/a>![\/vc_custom_heading]\n<div class=\"wpcf7 no-js\" id=\"wpcf7-f4483-o1\" lang=\"de-DE\" dir=\"ltr\" data-wpcf7-id=\"4483\">\n<div class=\"screen-reader-response\"><p role=\"status\" aria-live=\"polite\" aria-atomic=\"true\"><\/p> <ul><\/ul><\/div>\n<form action=\"\/de\/wp-json\/wp\/v2\/pages\/288#wpcf7-f4483-o1\" method=\"post\" class=\"wpcf7-form init input-background\" aria-label=\"Kontaktformular\" novalidate=\"novalidate\" data-status=\"init\">\n<fieldset class=\"hidden-fields-container\"><input type=\"hidden\" name=\"_wpcf7\" value=\"4483\" \/><input type=\"hidden\" name=\"_wpcf7_version\" value=\"6.1.5\" \/><input type=\"hidden\" name=\"_wpcf7_locale\" value=\"de_DE\" \/><input type=\"hidden\" name=\"_wpcf7_unit_tag\" value=\"wpcf7-f4483-o1\" \/><input type=\"hidden\" name=\"_wpcf7_container_post\" value=\"0\" \/><input type=\"hidden\" name=\"_wpcf7_posted_data_hash\" value=\"\" \/><input type=\"hidden\" name=\"_wpcf7_recaptcha_response\" value=\"\" \/>\n<\/fieldset>\n<div class=\"wpcf7-inline-wrapper\">\n\t<p class=\"wpcf7-inline-field\"><span class=\"wpcf7-form-control-wrap\" data-name=\"your-firstname\"><input size=\"40\" maxlength=\"400\" class=\"wpcf7-form-control wpcf7-text wpcf7-validates-as-required\" aria-required=\"true\" aria-invalid=\"false\" placeholder=\"Name*\" value=\"\" type=\"text\" name=\"your-firstname\" \/><\/span>\n\t<\/p>\n\t<p class=\"wpcf7-inline-field\"><span class=\"wpcf7-form-control-wrap\" data-name=\"your-lastname\"><input size=\"40\" maxlength=\"400\" class=\"wpcf7-form-control wpcf7-text\" aria-invalid=\"false\" placeholder=\"Nachname\" value=\"\" type=\"text\" name=\"your-lastname\" \/><\/span>\n\t<\/p>\n<\/div>\n<div class=\"wpcf7-inline-wrapper\">\n\t<p class=\"wpcf7-inline-field\"><span class=\"wpcf7-form-control-wrap\" data-name=\"your-email\"><input size=\"40\" maxlength=\"400\" class=\"wpcf7-form-control wpcf7-email wpcf7-validates-as-required wpcf7-text wpcf7-validates-as-email\" aria-required=\"true\" aria-invalid=\"false\" placeholder=\"Email*\" value=\"\" type=\"email\" name=\"your-email\" \/><\/span>\n\t<\/p>\n\t<p class=\"wpcf7-inline-field\"><span class=\"wpcf7-form-control-wrap\" data-name=\"your-subject\"><input size=\"40\" maxlength=\"400\" class=\"wpcf7-form-control wpcf7-text\" aria-invalid=\"false\" placeholder=\"Fach\" value=\"\" type=\"text\" name=\"your-subject\" \/><\/span>\n\t<\/p>\n<\/div>\n<p><span class=\"wpcf7-form-control-wrap\" data-name=\"your-message\"><textarea cols=\"40\" rows=\"10\" maxlength=\"2000\" class=\"wpcf7-form-control wpcf7-textarea wpcf7-validates-as-required\" aria-required=\"true\" aria-invalid=\"false\" placeholder=\"Nachricht*\" name=\"your-message\"><\/textarea><\/span>\n<\/p>\n<p><span class=\"wpcf7-form-control-wrap\" data-name=\"accept-this-1\"><span class=\"wpcf7-form-control wpcf7-acceptance\"><span class=\"wpcf7-list-item\"><label><input type=\"checkbox\" name=\"accept-this-1\" value=\"1\" aria-invalid=\"false\" \/><span class=\"wpcf7-list-item-label\">Pr\u00fcfen Sie hier, wenn Sie unsere Bedingungen akzeptieren (<a href=\"\/privacy-policy\/\">Privacy Policy<\/a>)<\/span><\/label><\/span><\/span><\/span>\n<\/p>\n<p><input class=\"wpcf7-form-control wpcf7-submit has-spinner btn btn-fluid btn-color-oxford btn-flat\" type=\"submit\" value=\"Geschickt\" \/>\n<\/p><input type='hidden' class='wpcf7-pum' value='{\"closepopup\":false,\"closedelay\":0,\"openpopup\":false,\"openpopup_id\":0}' \/><div class=\"wpcf7-response-output\" aria-hidden=\"true\"><\/div>\n<\/form>\n<\/div>\n[\/vc_column_inner][\/vc_row_inner][\/vc_column][\/vc_row]<\/p>\n<\/div>","protected":false},"excerpt":{"rendered":"<p>[vc_row unlock_row_content=&#8220;yes&#8220; row_height_percent=&#8220;0&#8243; override_padding=&#8220;yes&#8220; h_padding=&#8220;0&#8243; top_padding=&#8220;0&#8243; bottom_padding=&#8220;0&#8243; overlay_alpha=&#8220;50&#8243; gutter_size=&#8220;3&#8243; column_width_percent=&#8220;100&#8243; shift_y=&#8220;0&#8243; z_index=&#8220;0&#8243;][vc_column column_width_percent=&#8220;100&#8243; position_horizontal=&#8220;left&#8220; gutter_size=&#8220;3&#8243; style=&#8220;dark&#8220; overlay_alpha=&#8220;50&#8243; shift_x=&#8220;0&#8243; shift_y=&#8220;0&#8243; shift_y_down=&#8220;0&#8243; [&hellip;]<\/p>\n","protected":false},"author":1,"featured_media":0,"parent":0,"menu_order":0,"comment_status":"closed","ping_status":"closed","template":"","meta":{"footnotes":""},"class_list":["post-288","page","type-page","status-publish","hentry","page_category-subpage-de"],"_links":{"self":[{"href":"https:\/\/zora-hotel.com\/de\/wp-json\/wp\/v2\/pages\/288","targetHints":{"allow":["GET"]}}],"collection":[{"href":"https:\/\/zora-hotel.com\/de\/wp-json\/wp\/v2\/pages"}],"about":[{"href":"https:\/\/zora-hotel.com\/de\/wp-json\/wp\/v2\/types\/page"}],"author":[{"embeddable":true,"href":"https:\/\/zora-hotel.com\/de\/wp-json\/wp\/v2\/users\/1"}],"replies":[{"embeddable":true,"href":"https:\/\/zora-hotel.com\/de\/wp-json\/wp\/v2\/comments?post=288"}],"version-history":[{"count":2,"href":"https:\/\/zora-hotel.com\/de\/wp-json\/wp\/v2\/pages\/288\/revisions"}],"predecessor-version":[{"id":6450,"href":"https:\/\/zora-hotel.com\/de\/wp-json\/wp\/v2\/pages\/288\/revisions\/6450"}],"wp:attachment":[{"href":"https:\/\/zora-hotel.com\/de\/wp-json\/wp\/v2\/media?parent=288"}],"curies":[{"name":"wp","href":"https:\/\/api.w.org\/{rel}","templated":true}]}}