{"id":2158,"date":"2021-03-12T11:32:37","date_gmt":"2021-03-12T11:32:37","guid":{"rendered":"https:\/\/zora-hotel.com\/general-info\/"},"modified":"2025-10-21T14:10:08","modified_gmt":"2025-10-21T12:10:08","slug":"allgemeine-informationen","status":"publish","type":"page","link":"https:\/\/zora-hotel.com\/de\/allgemeine-informationen\/","title":{"rendered":"Allgemeine Informationen"},"content":{"rendered":"<div class=\"wpb-content-wrapper\"><p>[vc_row row_height_percent=&#8220;0&#8243; override_padding=&#8220;yes&#8220; h_padding=&#8220;2&#8243; top_padding=&#8220;3&#8243; bottom_padding=&#8220;2&#8243; overlay_alpha=&#8220;50&#8243; gutter_size=&#8220;3&#8243; column_width_percent=&#8220;100&#8243; shift_y=&#8220;0&#8243; z_index=&#8220;0&#8243;][vc_column column_width_percent=&#8220;100&#8243; gutter_size=&#8220;3&#8243; override_padding=&#8220;yes&#8220; column_padding=&#8220;2&#8243; back_color=&#8220;color-207971&#8243; overlay_alpha=&#8220;50&#8243; border_color=&#8220;color-platinum&#8220; border_style=&#8220;solid&#8220; shift_x=&#8220;0&#8243; shift_y=&#8220;0&#8243; shift_y_down=&#8220;0&#8243; z_index=&#8220;0&#8243; medium_width=&#8220;0&#8243; mobile_width=&#8220;0&#8243; width=&#8220;1\/1&#8243; css=&#8220;.vc_custom_1622731168627{border-left-width: 3px !important;}&#8220;][uncode_breadcrumbs text_lead=&#8220;small&#8220;][vc_custom_heading heading_semantic=&#8220;h1&#8243; text_size=&#8220;h1&#8243; text_weight=&#8220;700&#8243;]HOTEL ZORA[\/vc_custom_heading][vc_column_text uncode_shortcode_id=&#8220;212339&#8243;]Das Hotel befindet sich 500 Meter vom Zentrum Primo\u0161tens und 50 Meter vom Meer entfernt.<\/p>\n<p><strong>Check in:<\/strong> ab 15:00 Uhr<br \/>\n<strong>Check out:<\/strong> bis 10:00 Uhr<\/p>\n<p><strong>Hotelkategorie:<\/strong> 3*<br \/>\n<strong>Anzahl der Zimmer:<\/strong> 324 (287 Doppelbettzimmer, 30 Familienzimmer, 7 Appartements)<br \/>\n<strong>Kategorie:<\/strong> Comfort (***) und Premier Club (****)<br \/>\n<strong>Anzahl der Geb\u00e4ude:<\/strong> 9<br \/>\n<strong>Anzahl der Stockwerke:<\/strong> 3 (mit einem Lift verbunden)<\/p>\n<p><strong>Ausstattung der Zimmer:<\/strong> Balkon oder Terrasse, Badezimmer mit Badewanne oder Dusche, Haartrockner, Satellitenfernsehen, Telefon, Klimaanlage, Heizung, M\u00f6glichkeit eines dritten Hilfsbetts.<br \/>\n<strong>Premier Club Dienstleistung:<\/strong> Kartenschl\u00fcssel f\u00fcr das Zimmer, Minibar, Wi-Fi, Safe, Kosmetikspiegel, Hausmantel und Pantoffeln.[\/vc_column_text][\/vc_column][\/vc_row][vc_row][vc_column column_width_percent=&#8220;100&#8243; gutter_size=&#8220;2&#8243; override_padding=&#8220;yes&#8220; column_padding=&#8220;2&#8243; back_color=&#8220;color-207971&#8243; overlay_alpha=&#8220;50&#8243; border_color=&#8220;color-platinum&#8220; border_style=&#8220;solid&#8220; shift_x=&#8220;0&#8243; shift_y=&#8220;0&#8243; shift_y_down=&#8220;0&#8243; z_index=&#8220;0&#8243; medium_width=&#8220;0&#8243; mobile_width=&#8220;0&#8243; width=&#8220;1\/1&#8243; css=&#8220;.vc_custom_1616154965111{border-left-width: 3px !important;}&#8220;][vc_custom_heading]HOTELINHALTE[\/vc_custom_heading][vc_row_inner limit_content=&#8220;&#8220;][vc_column_inner width=&#8220;1\/3&#8243;][uncode_list icon=&#8220;fa fa-check&#8220; icon_color=&#8220;color-oxford&#8220; uncode_shortcode_id=&#8220;172274&#8243; icon_color_type=&#8220;uncode-palette&#8220;]<\/p>\n<ul>\n<li>Hotelrestaurant mit Buffetangebot zum Fr\u00fchst\u00fcck und Abendessen<\/li>\n<li>Aperitif Bar<\/li>\n<li>Fitness<\/li>\n<\/ul>\n<p>[\/uncode_list][\/vc_column_inner][vc_column_inner width=&#8220;1\/3&#8243;][uncode_list icon=&#8220;fa fa-check&#8220; icon_color=&#8220;color-oxford&#8220; uncode_shortcode_id=&#8220;132591&#8243; icon_color_type=&#8220;uncode-palette&#8220;]<\/p>\n<ul>\n<li>Sportpl\u00e4tze<\/li>\n<li>Mini Club<\/li>\n<li>Internetecke<\/li>\n<\/ul>\n<p>[\/uncode_list][\/vc_column_inner][vc_column_inner width=&#8220;1\/3&#8243;][uncode_list icon=&#8220;fa fa-check&#8220; icon_color=&#8220;color-oxford&#8220; uncode_shortcode_id=&#8220;151798&#8243; icon_color_type=&#8220;uncode-palette&#8220;]<\/p>\n<ul>\n<li>Wasch- und B\u00fcgeldienst<\/li>\n<li>Parkplatz<\/li>\n<li>M\u00f6glichkeit eines organisierten Transfers<\/li>\n<\/ul>\n<p>[\/uncode_list][\/vc_column_inner][\/vc_row_inner][\/vc_column][\/vc_row][vc_row][vc_column column_width_percent=&#8220;100&#8243; gutter_size=&#8220;2&#8243; override_padding=&#8220;yes&#8220; column_padding=&#8220;2&#8243; back_color=&#8220;color-207971&#8243; overlay_alpha=&#8220;50&#8243; border_color=&#8220;color-platinum&#8220; border_style=&#8220;solid&#8220; shift_x=&#8220;0&#8243; shift_y=&#8220;0&#8243; shift_y_down=&#8220;0&#8243; z_index=&#8220;0&#8243; medium_width=&#8220;0&#8243; mobile_width=&#8220;0&#8243; width=&#8220;1\/1&#8243; css=&#8220;.vc_custom_1616154965111{border-left-width: 3px !important;}&#8220;][vc_custom_heading]Sportliche Inhalte[\/vc_custom_heading][vc_row_inner limit_content=&#8220;&#8220;][vc_column_inner width=&#8220;1\/2&#8243;][uncode_list icon=&#8220;fa fa-check&#8220; icon_color=&#8220;color-oxford&#8220;]<\/p>\n<ul>\n<li>3 Tennispl\u00e4tze (Erde)<\/li>\n<li>Multifunktionsplatz f\u00fcr Basketball und Fu\u00dfball<\/li>\n<li>Beach Volleyball<\/li>\n<li>Mini Golf<\/li>\n<\/ul>\n<p>[\/uncode_list][\/vc_column_inner][vc_column_inner width=&#8220;1\/2&#8243;][uncode_list icon=&#8220;fa fa-check&#8220; icon_color=&#8220;color-oxford&#8220;]<\/p>\n<ul>\n<li>Boccia<\/li>\n<li>Tretbootverleih<\/li>\n<li>Wassersport (Jet Ski, Bannana Boat, Paragleiten)<\/li>\n<li>Tauchzentrum<\/li>\n<\/ul>\n<p>[\/uncode_list][\/vc_column_inner][\/vc_row_inner][\/vc_column][\/vc_row][vc_row][vc_column column_width_percent=&#8220;100&#8243; gutter_size=&#8220;2&#8243; override_padding=&#8220;yes&#8220; column_padding=&#8220;2&#8243; back_color=&#8220;color-207971&#8243; overlay_alpha=&#8220;50&#8243; border_color=&#8220;color-platinum&#8220; border_style=&#8220;solid&#8220; shift_x=&#8220;0&#8243; shift_y=&#8220;0&#8243; shift_y_down=&#8220;0&#8243; z_index=&#8220;0&#8243; medium_width=&#8220;0&#8243; mobile_width=&#8220;0&#8243; width=&#8220;1\/1&#8243; css=&#8220;.vc_custom_1616154965111{border-left-width: 3px !important;}&#8220;][vc_custom_heading uncode_shortcode_id=&#8220;104216&#8243;]Strand[\/vc_custom_heading][vc_row_inner limit_content=&#8220;&#8220;][vc_column_inner width=&#8220;1\/2&#8243;][uncode_list icon=&#8220;fa fa-check&#8220; icon_color=&#8220;color-oxford&#8220; uncode_shortcode_id=&#8220;333994&#8243; icon_color_type=&#8220;uncode-palette&#8220;]<\/p>\n<ul>\n<li>Strand: Kies, 50 Meter vom Hotel<\/li>\n<li>Strandbar<\/li>\n<\/ul>\n<p>[\/uncode_list][\/vc_column_inner][vc_column_inner width=&#8220;1\/2&#8243;][uncode_list icon=&#8220;fa fa-check&#8220; icon_color=&#8220;color-oxford&#8220; uncode_shortcode_id=&#8220;136381&#8243; icon_color_type=&#8220;uncode-palette&#8220;]<\/p>\n<ul>\n<li>Verleih von Sonnenschirmen und Liegen<\/li>\n<li>Sanit\u00e4ranlagen und Toiletten<\/li>\n<\/ul>\n<p>[\/uncode_list][\/vc_column_inner][\/vc_row_inner][\/vc_column][\/vc_row][vc_row][vc_column width=&#8220;1\/1&#8243;][vc_gallery el_id=&#8220;gallery-598208&#8243; type=&#8220;carousel&#8220; medias=&#8220;147,150,152,153,163,166,169,1647,736,632,246,2597,2601&#8243; carousel_lg=&#8220;3&#8243; carousel_md=&#8220;2&#8243; carousel_sm=&#8220;1&#8243; thumb_size=&#8220;three-two&#8220; gutter_size=&#8220;3&#8243; media_items=&#8220;media|nolink|original&#8220; carousel_interval=&#8220;5000&#8243; carousel_navspeed=&#8220;700&#8243; carousel_loop=&#8220;yes&#8220; carousel_dots=&#8220;yes&#8220; stage_padding=&#8220;0&#8243; single_shape=&#8220;round&#8220; radius=&#8220;std&#8220; single_overlay_opacity=&#8220;50&#8243; single_overlay_anim=&#8220;no&#8220; single_text_anim=&#8220;no&#8220; single_padding=&#8220;2&#8243; single_border=&#8220;yes&#8220;][\/vc_column][\/vc_row][vc_row row_height_percent=&#8220;0&#8243; override_padding=&#8220;yes&#8220; h_padding=&#8220;2&#8243; top_padding=&#8220;2&#8243; bottom_padding=&#8220;4&#8243; overlay_alpha=&#8220;50&#8243; gutter_size=&#8220;3&#8243; column_width_percent=&#8220;100&#8243; shift_y=&#8220;0&#8243; z_index=&#8220;0&#8243;][vc_column column_width_percent=&#8220;100&#8243; gutter_size=&#8220;3&#8243; overlay_alpha=&#8220;50&#8243; shift_x=&#8220;0&#8243; shift_y=&#8220;0&#8243; shift_y_down=&#8220;0&#8243; z_index=&#8220;0&#8243; medium_width=&#8220;0&#8243; mobile_width=&#8220;0&#8243; width=&#8220;1\/1&#8243;][vc_custom_heading]Primo\u0161ten[\/vc_custom_heading][vc_column_text]Primo\u0161ten ist ein kleiner Ort, der auf einer Insel in der unmittelbaren N\u00e4he der K\u00fcste entstanden es. Man kann ihn anhand seiner autochthonen Steinh\u00e4user, kleinen Kirchen, Engengassen (&#8222;Kalas&#8220;) im mediterranen Stil und an seinen zahlreichen Buchten und Inseln erkennen.<\/p>\n<p>Die dynamische Geschichte des Ortes beginnt im 7. Jahrhundert vor Christus, aber erst 1564 wird zum ersten Mal die kroatische Bezeichnung f\u00fcr den Ort, die auch heute noch beibehalten wurde, genannt. Bereits damals war die kleine Insel mit der Siedlung mit einem Schutzwall gesch\u00fctzt und mit dem Festland kommunizierte sie nur \u00fcber eine Holzzugbr\u00fccke, aber sp\u00e4ter verband einen Deich die Insel mit dem Festland (\u201epremo\u0161ten\u201c = mit einer Br\u00fccke verbunden ) und daher stammt auch der heutige Name &#8211; Primo\u0161ten.[\/vc_column_text][vc_single_image media=&#8220;1497&#8243; media_width_percent=&#8220;100&#8243; shape=&#8220;img-round&#8220; radius=&#8220;std&#8220;][vc_column_text]Die wichtigsten wirtschaftlichen Zweige im Ort waren lange Zeit Landwirtschaft und Viehzucht, aber seit der Mitte des vorigen Jahrhunderts entwickelte sich der Tourismus, der Primo\u0161ten zu einer der f\u00fchrenden touristischen Destinationen an der Adria K\u00fcste erholb.<\/p>\n<p>Von dem schweren Leben der Feldarbeiter in Primo\u0161ten zeugen heute noch so genannte \u2013 potleu\u0161ice (H\u00fctten) \u2013 armselige, schr\u00e4ge H\u00e4uschen ohne Fenster und meistens auch ohne Zimmer (nur manchmal wurden K\u00fcche und Weinkeller vom Rest des Hauses getrennt), in denen mindestens acht Personen lebten. Es war Brauch, dass zu Beginn des Hausbaus in einer Ecke ein Geldst\u00fcck als Gl\u00fccksbringer oder Angaben \u00fcber den Baumeister in einer Flasche vergraben wurden.[\/vc_column_text][vc_single_image media=&#8220;1501&#8243; media_width_percent=&#8220;100&#8243; alignment=&#8220;center&#8220; shape=&#8220;img-round&#8220; radius=&#8220;std&#8220;][vc_column_text]Heute ist Primo\u0161ten auch f\u00fcr seine Herstellung von Oliven\u00f6l und Wein bekannt. Die Weinberge der Weinsorte Babi\u0107, die auf kargem Boden entstanden sind, im Stein (die Spitze von Primo\u0161ten) und kilometerlange Trockenbaumauern sind eine Ode an die menschliche Arbeit und den Flei\u00df. Dieses Bild h\u00e4ngt auch im Geb\u00e4ude des Sitzes der Vereinten Nationen in New York. Die Weinrebe in diesem Gebiet wird seit dem 8. Jahrhundert vor Christus gez\u00fcchtet, als noch die Illyrer und Lieburnen sie anbauten, w\u00e4hrend die Griechen und R\u00f6mer wie dann sp\u00e4ter im 7. Jahrhundert auch die Kroaten diese Tradition fortsetzten.<\/p>\n<p>Das moderne Primo\u0161ten lebt in seinen in den engen Steinstra\u00dfen verstreuten pittoresken Lokalen, kleinen Gesch\u00e4ften und Souvenir Shops. Die Sommeratmosph\u00e4re voller Sport- und Unterhaltungsinhalte wird den G\u00e4sten sch\u00f6ne Erinnerungen schenken.[\/vc_column_text][vc_column_text]Unsere lieben Besucher k\u00f6nnen zu jeder Jahreszeit das milde und mediterrane Klima mit 2.600 sonnigen Stunden und der angenehmen Durchschnittstemperatur von 7\u00b0C im Winter und 25\u00b0C im Sommer genie\u00dfen.<\/p>\n<p>Und wenn dann, nach einem unvergesslichen Sommerurlaub der Winter kommt, k\u00f6nnen Sie in den sch\u00f6nen Erinnerungen an den Sommer und Primo\u0161ten schwelgen, w\u00e4hrend Sie im Fotoalbum der sch\u00f6nen Erinnerungen bl\u00e4ttern.[\/vc_column_text][vc_row_inner limit_content=&#8220;&#8220;][vc_column_inner width=&#8220;1\/2&#8243;][vc_single_image media=&#8220;3136&#8243; media_width_percent=&#8220;100&#8243; media_ratio=&#8220;three-two&#8220; shape=&#8220;img-round&#8220; radius=&#8220;std&#8220;][\/vc_column_inner][vc_column_inner width=&#8220;1\/2&#8243;][vc_single_image media=&#8220;1569&#8243; media_width_percent=&#8220;100&#8243; media_ratio=&#8220;three-two&#8220; shape=&#8220;img-round&#8220; radius=&#8220;std&#8220;][\/vc_column_inner][\/vc_row_inner][\/vc_column][\/vc_row]<\/p>\n<\/div>","protected":false},"excerpt":{"rendered":"<p>[vc_row row_height_percent=&#8220;0&#8243; override_padding=&#8220;yes&#8220; h_padding=&#8220;2&#8243; top_padding=&#8220;3&#8243; bottom_padding=&#8220;2&#8243; overlay_alpha=&#8220;50&#8243; gutter_size=&#8220;3&#8243; column_width_percent=&#8220;100&#8243; shift_y=&#8220;0&#8243; z_index=&#8220;0&#8243;][vc_column column_width_percent=&#8220;100&#8243; gutter_size=&#8220;3&#8243; override_padding=&#8220;yes&#8220; column_padding=&#8220;2&#8243; back_color=&#8220;color-207971&#8243; overlay_alpha=&#8220;50&#8243; border_color=&#8220;color-platinum&#8220; border_style=&#8220;solid&#8220; shift_x=&#8220;0&#8243; [&hellip;]<\/p>\n","protected":false},"author":1,"featured_media":0,"parent":0,"menu_order":0,"comment_status":"closed","ping_status":"closed","template":"","meta":{"footnotes":""},"class_list":["post-2158","page","type-page","status-publish","hentry"],"_links":{"self":[{"href":"https:\/\/zora-hotel.com\/de\/wp-json\/wp\/v2\/pages\/2158","targetHints":{"allow":["GET"]}}],"collection":[{"href":"https:\/\/zora-hotel.com\/de\/wp-json\/wp\/v2\/pages"}],"about":[{"href":"https:\/\/zora-hotel.com\/de\/wp-json\/wp\/v2\/types\/page"}],"author":[{"embeddable":true,"href":"https:\/\/zora-hotel.com\/de\/wp-json\/wp\/v2\/users\/1"}],"replies":[{"embeddable":true,"href":"https:\/\/zora-hotel.com\/de\/wp-json\/wp\/v2\/comments?post=2158"}],"version-history":[{"count":2,"href":"https:\/\/zora-hotel.com\/de\/wp-json\/wp\/v2\/pages\/2158\/revisions"}],"predecessor-version":[{"id":6672,"href":"https:\/\/zora-hotel.com\/de\/wp-json\/wp\/v2\/pages\/2158\/revisions\/6672"}],"wp:attachment":[{"href":"https:\/\/zora-hotel.com\/de\/wp-json\/wp\/v2\/media?parent=2158"}],"curies":[{"name":"wp","href":"https:\/\/api.w.org\/{rel}","templated":true}]}}