{"id":1042,"date":"2021-03-08T14:28:16","date_gmt":"2021-03-08T14:28:16","guid":{"rendered":"https:\/\/zora-hotel.com\/congress\/"},"modified":"2025-08-14T13:21:48","modified_gmt":"2025-08-14T11:21:48","slug":"congress","status":"publish","type":"page","link":"https:\/\/zora-hotel.com\/de\/kongresse-und-hochzeiten\/congress\/","title":{"rendered":"Kongresse"},"content":{"rendered":"<div class=\"wpb-content-wrapper\"><p>[vc_row row_height_percent=&#8220;0&#8243; override_padding=&#8220;yes&#8220; h_padding=&#8220;2&#8243; top_padding=&#8220;3&#8243; bottom_padding=&#8220;1&#8243; overlay_alpha=&#8220;50&#8243; gutter_size=&#8220;3&#8243; column_width_percent=&#8220;100&#8243; shift_y=&#8220;0&#8243; z_index=&#8220;0&#8243;][vc_column column_width_use_pixel=&#8220;yes&#8220; position_horizontal=&#8220;left&#8220; gutter_size=&#8220;2&#8243; back_color=&#8220;color-207971&#8243; overlay_alpha=&#8220;50&#8243; border_color=&#8220;color-platinum&#8220; border_style=&#8220;solid&#8220; shift_x=&#8220;0&#8243; shift_y=&#8220;0&#8243; shift_y_down=&#8220;0&#8243; z_index=&#8220;0&#8243; medium_width=&#8220;0&#8243; mobile_width=&#8220;0&#8243; radius=&#8220;xs&#8220; width=&#8220;1\/1&#8243; column_width_pixel=&#8220;900&#8243; css=&#8220;.vc_custom_1615550351629{border-left-width: 3px !important;}&#8220;][uncode_breadcrumbs text_lead=&#8220;small&#8220;][vc_custom_heading heading_semantic=&#8220;h3&#8243; text_size=&#8220;h1&#8243; text_weight=&#8220;700&#8243;]Congresses[\/vc_custom_heading][vc_column_text]Multifunktionale Kongresszentrum kann sich vollkommen den Bed\u00fcrfnissen der Kunden anpassen und bietet die M\u00f6glichkeit der Organisation von Kongressen, Tagungen, festlichen Empf\u00e4ngen und Banketts.<\/p>\n<p>Das Zentrum umfasst 3 technisch spitzenm\u00e4\u00dfig ausgestattete S\u00e4le mit Blick aufs Meer und einer blauen Terrasse (Kapazit\u00e4t 200 Personen). In allen Konferenzs\u00e4len gibt es Tageslicht.[\/vc_column_text][uncode_list icon=&#8220;fa fa-check&#8220; icon_color=&#8220;color-old-lavender&#8220;]<strong>Das Zentrum besteht aus:<\/strong><\/p>\n<ul>\n<li>dem Kongresssaal Kravata<\/li>\n<li>den Kongresss\u00e4len Penkala I und Penkala II<\/li>\n<li>dem Saal Tesla f\u00fcr kleinere Meetings<\/li>\n<li>dem Info Pult zur Eintragung der Teilnehmer<\/li>\n<li>der Lobby Bar mit Terrasse und Blick aufs Meer<\/li>\n<\/ul>\n<p>[\/uncode_list][\/vc_column][\/vc_row][vc_row row_height_percent=&#8220;0&#8243; override_padding=&#8220;yes&#8220; h_padding=&#8220;2&#8243; top_padding=&#8220;2&#8243; bottom_padding=&#8220;2&#8243; overlay_alpha=&#8220;50&#8243; gutter_size=&#8220;3&#8243; column_width_percent=&#8220;100&#8243; shift_y=&#8220;0&#8243; z_index=&#8220;0&#8243;][vc_column column_width_use_pixel=&#8220;yes&#8220; position_horizontal=&#8220;left&#8220; gutter_size=&#8220;2&#8243; back_color=&#8220;color-207971&#8243; overlay_alpha=&#8220;50&#8243; border_color=&#8220;color-platinum&#8220; border_style=&#8220;solid&#8220; shift_x=&#8220;0&#8243; shift_y=&#8220;0&#8243; shift_y_down=&#8220;0&#8243; z_index=&#8220;0&#8243; medium_width=&#8220;0&#8243; mobile_width=&#8220;0&#8243; radius=&#8220;xs&#8220; width=&#8220;1\/1&#8243; column_width_pixel=&#8220;900&#8243; css=&#8220;.vc_custom_1615550346534{border-left-width: 3px !important;}&#8220;][vc_custom_heading heading_semantic=&#8220;h3&#8243; text_size=&#8220;h3&#8243; text_weight=&#8220;700&#8243;]Ausstattung der S\u00e4lle:[\/vc_custom_heading][vc_row_inner limit_content=&#8220;&#8220;][vc_column_inner width=&#8220;1\/2&#8243;][uncode_list icon=&#8220;fa fa-check&#8220; icon_color=&#8220;color-old-lavender&#8220;]<\/p>\n<ul>\n<li>LCD Deckenprojektor<\/li>\n<li>Projektionsleinwand<\/li>\n<li>Modular \u2013 Lichtsystem<\/li>\n<li>Surround System<\/li>\n<li>Flipcharts<\/li>\n<\/ul>\n<p>[\/uncode_list][\/vc_column_inner][vc_column_inner width=&#8220;1\/2&#8243;][uncode_list icon=&#8220;fa fa-check&#8220; icon_color=&#8220;color-old-lavender&#8220;]<\/p>\n<ul>\n<li>Schnurlosmikrofone<\/li>\n<li>fixierte Mikrofone<\/li>\n<li>Kopfmikrofone<\/li>\n<li>Laptops<\/li>\n<li>Pr\u00e4senter<\/li>\n<li>WiFi<\/li>\n<li>Kabinen f\u00fcr Simultan\u00fcbersetzungen (auf Anfrage und mit Preisaufschlag)<\/li>\n<\/ul>\n<p>[\/uncode_list][\/vc_column_inner][\/vc_row_inner][\/vc_column][\/vc_row][vc_row row_height_percent=&#8220;0&#8243; override_padding=&#8220;yes&#8220; h_padding=&#8220;2&#8243; top_padding=&#8220;2&#8243; bottom_padding=&#8220;4&#8243; overlay_alpha=&#8220;50&#8243; equal_height=&#8220;yes&#8220; gutter_size=&#8220;2&#8243; column_width_percent=&#8220;100&#8243; shift_y=&#8220;0&#8243; z_index=&#8220;0&#8243; top_divider=&#8220;ray-opacity&#8220;][vc_column column_width_percent=&#8220;100&#8243; gutter_size=&#8220;2&#8243; overlay_alpha=&#8220;50&#8243; shift_x=&#8220;0&#8243; shift_y=&#8220;0&#8243; shift_y_down=&#8220;0&#8243; z_index=&#8220;0&#8243; medium_width=&#8220;0&#8243; mobile_width=&#8220;0&#8243; width=&#8220;1\/3&#8243;][vc_single_image media=&#8220;4044&#8243; media_width_percent=&#8220;100&#8243; media_ratio=&#8220;four-three&#8220; shadow=&#8220;yes&#8220; shadow_weight=&#8220;sm&#8220; advanced=&#8220;yes&#8220; media_items=&#8220;media|original&#8220; media_overlay_opacity=&#8220;1&#8243; media_overlay_anim=&#8220;no&#8220; media_text_anim=&#8220;no&#8220; media_overlay_visible=&#8220;yes&#8220; media_image_anim=&#8220;no&#8220; media_v_position=&#8220;bottom&#8220; media_padding=&#8220;2&#8243; media_title_dimension=&#8220;h3&#8243; text_lead=&#8220;yes&#8220; media_title_custom=&#8220;Sauna&#8220;][vc_single_image media=&#8220;1155&#8243; media_width_percent=&#8220;100&#8243; media_ratio=&#8220;four-three&#8220; shadow=&#8220;yes&#8220; shadow_weight=&#8220;sm&#8220; advanced=&#8220;yes&#8220; media_items=&#8220;media|original&#8220; media_overlay_opacity=&#8220;1&#8243; media_overlay_anim=&#8220;no&#8220; media_text_anim=&#8220;no&#8220; media_overlay_visible=&#8220;yes&#8220; media_image_anim=&#8220;no&#8220; media_v_position=&#8220;bottom&#8220; media_padding=&#8220;2&#8243; media_title_dimension=&#8220;h3&#8243; text_lead=&#8220;yes&#8220; media_title_custom=&#8220;Sauna&#8220;][vc_single_image media=&#8220;1115&#8243; media_width_percent=&#8220;100&#8243; media_ratio=&#8220;four-three&#8220; shadow=&#8220;yes&#8220; shadow_weight=&#8220;sm&#8220; advanced=&#8220;yes&#8220; media_items=&#8220;media|original&#8220; media_overlay_opacity=&#8220;1&#8243; media_overlay_anim=&#8220;no&#8220; media_text_anim=&#8220;no&#8220; media_overlay_visible=&#8220;yes&#8220; media_image_anim=&#8220;no&#8220; media_v_position=&#8220;bottom&#8220; media_padding=&#8220;2&#8243; media_title_dimension=&#8220;h3&#8243; text_lead=&#8220;yes&#8220; media_title_custom=&#8220;Sauna&#8220;][vc_single_image media=&#8220;4048&#8243; media_width_percent=&#8220;100&#8243; media_ratio=&#8220;four-three&#8220; shadow=&#8220;yes&#8220; shadow_weight=&#8220;sm&#8220; advanced=&#8220;yes&#8220; media_items=&#8220;media|original&#8220; media_overlay_opacity=&#8220;1&#8243; media_overlay_anim=&#8220;no&#8220; media_text_anim=&#8220;no&#8220; media_overlay_visible=&#8220;yes&#8220; media_image_anim=&#8220;no&#8220; media_v_position=&#8220;bottom&#8220; media_padding=&#8220;2&#8243; media_title_dimension=&#8220;h3&#8243; text_lead=&#8220;yes&#8220; media_title_custom=&#8220;Sauna&#8220;][\/vc_column][vc_column column_width_percent=&#8220;100&#8243; gutter_size=&#8220;2&#8243; overlay_alpha=&#8220;50&#8243; shift_x=&#8220;0&#8243; shift_y=&#8220;0&#8243; shift_y_down=&#8220;0&#8243; z_index=&#8220;0&#8243; medium_width=&#8220;0&#8243; mobile_width=&#8220;0&#8243; width=&#8220;1\/3&#8243;][vc_single_image media=&#8220;4040&#8243; media_width_percent=&#8220;100&#8243; media_ratio=&#8220;four-three&#8220; shadow=&#8220;yes&#8220; shadow_weight=&#8220;sm&#8220; advanced=&#8220;yes&#8220; media_items=&#8220;media|original&#8220; media_overlay_opacity=&#8220;1&#8243; media_overlay_anim=&#8220;no&#8220; media_text_anim=&#8220;no&#8220; media_overlay_visible=&#8220;yes&#8220; media_image_anim=&#8220;no&#8220; media_v_position=&#8220;bottom&#8220; media_padding=&#8220;2&#8243; media_title_dimension=&#8220;h3&#8243; text_lead=&#8220;yes&#8220; media_title_custom=&#8220;Sauna&#8220;][vc_single_image media=&#8220;4056&#8243; media_width_percent=&#8220;100&#8243; media_ratio=&#8220;four-three&#8220; shadow=&#8220;yes&#8220; shadow_weight=&#8220;sm&#8220; advanced=&#8220;yes&#8220; media_items=&#8220;media|original&#8220; media_overlay_opacity=&#8220;1&#8243; media_overlay_anim=&#8220;no&#8220; media_text_anim=&#8220;no&#8220; media_overlay_visible=&#8220;yes&#8220; media_image_anim=&#8220;no&#8220; media_v_position=&#8220;bottom&#8220; media_padding=&#8220;2&#8243; media_title_dimension=&#8220;h3&#8243; text_lead=&#8220;yes&#8220; media_title_custom=&#8220;Sauna&#8220;][vc_single_image media=&#8220;4040&#8243; media_width_percent=&#8220;100&#8243; media_ratio=&#8220;four-three&#8220; shadow=&#8220;yes&#8220; shadow_weight=&#8220;sm&#8220; advanced=&#8220;yes&#8220; media_items=&#8220;media|original&#8220; media_overlay_opacity=&#8220;1&#8243; media_overlay_anim=&#8220;no&#8220; media_text_anim=&#8220;no&#8220; media_overlay_visible=&#8220;yes&#8220; media_image_anim=&#8220;no&#8220; media_v_position=&#8220;bottom&#8220; media_padding=&#8220;2&#8243; media_title_dimension=&#8220;h3&#8243; text_lead=&#8220;yes&#8220; media_title_custom=&#8220;Sauna&#8220;][vc_single_image media=&#8220;4052&#8243; media_width_percent=&#8220;100&#8243; media_ratio=&#8220;four-three&#8220; shadow=&#8220;yes&#8220; shadow_weight=&#8220;sm&#8220; advanced=&#8220;yes&#8220; media_items=&#8220;media|original&#8220; media_overlay_opacity=&#8220;1&#8243; media_overlay_anim=&#8220;no&#8220; media_text_anim=&#8220;no&#8220; media_overlay_visible=&#8220;yes&#8220; media_image_anim=&#8220;no&#8220; media_v_position=&#8220;bottom&#8220; media_padding=&#8220;2&#8243; media_title_dimension=&#8220;h3&#8243; text_lead=&#8220;yes&#8220; media_title_custom=&#8220;Sauna&#8220;][\/vc_column][vc_column column_width_percent=&#8220;100&#8243; gutter_size=&#8220;2&#8243; overlay_alpha=&#8220;50&#8243; shift_x=&#8220;0&#8243; shift_y=&#8220;0&#8243; shift_y_down=&#8220;0&#8243; z_index=&#8220;0&#8243; medium_width=&#8220;0&#8243; mobile_width=&#8220;0&#8243; width=&#8220;1\/3&#8243;][vc_single_image media=&#8220;4052&#8243; media_width_percent=&#8220;100&#8243; media_ratio=&#8220;four-three&#8220; shadow=&#8220;yes&#8220; shadow_weight=&#8220;sm&#8220; advanced=&#8220;yes&#8220; media_items=&#8220;media|original&#8220; media_overlay_opacity=&#8220;1&#8243; media_overlay_anim=&#8220;no&#8220; media_text_anim=&#8220;no&#8220; media_overlay_visible=&#8220;yes&#8220; media_image_anim=&#8220;no&#8220; media_v_position=&#8220;bottom&#8220; media_padding=&#8220;2&#8243; media_title_dimension=&#8220;h3&#8243; text_lead=&#8220;yes&#8220; media_title_custom=&#8220;Sauna&#8220;][vc_single_image media=&#8220;4064&#8243; media_width_percent=&#8220;100&#8243; media_ratio=&#8220;four-three&#8220; shadow=&#8220;yes&#8220; shadow_weight=&#8220;sm&#8220; advanced=&#8220;yes&#8220; media_items=&#8220;media|original&#8220; media_overlay_opacity=&#8220;1&#8243; media_overlay_anim=&#8220;no&#8220; media_text_anim=&#8220;no&#8220; media_overlay_visible=&#8220;yes&#8220; media_image_anim=&#8220;no&#8220; media_v_position=&#8220;bottom&#8220; media_padding=&#8220;2&#8243; media_title_dimension=&#8220;h3&#8243; text_lead=&#8220;yes&#8220; media_title_custom=&#8220;Sauna&#8220;][vc_single_image media=&#8220;4044&#8243; media_width_percent=&#8220;100&#8243; media_ratio=&#8220;four-three&#8220; shadow=&#8220;yes&#8220; shadow_weight=&#8220;sm&#8220; advanced=&#8220;yes&#8220; media_items=&#8220;media|original&#8220; media_overlay_opacity=&#8220;1&#8243; media_overlay_anim=&#8220;no&#8220; media_text_anim=&#8220;no&#8220; media_overlay_visible=&#8220;yes&#8220; media_image_anim=&#8220;no&#8220; media_v_position=&#8220;bottom&#8220; media_padding=&#8220;2&#8243; media_title_dimension=&#8220;h3&#8243; text_lead=&#8220;yes&#8220; media_title_custom=&#8220;Sauna&#8220;][vc_single_image media=&#8220;4064&#8243; media_width_percent=&#8220;100&#8243; media_ratio=&#8220;four-three&#8220; shadow=&#8220;yes&#8220; shadow_weight=&#8220;sm&#8220; advanced=&#8220;yes&#8220; media_items=&#8220;media|original&#8220; media_overlay_opacity=&#8220;1&#8243; media_overlay_anim=&#8220;no&#8220; media_text_anim=&#8220;no&#8220; media_overlay_visible=&#8220;yes&#8220; media_image_anim=&#8220;no&#8220; media_v_position=&#8220;bottom&#8220; media_padding=&#8220;2&#8243; media_title_dimension=&#8220;h3&#8243; text_lead=&#8220;yes&#8220; media_title_custom=&#8220;Sauna&#8220;][\/vc_column][\/vc_row]<\/p>\n<\/div>","protected":false},"excerpt":{"rendered":"<p>Multifunktionale Kongresszentrum kann sich vollkommen den Bed\u00fcrfnissen der Kunden anpassen und bietet die M\u00f6glichkeit der Organisation von Kongressen, Tagungen, festlichen Empf\u00e4ngen und Banketts.<\/p>\n","protected":false},"author":1,"featured_media":4046,"parent":2321,"menu_order":0,"comment_status":"closed","ping_status":"closed","template":"","meta":{"footnotes":""},"class_list":["post-1042","page","type-page","status-publish","has-post-thumbnail","hentry","page_category-congress-and-weddings-de"],"_links":{"self":[{"href":"https:\/\/zora-hotel.com\/de\/wp-json\/wp\/v2\/pages\/1042","targetHints":{"allow":["GET"]}}],"collection":[{"href":"https:\/\/zora-hotel.com\/de\/wp-json\/wp\/v2\/pages"}],"about":[{"href":"https:\/\/zora-hotel.com\/de\/wp-json\/wp\/v2\/types\/page"}],"author":[{"embeddable":true,"href":"https:\/\/zora-hotel.com\/de\/wp-json\/wp\/v2\/users\/1"}],"replies":[{"embeddable":true,"href":"https:\/\/zora-hotel.com\/de\/wp-json\/wp\/v2\/comments?post=1042"}],"version-history":[{"count":1,"href":"https:\/\/zora-hotel.com\/de\/wp-json\/wp\/v2\/pages\/1042\/revisions"}],"predecessor-version":[{"id":6603,"href":"https:\/\/zora-hotel.com\/de\/wp-json\/wp\/v2\/pages\/1042\/revisions\/6603"}],"up":[{"embeddable":true,"href":"https:\/\/zora-hotel.com\/de\/wp-json\/wp\/v2\/pages\/2321"}],"wp:featuredmedia":[{"embeddable":true,"href":"https:\/\/zora-hotel.com\/de\/wp-json\/wp\/v2\/media\/4046"}],"wp:attachment":[{"href":"https:\/\/zora-hotel.com\/de\/wp-json\/wp\/v2\/media?parent=1042"}],"curies":[{"name":"wp","href":"https:\/\/api.w.org\/{rel}","templated":true}]}}