{"id":1020,"date":"2021-02-26T13:35:48","date_gmt":"2021-02-26T13:35:48","guid":{"rendered":"https:\/\/zora-hotel.com\/sports\/"},"modified":"2025-08-14T11:54:31","modified_gmt":"2025-08-14T09:54:31","slug":"sport","status":"publish","type":"page","link":"https:\/\/zora-hotel.com\/de\/freizeitaktivitaeten\/sport\/","title":{"rendered":"Sport"},"content":{"rendered":"<div class=\"wpb-content-wrapper\"><p>[vc_row row_height_percent=&#8220;0&#8243; override_padding=&#8220;yes&#8220; h_padding=&#8220;2&#8243; top_padding=&#8220;3&#8243; bottom_padding=&#8220;2&#8243; overlay_alpha=&#8220;50&#8243; gutter_size=&#8220;3&#8243; column_width_percent=&#8220;100&#8243; shift_y=&#8220;0&#8243; z_index=&#8220;0&#8243;][vc_column column_width_use_pixel=&#8220;yes&#8220; position_horizontal=&#8220;left&#8220; gutter_size=&#8220;3&#8243; back_color=&#8220;color-207971&#8243; overlay_alpha=&#8220;50&#8243; border_color=&#8220;color-platinum&#8220; border_style=&#8220;solid&#8220; shift_x=&#8220;0&#8243; shift_y=&#8220;0&#8243; shift_y_down=&#8220;0&#8243; z_index=&#8220;0&#8243; medium_width=&#8220;0&#8243; mobile_width=&#8220;0&#8243; radius=&#8220;xs&#8220; width=&#8220;1\/1&#8243; column_width_pixel=&#8220;900&#8243; css=&#8220;.vc_custom_1615543737567{border-left-width: 3px !important;}&#8220;][uncode_breadcrumbs text_lead=&#8220;small&#8220;][vc_custom_heading heading_semantic=&#8220;h3&#8243; text_size=&#8220;h1&#8243; text_weight=&#8220;700&#8243;]Sport &amp; Unterhaltung[\/vc_custom_heading][vc_column_text uncode_shortcode_id=&#8220;235045&#8243;]Die ideale Lage der Hotelinhalte auf der Halbinsel Radu\u010da im Schatten des Kieferwaldes bietet zahlreiche M\u00f6glichkeiten f\u00fcr sportliche Aktivit\u00e4ten und Rekreation.[\/vc_column_text][uncode_list icon=&#8220;fa fa-check&#8220; uncode_shortcode_id=&#8220;835616&#8243;]<\/p>\n<ul>\n<li>3 erdene Tennispl\u00e4tze<\/li>\n<li>ein Multifunktionsplatz f\u00fcr Basketball und Fu\u00dfball<\/li>\n<li>Beach Volleyball<\/li>\n<li>Mini Golf<\/li>\n<li>Boccia<\/li>\n<li>Tretbootverleih<\/li>\n<li>Wassersport (Jet Ski, Bannana Boat, Paragleiten, u. a.)<\/li>\n<li>Wasserpark<\/li>\n<li>ein Tauchzentrum<\/li>\n<\/ul>\n<p>[\/uncode_list][vc_column_text]Besonders hervorheben m\u00f6chten wir das Angebot des Tauchzentrums, der sowohl Tauchkurse als auch Discoveri \u2013 Programme und Bootsausfl\u00fcge mit Tauchen anbietet.[\/vc_column_text][vc_button button_color=&#8220;color-old-lavender&#8220; shadow=&#8220;yes&#8220; shadow_weight=&#8220;sm&#8220; border_width=&#8220;0&#8243; link=&#8220;url:https%3A%2F%2Fpongo.hr%2F|target:_blank&#8220;]Webseite[\/vc_button][\/vc_column][\/vc_row][vc_row row_height_percent=&#8220;0&#8243; override_padding=&#8220;yes&#8220; h_padding=&#8220;2&#8243; top_padding=&#8220;2&#8243; bottom_padding=&#8220;4&#8243; overlay_alpha=&#8220;50&#8243; equal_height=&#8220;yes&#8220; gutter_size=&#8220;2&#8243; column_width_percent=&#8220;100&#8243; shift_y=&#8220;0&#8243; z_index=&#8220;0&#8243; top_divider=&#8220;ray-opacity&#8220;][vc_column column_width_percent=&#8220;100&#8243; gutter_size=&#8220;2&#8243; overlay_alpha=&#8220;50&#8243; shift_x=&#8220;0&#8243; shift_y=&#8220;0&#8243; shift_y_down=&#8220;0&#8243; z_index=&#8220;0&#8243; medium_width=&#8220;0&#8243; mobile_width=&#8220;0&#8243; width=&#8220;1\/3&#8243;][vc_single_image media=&#8220;664&#8243; media_width_percent=&#8220;100&#8243; media_ratio=&#8220;four-three&#8220; shadow=&#8220;yes&#8220; shadow_weight=&#8220;sm&#8220; advanced=&#8220;yes&#8220; media_items=&#8220;media|original&#8220; media_overlay_opacity=&#8220;1&#8243; media_overlay_visible=&#8220;yes&#8220; media_overlay_anim=&#8220;no&#8220; media_text_anim=&#8220;no&#8220; media_image_anim=&#8220;no&#8220; media_v_position=&#8220;bottom&#8220; media_padding=&#8220;2&#8243; media_title_dimension=&#8220;h3&#8243; text_lead=&#8220;yes&#8220; media_title_custom=&#8220;Sauna&#8220;][vc_single_image media=&#8220;2740&#8243; media_width_percent=&#8220;100&#8243; media_ratio=&#8220;four-three&#8220; shadow=&#8220;yes&#8220; shadow_weight=&#8220;sm&#8220; advanced=&#8220;yes&#8220; media_items=&#8220;media|original&#8220; media_overlay_opacity=&#8220;1&#8243; media_overlay_visible=&#8220;yes&#8220; media_overlay_anim=&#8220;no&#8220; media_text_anim=&#8220;no&#8220; media_image_anim=&#8220;no&#8220; media_v_position=&#8220;bottom&#8220; media_padding=&#8220;2&#8243; media_title_dimension=&#8220;h3&#8243; text_lead=&#8220;yes&#8220; media_title_custom=&#8220;Sauna&#8220;][\/vc_column][vc_column column_width_percent=&#8220;100&#8243; gutter_size=&#8220;2&#8243; overlay_alpha=&#8220;50&#8243; shift_x=&#8220;0&#8243; shift_y=&#8220;0&#8243; shift_y_down=&#8220;0&#8243; z_index=&#8220;0&#8243; medium_width=&#8220;0&#8243; mobile_width=&#8220;0&#8243; width=&#8220;1\/3&#8243;][vc_single_image media=&#8220;2756&#8243; media_width_percent=&#8220;100&#8243; media_ratio=&#8220;four-three&#8220; shadow=&#8220;yes&#8220; shadow_weight=&#8220;sm&#8220; advanced=&#8220;yes&#8220; media_items=&#8220;media|original&#8220; media_overlay_opacity=&#8220;1&#8243; media_overlay_visible=&#8220;yes&#8220; media_overlay_anim=&#8220;no&#8220; media_text_anim=&#8220;no&#8220; media_image_anim=&#8220;no&#8220; media_v_position=&#8220;bottom&#8220; media_padding=&#8220;2&#8243; media_title_dimension=&#8220;h3&#8243; text_lead=&#8220;yes&#8220; media_title_custom=&#8220;Sauna&#8220;][\/vc_column][vc_column column_width_percent=&#8220;100&#8243; gutter_size=&#8220;2&#8243; overlay_alpha=&#8220;50&#8243; shift_x=&#8220;0&#8243; shift_y=&#8220;0&#8243; shift_y_down=&#8220;0&#8243; z_index=&#8220;0&#8243; medium_width=&#8220;0&#8243; mobile_width=&#8220;0&#8243; width=&#8220;1\/3&#8243;][vc_single_image media=&#8220;628&#8243; media_width_percent=&#8220;100&#8243; media_ratio=&#8220;four-three&#8220; shadow=&#8220;yes&#8220; shadow_weight=&#8220;sm&#8220; advanced=&#8220;yes&#8220; media_items=&#8220;media|original&#8220; media_overlay_opacity=&#8220;1&#8243; media_overlay_visible=&#8220;yes&#8220; media_overlay_anim=&#8220;no&#8220; media_text_anim=&#8220;no&#8220; media_image_anim=&#8220;no&#8220; media_v_position=&#8220;bottom&#8220; media_padding=&#8220;2&#8243; media_title_dimension=&#8220;h3&#8243; text_lead=&#8220;yes&#8220; media_title_custom=&#8220;Sauna&#8220;][\/vc_column][\/vc_row]<\/p>\n<\/div>","protected":false},"excerpt":{"rendered":"<p>[vc_row row_height_percent=&#8220;0&#8243; override_padding=&#8220;yes&#8220; h_padding=&#8220;2&#8243; top_padding=&#8220;3&#8243; bottom_padding=&#8220;2&#8243; overlay_alpha=&#8220;50&#8243; gutter_size=&#8220;3&#8243; column_width_percent=&#8220;100&#8243; shift_y=&#8220;0&#8243; z_index=&#8220;0&#8243;][vc_column column_width_use_pixel=&#8220;yes&#8220; position_horizontal=&#8220;left&#8220; gutter_size=&#8220;3&#8243; back_color=&#8220;color-207971&#8243; overlay_alpha=&#8220;50&#8243; border_color=&#8220;color-platinum&#8220; border_style=&#8220;solid&#8220; shift_x=&#8220;0&#8243; shift_y=&#8220;0&#8243; [&hellip;]<\/p>\n","protected":false},"author":1,"featured_media":2832,"parent":2313,"menu_order":0,"comment_status":"closed","ping_status":"closed","template":"","meta":{"footnotes":""},"class_list":["post-1020","page","type-page","status-publish","has-post-thumbnail","hentry","page_category-leisure-de"],"_links":{"self":[{"href":"https:\/\/zora-hotel.com\/de\/wp-json\/wp\/v2\/pages\/1020","targetHints":{"allow":["GET"]}}],"collection":[{"href":"https:\/\/zora-hotel.com\/de\/wp-json\/wp\/v2\/pages"}],"about":[{"href":"https:\/\/zora-hotel.com\/de\/wp-json\/wp\/v2\/types\/page"}],"author":[{"embeddable":true,"href":"https:\/\/zora-hotel.com\/de\/wp-json\/wp\/v2\/users\/1"}],"replies":[{"embeddable":true,"href":"https:\/\/zora-hotel.com\/de\/wp-json\/wp\/v2\/comments?post=1020"}],"version-history":[{"count":4,"href":"https:\/\/zora-hotel.com\/de\/wp-json\/wp\/v2\/pages\/1020\/revisions"}],"predecessor-version":[{"id":6508,"href":"https:\/\/zora-hotel.com\/de\/wp-json\/wp\/v2\/pages\/1020\/revisions\/6508"}],"up":[{"embeddable":true,"href":"https:\/\/zora-hotel.com\/de\/wp-json\/wp\/v2\/pages\/2313"}],"wp:featuredmedia":[{"embeddable":true,"href":"https:\/\/zora-hotel.com\/de\/wp-json\/wp\/v2\/media\/2832"}],"wp:attachment":[{"href":"https:\/\/zora-hotel.com\/de\/wp-json\/wp\/v2\/media?parent=1020"}],"curies":[{"name":"wp","href":"https:\/\/api.w.org\/{rel}","templated":true}]}}